{"id":83829,"date":"2025-08-20T13:39:52","date_gmt":"2025-08-20T11:39:52","guid":{"rendered":"https:\/\/astermas.valordeley.es\/?page_id=83829"},"modified":"2025-08-26T11:09:44","modified_gmt":"2025-08-26T09:09:44","slug":"eventos","status":"publish","type":"page","link":"https:\/\/ccastermas.valordeley.es\/gl\/eventos\/","title":{"rendered":"Agenda"},"content":{"rendered":"\t\t<div data-elementor-type=\"wp-page\" data-elementor-id=\"83829\" class=\"elementor elementor-83829 elementor-77001\">\n\t\t\t\t\t\t<section class=\"elementor-section elementor-top-section elementor-element elementor-element-2c23f78 elementor-section-height-min-height elementor-hidden-mobile elementor-hidden-tablet elementor-section-boxed elementor-section-height-default elementor-section-items-middle\" data-id=\"2c23f78\" data-element_type=\"section\" data-settings=\"{&quot;background_background&quot;:&quot;classic&quot;}\">\n\t\t\t\t\t\t<div class=\"elementor-container elementor-column-gap-default\">\n\t\t\t\t\t<div class=\" elementor-column elementor-col-100 elementor-top-column elementor-element elementor-element-17ad548\" data-fullscreen-column-settings=\"{&quot;fullscreen&quot;:&quot;&quot;}\" data-id=\"17ad548\" data-element_type=\"column\">\n\t\t\t<div class=\"elementor-widget-wrap\">\n\t\t\t\t\t\t\t<\/div>\n\t\t<\/div>\n\t\t\t\t\t<\/div>\n\t\t<\/section>\n\t\t<div class=\"elementor-element elementor-element-9a85b75 e-flex e-con-boxed e-con e-parent\" data-id=\"9a85b75\" data-element_type=\"container\" data-settings=\"{&quot;background_background&quot;:&quot;classic&quot;}\">\n\t\t\t\t\t<div class=\"e-con-inner\">\n\t\t<div class=\"elementor-element elementor-element-fdf80e4 e-con-full e-flex e-con e-child\" data-id=\"fdf80e4\" data-element_type=\"container\">\n\t\t\t\t<div class=\"elementor-element elementor-element-fb2feb3 elementor-widget elementor-widget-heading\" data-id=\"fb2feb3\" data-element_type=\"widget\" data-widget_type=\"heading.default\">\n\t\t\t\t<div class=\"elementor-widget-container\">\n\t\t\t\t\t<h1 class=\"elementor-heading-title elementor-size-default\">Axenda<\/h1>\t\t\t\t<\/div>\n\t\t\t\t<\/div>\n\t\t\t\t<\/div>\n\t\t\t\t\t<\/div>\n\t\t\t\t<\/div>\n\t\t\t\t<section class=\"elementor-section elementor-top-section elementor-element elementor-element-fb39c9b elementor-section-content-middle elementor-section-boxed elementor-section-height-default elementor-section-height-default\" data-id=\"fb39c9b\" data-element_type=\"section\" data-settings=\"{&quot;background_background&quot;:&quot;classic&quot;}\">\n\t\t\t\t\t\t<div class=\"elementor-container elementor-column-gap-default\">\n\t\t\t\t\t<div class=\" elementor-column elementor-col-50 elementor-top-column elementor-element elementor-element-8c5abb3\" data-fullscreen-column-settings=\"{&quot;fullscreen&quot;:&quot;&quot;}\" data-id=\"8c5abb3\" data-element_type=\"column\">\n\t\t\t<div class=\"elementor-widget-wrap elementor-element-populated\">\n\t\t\t\t\t\t<div class=\"elementor-element elementor-element-4c35829 elementor-widget elementor-widget-text-editor\" data-id=\"4c35829\" data-element_type=\"widget\" data-widget_type=\"text-editor.default\">\n\t\t\t\t<div class=\"elementor-widget-container\">\n\t\t\t\t\t\t\t\t\t<p>\u00a1<strong>Vive momentos inesquecibles<\/strong> cos nosos eventos e actividades especiais!<\/p><p><strong>No noso centro comercial, sempre hai algo emocionante para ti.<\/strong> Participa en sorteos exclusivos, goza das nosas celebraci\u00f3ns tem\u00e1ticas ou merg\u00fallate na diversi\u00f3n dos eventos familiares. Garant\u00edmosche entretemento para todas as idades.<br \/>\u00a1Atento \u00e1 nosa axenda para que non perdas as nosas pr\u00f3ximas actividades!<\/p>\t\t\t\t\t\t\t\t<\/div>\n\t\t\t\t<\/div>\n\t\t\t\t\t<\/div>\n\t\t<\/div>\n\t\t\t\t<div class=\" elementor-column elementor-col-50 elementor-top-column elementor-element elementor-element-b66d176 elementor-invisible\" data-fullscreen-column-settings=\"{&quot;fullscreen&quot;:&quot;&quot;}\" data-id=\"b66d176\" data-element_type=\"column\" data-settings=\"{&quot;animation&quot;:&quot;fadeIn&quot;,&quot;animation_delay&quot;:200}\">\n\t\t\t<div class=\"elementor-widget-wrap elementor-element-populated\">\n\t\t\t\t\t\t<div class=\"elementor-element elementor-element-0ab9d37 elementor-widget elementor-widget-image\" data-id=\"0ab9d37\" data-element_type=\"widget\" data-widget_type=\"image.default\">\n\t\t\t\t<div class=\"elementor-widget-container\">\n\t\t\t\t\t\t\t\t\t\t\t\t\t\t\t<img fetchpriority=\"high\" decoding=\"async\" width=\"683\" height=\"273\" src=\"https:\/\/ccastermas.valordeley.es\/wp-content\/uploads\/2024\/10\/agenda.png\" class=\"attachment-full size-full wp-image-85107\" alt=\"\" srcset=\"https:\/\/ccastermas.valordeley.es\/wp-content\/uploads\/2024\/10\/agenda.png 683w, https:\/\/ccastermas.valordeley.es\/wp-content\/uploads\/2024\/10\/agenda-200x80.png 200w\" sizes=\"(max-width: 683px) 100vw, 683px\" \/>\t\t\t\t\t\t\t\t\t\t\t\t\t\t\t<\/div>\n\t\t\t\t<\/div>\n\t\t\t\t\t<\/div>\n\t\t<\/div>\n\t\t\t\t\t<\/div>\n\t\t<\/section>\n\t\t\t\t<section class=\"elementor-section elementor-top-section elementor-element elementor-element-ebc91fd elementor-section-boxed elementor-section-height-default elementor-section-height-default\" data-id=\"ebc91fd\" data-element_type=\"section\">\n\t\t\t\t\t\t<div class=\"elementor-container elementor-column-gap-default\">\n\t\t\t\t\t<div class=\" elementor-column elementor-col-100 elementor-top-column elementor-element elementor-element-712fa57\" data-fullscreen-column-settings=\"{&quot;fullscreen&quot;:&quot;&quot;}\" data-id=\"712fa57\" data-element_type=\"column\">\n\t\t\t<div class=\"elementor-widget-wrap elementor-element-populated\">\n\t\t\t\t\t\t<div class=\"elementor-element elementor-element-3a7b758 elementor-widget elementor-widget-shortcode\" data-id=\"3a7b758\" data-element_type=\"widget\" data-widget_type=\"shortcode.default\">\n\t\t\t\t<div class=\"elementor-widget-container\">\n\t\t\t\t\t\t\t<div class=\"elementor-shortcode\"><div class=\"agenda-imagenes\"><div class=\"swiper-container\" style=\"overflow: hidden;\">\n    <div class=\"swiper-wrapper\">\n                    <div class=\"swiper-slide\" style=\"background: url('https:\/\/ccastermas.valordeley.es\/wp-content\/uploads\/2025\/08\/3.3.CCAsTermas_Ludoteca_3Trimestre25_EventoWebGAL_800x800.jpg') no-repeat center center; background-size: cover;\">\n                <div class=\"front\">\n                    <h3 class=\"title\">Ludoteca As Termas<\/h3>\n                <\/div>\n                <div class=\"back\">\n                    <p class=\"content\">Ola Familia! Gustar\u00edache facer as t\u00faas compras tranquilamente mentres as t\u00faas peques div\u00edrtense e aprenden? Claro que si.<\/p>\n                    <a href=\"https:\/\/ccastermas.valordeley.es\/gl\/evento\/ludoteca-as-termas\/\" class=\"btn\" style=\"color:#202020!important\">Ver m\u00e1is<\/a>\n                <\/div>\n            <\/div>\n                    <div class=\"swiper-slide\" style=\"background: url('https:\/\/ccastermas.valordeley.es\/wp-content\/uploads\/2025\/08\/CCAstermas_DescargalaAPP_Digitales_800x800-1.jpg') no-repeat center center; background-size: cover;\">\n                <div class=\"front\">\n                    <h3 class=\"title\">DESCARGA A APLICACI\u00d3N<\/h3>\n                <\/div>\n                <div class=\"back\">\n                    <p class=\"content\">Disfr\u00fatao, queremos facelo todo un pouco mellor. Co cambio de ano cambiamos a APP para que ser Enjoyable sexa a\u00ednda m\u00e1is c\u00f3modo e sinxelo.<\/p>\n                    <a href=\"https:\/\/ccastermas.valordeley.es\/gl\/evento\/descarga-a-aplicacion\/\" class=\"btn\" style=\"color:#202020!important\">Ver m\u00e1is<\/a>\n                <\/div>\n            <\/div>\n                    <div class=\"swiper-slide\" style=\"background: url('https:\/\/ccastermas.valordeley.es\/wp-content\/uploads\/2025\/08\/AsTermas_AdaptacionesGallego_Club_800x800.jpg') no-repeat center center; background-size: cover;\">\n                <div class=\"front\">\n                    <h3 class=\"title\">Club dos Disfrutones<\/h3>\n                <\/div>\n                <div class=\"back\">\n                    <p class=\"content\">Porque ti e soamente ti es o que nos move a po\u00f1er en marcha O Club dos Disfrutones de\u00a0 As Termas. Un club onde temos unha norma inquebrantable: aqu\u00ed vi\u00f1emos a gozar. Ou mellor devandito, a GOZAR, con mai\u00fasculas.<\/p>\n                    <a href=\"https:\/\/ccastermas.valordeley.es\/gl\/evento\/club-dos-disfrutones\/\" class=\"btn\" style=\"color:#202020!important\">Ver m\u00e1is<\/a>\n                <\/div>\n            <\/div>\n            <\/div>\n    <div class=\"swiper-pagination\"><\/div>\n<\/div>\n\n<script>\n    document.addEventListener('DOMContentLoaded', function() {\n        var swiper = new Swiper('.swiper-container', {\n            slidesPerView: 1,\n            spaceBetween: 20,\n            loop: false,\n            pagination: {\n                el: '.swiper-pagination',\n                type: 'bullets',\n            },\n            breakpoints: {\n                1200: {\n                    slidesPerView: 3,\n                    spaceBetween: 40,\n                },\n            }\n        });\n    });\n<\/script>\n<\/div><\/div>\n\t\t\t\t\t\t<\/div>\n\t\t\t\t<\/div>\n\t\t\t\t\t<\/div>\n\t\t<\/div>\n\t\t\t\t\t<\/div>\n\t\t<\/section>\n\t\t\t\t<\/div>\n\t\t","protected":false},"excerpt":{"rendered":"<p>Axenda \u00a1Vive momentos inesquecibles cos nosos eventos e actividades especiais! No noso centro comercial, sempre hai algo emocionante para ti. Participa en sorteos exclusivos, goza das nosas celebraci\u00f3ns tem\u00e1ticas ou merg\u00fallate na diversi\u00f3n dos eventos familiares. Garant\u00edmosche entretemento para todas as idades.\u00a1Atento \u00e1 nosa axenda para que non perdas as nosas pr\u00f3ximas actividades!<\/p>\n","protected":false},"author":6,"featured_media":0,"parent":0,"menu_order":233,"comment_status":"closed","ping_status":"closed","template":"","meta":{"footnotes":""},"class_list":["post-83829","page","type-page","status-publish","hentry"],"yoast_head":"<!-- This site is optimized with the Yoast SEO plugin v25.4 - https:\/\/yoast.com\/wordpress\/plugins\/seo\/ -->\n<title>Eventos Lugo | Centro Comercial As Termas<\/title>\n<meta name=\"description\" content=\"Sabes que As Termas \u00e9 moito m\u00e1is que un centro comercial? B\u00f3talle un ollo aos nosos eventos e prep\u00e1rate para un gran d\u00eda. Agardaremos por ti!\" \/>\n<meta name=\"robots\" content=\"noindex, follow, max-snippet:-1, max-image-preview:large, max-video-preview:-1\" \/>\n<meta property=\"og:locale\" content=\"gl_ES\" \/>\n<meta property=\"og:type\" content=\"article\" \/>\n<meta property=\"og:title\" content=\"Eventos Lugo | Centro Comercial As Termas\" \/>\n<meta property=\"og:description\" content=\"Sabes que As Termas \u00e9 moito m\u00e1is que un centro comercial? B\u00f3talle un ollo aos nosos eventos e prep\u00e1rate para un gran d\u00eda. Agardaremos por ti!\" \/>\n<meta property=\"og:url\" content=\"https:\/\/ccastermas.valordeley.es\/gl\/eventos\/\" \/>\n<meta property=\"og:site_name\" content=\"Centro Comercial As Termas\" \/>\n<meta property=\"article:modified_time\" content=\"2025-08-26T09:09:44+00:00\" \/>\n<meta property=\"og:image\" content=\"https:\/\/ccastermas.valordeley.es\/wp-content\/uploads\/2024\/10\/agenda.png\" \/>\n\t<meta property=\"og:image:width\" content=\"683\" \/>\n\t<meta property=\"og:image:height\" content=\"273\" \/>\n\t<meta property=\"og:image:type\" content=\"image\/png\" \/>\n<meta name=\"twitter:card\" content=\"summary_large_image\" \/>\n<meta name=\"twitter:label1\" content=\"Tempo de lectura\" \/>\n\t<meta name=\"twitter:data1\" content=\"1 minuto\" \/>\n<script type=\"application\/ld+json\" class=\"yoast-schema-graph\">{\"@context\":\"https:\/\/schema.org\",\"@graph\":[{\"@type\":\"WebPage\",\"@id\":\"https:\/\/ccastermas.valordeley.es\/gl\/eventos\/\",\"url\":\"https:\/\/ccastermas.valordeley.es\/gl\/eventos\/\",\"name\":\"Eventos Lugo | Centro Comercial As Termas\",\"isPartOf\":{\"@id\":\"https:\/\/ccastermas.valordeley.es\/gl\/#website\"},\"primaryImageOfPage\":{\"@id\":\"https:\/\/ccastermas.valordeley.es\/gl\/eventos\/#primaryimage\"},\"image\":{\"@id\":\"https:\/\/ccastermas.valordeley.es\/gl\/eventos\/#primaryimage\"},\"thumbnailUrl\":\"https:\/\/ccastermas.valordeley.es\/wp-content\/uploads\/2024\/10\/agenda.png\",\"datePublished\":\"2025-08-20T11:39:52+00:00\",\"dateModified\":\"2025-08-26T09:09:44+00:00\",\"description\":\"Sabes que As Termas \u00e9 moito m\u00e1is que un centro comercial? B\u00f3talle un ollo aos nosos eventos e prep\u00e1rate para un gran d\u00eda. Agardaremos por ti!\",\"breadcrumb\":{\"@id\":\"https:\/\/ccastermas.valordeley.es\/gl\/eventos\/#breadcrumb\"},\"inLanguage\":\"gl-ES\",\"potentialAction\":[{\"@type\":\"ReadAction\",\"target\":[\"https:\/\/ccastermas.valordeley.es\/gl\/eventos\/\"]}]},{\"@type\":\"ImageObject\",\"inLanguage\":\"gl-ES\",\"@id\":\"https:\/\/ccastermas.valordeley.es\/gl\/eventos\/#primaryimage\",\"url\":\"https:\/\/ccastermas.valordeley.es\/wp-content\/uploads\/2024\/10\/agenda.png\",\"contentUrl\":\"https:\/\/ccastermas.valordeley.es\/wp-content\/uploads\/2024\/10\/agenda.png\"},{\"@type\":\"BreadcrumbList\",\"@id\":\"https:\/\/ccastermas.valordeley.es\/gl\/eventos\/#breadcrumb\",\"itemListElement\":[{\"@type\":\"ListItem\",\"position\":1,\"name\":\"Portada\",\"item\":\"https:\/\/ccastermas.valordeley.es\/gl\/\"},{\"@type\":\"ListItem\",\"position\":2,\"name\":\"Agenda\"}]},{\"@type\":\"WebSite\",\"@id\":\"https:\/\/ccastermas.valordeley.es\/gl\/#website\",\"url\":\"https:\/\/ccastermas.valordeley.es\/gl\/\",\"name\":\"Centro Comercial As Termas\",\"description\":\"Centro Comercial As Termas: Tu Centro Comercial en Lugo\",\"publisher\":{\"@id\":\"https:\/\/ccastermas.valordeley.es\/gl\/#organization\"},\"potentialAction\":[{\"@type\":\"SearchAction\",\"target\":{\"@type\":\"EntryPoint\",\"urlTemplate\":\"https:\/\/ccastermas.valordeley.es\/gl\/?s={search_term_string}\"},\"query-input\":{\"@type\":\"PropertyValueSpecification\",\"valueRequired\":true,\"valueName\":\"search_term_string\"}}],\"inLanguage\":\"gl-ES\"},{\"@type\":\"Organization\",\"@id\":\"https:\/\/ccastermas.valordeley.es\/gl\/#organization\",\"name\":\"As Termas\",\"alternateName\":\"Centro Comercial As Termas\",\"url\":\"https:\/\/ccastermas.valordeley.es\/gl\/\",\"logo\":{\"@type\":\"ImageObject\",\"inLanguage\":\"gl-ES\",\"@id\":\"https:\/\/ccastermas.valordeley.es\/gl\/#\/schema\/logo\/image\/\",\"url\":\"https:\/\/ccastermas.valordeley.es\/wp-content\/uploads\/2024\/10\/cropped-favicon-portal-de-la-marina.jpg\",\"contentUrl\":\"https:\/\/ccastermas.valordeley.es\/wp-content\/uploads\/2024\/10\/cropped-favicon-portal-de-la-marina.jpg\",\"width\":512,\"height\":512,\"caption\":\"As Termas\"},\"image\":{\"@id\":\"https:\/\/ccastermas.valordeley.es\/gl\/#\/schema\/logo\/image\/\"}}]}<\/script>\n<!-- \/ Yoast SEO plugin. -->","yoast_head_json":{"title":"Eventos Lugo | Centro Comercial As Termas","description":"Sabes que As Termas \u00e9 moito m\u00e1is que un centro comercial? B\u00f3talle un ollo aos nosos eventos e prep\u00e1rate para un gran d\u00eda. Agardaremos por ti!","robots":{"index":"noindex","follow":"follow","max-snippet":"max-snippet:-1","max-image-preview":"max-image-preview:large","max-video-preview":"max-video-preview:-1"},"og_locale":"gl_ES","og_type":"article","og_title":"Eventos Lugo | Centro Comercial As Termas","og_description":"Sabes que As Termas \u00e9 moito m\u00e1is que un centro comercial? B\u00f3talle un ollo aos nosos eventos e prep\u00e1rate para un gran d\u00eda. Agardaremos por ti!","og_url":"https:\/\/ccastermas.valordeley.es\/gl\/eventos\/","og_site_name":"Centro Comercial As Termas","article_modified_time":"2025-08-26T09:09:44+00:00","og_image":[{"width":683,"height":273,"url":"https:\/\/ccastermas.valordeley.es\/wp-content\/uploads\/2024\/10\/agenda.png","type":"image\/png"}],"twitter_card":"summary_large_image","twitter_misc":{"Tempo de lectura":"1 minuto"},"schema":{"@context":"https:\/\/schema.org","@graph":[{"@type":"WebPage","@id":"https:\/\/ccastermas.valordeley.es\/gl\/eventos\/","url":"https:\/\/ccastermas.valordeley.es\/gl\/eventos\/","name":"Eventos Lugo | Centro Comercial As Termas","isPartOf":{"@id":"https:\/\/ccastermas.valordeley.es\/gl\/#website"},"primaryImageOfPage":{"@id":"https:\/\/ccastermas.valordeley.es\/gl\/eventos\/#primaryimage"},"image":{"@id":"https:\/\/ccastermas.valordeley.es\/gl\/eventos\/#primaryimage"},"thumbnailUrl":"https:\/\/ccastermas.valordeley.es\/wp-content\/uploads\/2024\/10\/agenda.png","datePublished":"2025-08-20T11:39:52+00:00","dateModified":"2025-08-26T09:09:44+00:00","description":"Sabes que As Termas \u00e9 moito m\u00e1is que un centro comercial? B\u00f3talle un ollo aos nosos eventos e prep\u00e1rate para un gran d\u00eda. Agardaremos por ti!","breadcrumb":{"@id":"https:\/\/ccastermas.valordeley.es\/gl\/eventos\/#breadcrumb"},"inLanguage":"gl-ES","potentialAction":[{"@type":"ReadAction","target":["https:\/\/ccastermas.valordeley.es\/gl\/eventos\/"]}]},{"@type":"ImageObject","inLanguage":"gl-ES","@id":"https:\/\/ccastermas.valordeley.es\/gl\/eventos\/#primaryimage","url":"https:\/\/ccastermas.valordeley.es\/wp-content\/uploads\/2024\/10\/agenda.png","contentUrl":"https:\/\/ccastermas.valordeley.es\/wp-content\/uploads\/2024\/10\/agenda.png"},{"@type":"BreadcrumbList","@id":"https:\/\/ccastermas.valordeley.es\/gl\/eventos\/#breadcrumb","itemListElement":[{"@type":"ListItem","position":1,"name":"Portada","item":"https:\/\/ccastermas.valordeley.es\/gl\/"},{"@type":"ListItem","position":2,"name":"Agenda"}]},{"@type":"WebSite","@id":"https:\/\/ccastermas.valordeley.es\/gl\/#website","url":"https:\/\/ccastermas.valordeley.es\/gl\/","name":"Centro Comercial As Termas","description":"Centro Comercial As Termas: Tu Centro Comercial en Lugo","publisher":{"@id":"https:\/\/ccastermas.valordeley.es\/gl\/#organization"},"potentialAction":[{"@type":"SearchAction","target":{"@type":"EntryPoint","urlTemplate":"https:\/\/ccastermas.valordeley.es\/gl\/?s={search_term_string}"},"query-input":{"@type":"PropertyValueSpecification","valueRequired":true,"valueName":"search_term_string"}}],"inLanguage":"gl-ES"},{"@type":"Organization","@id":"https:\/\/ccastermas.valordeley.es\/gl\/#organization","name":"As Termas","alternateName":"Centro Comercial As Termas","url":"https:\/\/ccastermas.valordeley.es\/gl\/","logo":{"@type":"ImageObject","inLanguage":"gl-ES","@id":"https:\/\/ccastermas.valordeley.es\/gl\/#\/schema\/logo\/image\/","url":"https:\/\/ccastermas.valordeley.es\/wp-content\/uploads\/2024\/10\/cropped-favicon-portal-de-la-marina.jpg","contentUrl":"https:\/\/ccastermas.valordeley.es\/wp-content\/uploads\/2024\/10\/cropped-favicon-portal-de-la-marina.jpg","width":512,"height":512,"caption":"As Termas"},"image":{"@id":"https:\/\/ccastermas.valordeley.es\/gl\/#\/schema\/logo\/image\/"}}]}},"publishpress_future_action":{"enabled":false,"date":"2026-04-22 19:38:16","action":"change-status","newStatus":"draft","terms":[],"taxonomy":"translation_priority"},"publishpress_future_workflow_manual_trigger":{"enabledWorkflows":[]},"_links":{"self":[{"href":"https:\/\/ccastermas.valordeley.es\/gl\/wp-json\/wp\/v2\/pages\/83829","targetHints":{"allow":["GET"]}}],"collection":[{"href":"https:\/\/ccastermas.valordeley.es\/gl\/wp-json\/wp\/v2\/pages"}],"about":[{"href":"https:\/\/ccastermas.valordeley.es\/gl\/wp-json\/wp\/v2\/types\/page"}],"author":[{"embeddable":true,"href":"https:\/\/ccastermas.valordeley.es\/gl\/wp-json\/wp\/v2\/users\/6"}],"replies":[{"embeddable":true,"href":"https:\/\/ccastermas.valordeley.es\/gl\/wp-json\/wp\/v2\/comments?post=83829"}],"version-history":[{"count":5,"href":"https:\/\/ccastermas.valordeley.es\/gl\/wp-json\/wp\/v2\/pages\/83829\/revisions"}],"predecessor-version":[{"id":85113,"href":"https:\/\/ccastermas.valordeley.es\/gl\/wp-json\/wp\/v2\/pages\/83829\/revisions\/85113"}],"wp:attachment":[{"href":"https:\/\/ccastermas.valordeley.es\/gl\/wp-json\/wp\/v2\/media?parent=83829"}],"curies":[{"name":"wp","href":"https:\/\/api.w.org\/{rel}","templated":true}]}}