{"id":83831,"date":"2025-08-20T13:42:00","date_gmt":"2025-08-20T11:42:00","guid":{"rendered":"https:\/\/astermas.valordeley.es\/?page_id=83831"},"modified":"2025-08-25T09:48:22","modified_gmt":"2025-08-25T07:48:22","slug":"servizos","status":"publish","type":"page","link":"https:\/\/ccastermas.valordeley.es\/gl\/servizos\/","title":{"rendered":"SERVIZOS"},"content":{"rendered":"","protected":false},"excerpt":{"rendered":"","protected":false},"author":6,"featured_media":1921,"parent":0,"menu_order":0,"comment_status":"closed","ping_status":"closed","template":"page-servicios.php","meta":{"footnotes":""},"class_list":["post-83831","page","type-page","status-publish","has-post-thumbnail","hentry"],"yoast_head":"<!-- This site is optimized with the Yoast SEO plugin v25.4 - https:\/\/yoast.com\/wordpress\/plugins\/seo\/ -->\n<title>Servicios | Centro Comercial Portal de la Marina<\/title>\n<meta name=\"description\" content=\"Aqu\u00ed encontrar\u00e1s el listado de todas las tiendas que tenemos en Portal de la Marina en Ondara, Alicante. Calzedonia, Lidel, D\u00e9cimas,... \u00a1Te esperamos!\" \/>\n<meta name=\"robots\" content=\"noindex, follow, max-snippet:-1, max-image-preview:large, max-video-preview:-1\" \/>\n<meta property=\"og:locale\" content=\"gl_ES\" \/>\n<meta property=\"og:type\" content=\"article\" \/>\n<meta property=\"og:title\" content=\"Servicios | Centro Comercial Portal de la Marina\" \/>\n<meta property=\"og:description\" content=\"Aqu\u00ed encontrar\u00e1s el listado de todas las tiendas que tenemos en Portal de la Marina en Ondara, Alicante. Calzedonia, Lidel, D\u00e9cimas,... \u00a1Te esperamos!\" \/>\n<meta property=\"og:url\" content=\"https:\/\/ccastermas.valordeley.es\/gl\/servizos\/\" \/>\n<meta property=\"og:site_name\" content=\"Centro Comercial As Termas\" \/>\n<meta property=\"article:modified_time\" content=\"2025-08-25T07:48:22+00:00\" \/>\n<meta name=\"twitter:card\" content=\"summary_large_image\" \/>\n<script type=\"application\/ld+json\" class=\"yoast-schema-graph\">{\"@context\":\"https:\/\/schema.org\",\"@graph\":[{\"@type\":\"WebPage\",\"@id\":\"https:\/\/ccastermas.valordeley.es\/gl\/servizos\/\",\"url\":\"https:\/\/ccastermas.valordeley.es\/gl\/servizos\/\",\"name\":\"Servicios | Centro Comercial Portal de la Marina\",\"isPartOf\":{\"@id\":\"https:\/\/ccastermas.valordeley.es\/gl\/#website\"},\"primaryImageOfPage\":{\"@id\":\"https:\/\/ccastermas.valordeley.es\/gl\/servizos\/#primaryimage\"},\"image\":{\"@id\":\"https:\/\/ccastermas.valordeley.es\/gl\/servizos\/#primaryimage\"},\"thumbnailUrl\":\"\",\"datePublished\":\"2025-08-20T11:42:00+00:00\",\"dateModified\":\"2025-08-25T07:48:22+00:00\",\"description\":\"Aqu\u00ed encontrar\u00e1s el listado de todas las tiendas que tenemos en Portal de la Marina en Ondara, Alicante. Calzedonia, Lidel, D\u00e9cimas,... \u00a1Te esperamos!\",\"breadcrumb\":{\"@id\":\"https:\/\/ccastermas.valordeley.es\/gl\/servizos\/#breadcrumb\"},\"inLanguage\":\"gl-ES\",\"potentialAction\":[{\"@type\":\"ReadAction\",\"target\":[\"https:\/\/ccastermas.valordeley.es\/gl\/servizos\/\"]}]},{\"@type\":\"ImageObject\",\"inLanguage\":\"gl-ES\",\"@id\":\"https:\/\/ccastermas.valordeley.es\/gl\/servizos\/#primaryimage\",\"url\":\"\",\"contentUrl\":\"\"},{\"@type\":\"BreadcrumbList\",\"@id\":\"https:\/\/ccastermas.valordeley.es\/gl\/servizos\/#breadcrumb\",\"itemListElement\":[{\"@type\":\"ListItem\",\"position\":1,\"name\":\"Portada\",\"item\":\"https:\/\/ccastermas.valordeley.es\/gl\/\"},{\"@type\":\"ListItem\",\"position\":2,\"name\":\"SERVIZOS\"}]},{\"@type\":\"WebSite\",\"@id\":\"https:\/\/ccastermas.valordeley.es\/gl\/#website\",\"url\":\"https:\/\/ccastermas.valordeley.es\/gl\/\",\"name\":\"Centro Comercial As Termas\",\"description\":\"Centro Comercial As Termas: Tu Centro Comercial en Lugo\",\"publisher\":{\"@id\":\"https:\/\/ccastermas.valordeley.es\/gl\/#organization\"},\"potentialAction\":[{\"@type\":\"SearchAction\",\"target\":{\"@type\":\"EntryPoint\",\"urlTemplate\":\"https:\/\/ccastermas.valordeley.es\/gl\/?s={search_term_string}\"},\"query-input\":{\"@type\":\"PropertyValueSpecification\",\"valueRequired\":true,\"valueName\":\"search_term_string\"}}],\"inLanguage\":\"gl-ES\"},{\"@type\":\"Organization\",\"@id\":\"https:\/\/ccastermas.valordeley.es\/gl\/#organization\",\"name\":\"As Termas\",\"alternateName\":\"Centro Comercial As Termas\",\"url\":\"https:\/\/ccastermas.valordeley.es\/gl\/\",\"logo\":{\"@type\":\"ImageObject\",\"inLanguage\":\"gl-ES\",\"@id\":\"https:\/\/ccastermas.valordeley.es\/gl\/#\/schema\/logo\/image\/\",\"url\":\"https:\/\/ccastermas.valordeley.es\/wp-content\/uploads\/2024\/10\/cropped-favicon-portal-de-la-marina.jpg\",\"contentUrl\":\"https:\/\/ccastermas.valordeley.es\/wp-content\/uploads\/2024\/10\/cropped-favicon-portal-de-la-marina.jpg\",\"width\":512,\"height\":512,\"caption\":\"As Termas\"},\"image\":{\"@id\":\"https:\/\/ccastermas.valordeley.es\/gl\/#\/schema\/logo\/image\/\"}}]}<\/script>\n<!-- \/ Yoast SEO plugin. -->","yoast_head_json":{"title":"Servicios | Centro Comercial Portal de la Marina","description":"Aqu\u00ed encontrar\u00e1s el listado de todas las tiendas que tenemos en Portal de la Marina en Ondara, Alicante. Calzedonia, Lidel, D\u00e9cimas,... \u00a1Te esperamos!","robots":{"index":"noindex","follow":"follow","max-snippet":"max-snippet:-1","max-image-preview":"max-image-preview:large","max-video-preview":"max-video-preview:-1"},"og_locale":"gl_ES","og_type":"article","og_title":"Servicios | Centro Comercial Portal de la Marina","og_description":"Aqu\u00ed encontrar\u00e1s el listado de todas las tiendas que tenemos en Portal de la Marina en Ondara, Alicante. Calzedonia, Lidel, D\u00e9cimas,... \u00a1Te esperamos!","og_url":"https:\/\/ccastermas.valordeley.es\/gl\/servizos\/","og_site_name":"Centro Comercial As Termas","article_modified_time":"2025-08-25T07:48:22+00:00","twitter_card":"summary_large_image","schema":{"@context":"https:\/\/schema.org","@graph":[{"@type":"WebPage","@id":"https:\/\/ccastermas.valordeley.es\/gl\/servizos\/","url":"https:\/\/ccastermas.valordeley.es\/gl\/servizos\/","name":"Servicios | Centro Comercial Portal de la Marina","isPartOf":{"@id":"https:\/\/ccastermas.valordeley.es\/gl\/#website"},"primaryImageOfPage":{"@id":"https:\/\/ccastermas.valordeley.es\/gl\/servizos\/#primaryimage"},"image":{"@id":"https:\/\/ccastermas.valordeley.es\/gl\/servizos\/#primaryimage"},"thumbnailUrl":"","datePublished":"2025-08-20T11:42:00+00:00","dateModified":"2025-08-25T07:48:22+00:00","description":"Aqu\u00ed encontrar\u00e1s el listado de todas las tiendas que tenemos en Portal de la Marina en Ondara, Alicante. Calzedonia, Lidel, D\u00e9cimas,... \u00a1Te esperamos!","breadcrumb":{"@id":"https:\/\/ccastermas.valordeley.es\/gl\/servizos\/#breadcrumb"},"inLanguage":"gl-ES","potentialAction":[{"@type":"ReadAction","target":["https:\/\/ccastermas.valordeley.es\/gl\/servizos\/"]}]},{"@type":"ImageObject","inLanguage":"gl-ES","@id":"https:\/\/ccastermas.valordeley.es\/gl\/servizos\/#primaryimage","url":"","contentUrl":""},{"@type":"BreadcrumbList","@id":"https:\/\/ccastermas.valordeley.es\/gl\/servizos\/#breadcrumb","itemListElement":[{"@type":"ListItem","position":1,"name":"Portada","item":"https:\/\/ccastermas.valordeley.es\/gl\/"},{"@type":"ListItem","position":2,"name":"SERVIZOS"}]},{"@type":"WebSite","@id":"https:\/\/ccastermas.valordeley.es\/gl\/#website","url":"https:\/\/ccastermas.valordeley.es\/gl\/","name":"Centro Comercial As Termas","description":"Centro Comercial As Termas: Tu Centro Comercial en Lugo","publisher":{"@id":"https:\/\/ccastermas.valordeley.es\/gl\/#organization"},"potentialAction":[{"@type":"SearchAction","target":{"@type":"EntryPoint","urlTemplate":"https:\/\/ccastermas.valordeley.es\/gl\/?s={search_term_string}"},"query-input":{"@type":"PropertyValueSpecification","valueRequired":true,"valueName":"search_term_string"}}],"inLanguage":"gl-ES"},{"@type":"Organization","@id":"https:\/\/ccastermas.valordeley.es\/gl\/#organization","name":"As Termas","alternateName":"Centro Comercial As Termas","url":"https:\/\/ccastermas.valordeley.es\/gl\/","logo":{"@type":"ImageObject","inLanguage":"gl-ES","@id":"https:\/\/ccastermas.valordeley.es\/gl\/#\/schema\/logo\/image\/","url":"https:\/\/ccastermas.valordeley.es\/wp-content\/uploads\/2024\/10\/cropped-favicon-portal-de-la-marina.jpg","contentUrl":"https:\/\/ccastermas.valordeley.es\/wp-content\/uploads\/2024\/10\/cropped-favicon-portal-de-la-marina.jpg","width":512,"height":512,"caption":"As Termas"},"image":{"@id":"https:\/\/ccastermas.valordeley.es\/gl\/#\/schema\/logo\/image\/"}}]}},"publishpress_future_action":{"enabled":false,"date":"2026-04-22 18:57:10","action":"change-status","newStatus":"draft","terms":[],"taxonomy":"translation_priority"},"publishpress_future_workflow_manual_trigger":{"enabledWorkflows":[]},"_links":{"self":[{"href":"https:\/\/ccastermas.valordeley.es\/gl\/wp-json\/wp\/v2\/pages\/83831","targetHints":{"allow":["GET"]}}],"collection":[{"href":"https:\/\/ccastermas.valordeley.es\/gl\/wp-json\/wp\/v2\/pages"}],"about":[{"href":"https:\/\/ccastermas.valordeley.es\/gl\/wp-json\/wp\/v2\/types\/page"}],"author":[{"embeddable":true,"href":"https:\/\/ccastermas.valordeley.es\/gl\/wp-json\/wp\/v2\/users\/6"}],"replies":[{"embeddable":true,"href":"https:\/\/ccastermas.valordeley.es\/gl\/wp-json\/wp\/v2\/comments?post=83831"}],"version-history":[{"count":2,"href":"https:\/\/ccastermas.valordeley.es\/gl\/wp-json\/wp\/v2\/pages\/83831\/revisions"}],"predecessor-version":[{"id":84585,"href":"https:\/\/ccastermas.valordeley.es\/gl\/wp-json\/wp\/v2\/pages\/83831\/revisions\/84585"}],"wp:featuredmedia":[{"embeddable":true,"href":"https:\/\/ccastermas.valordeley.es\/gl\/wp-json\/"}],"wp:attachment":[{"href":"https:\/\/ccastermas.valordeley.es\/gl\/wp-json\/wp\/v2\/media?parent=83831"}],"curies":[{"name":"wp","href":"https:\/\/api.w.org\/{rel}","templated":true}]}}