{"id":83833,"date":"2025-08-20T13:43:18","date_gmt":"2025-08-20T11:43:18","guid":{"rendered":"https:\/\/astermas.valordeley.es\/?page_id=83833"},"modified":"2025-09-05T14:49:14","modified_gmt":"2025-09-05T12:49:14","slug":"como-llegar","status":"publish","type":"page","link":"https:\/\/ccastermas.valordeley.es\/gl\/como-llegar\/","title":{"rendered":"Como chegar"},"content":{"rendered":"\t\t<div data-elementor-type=\"wp-page\" data-elementor-id=\"83833\" class=\"elementor elementor-83833 elementor-78963\">\n\t\t\t\t\t\t<section class=\"elementor-section elementor-top-section elementor-element elementor-element-cd655c2 elementor-section-height-min-height elementor-hidden-mobile elementor-hidden-tablet elementor-section-boxed elementor-section-height-default elementor-section-items-middle\" data-id=\"cd655c2\" data-element_type=\"section\" data-settings=\"{&quot;background_background&quot;:&quot;classic&quot;}\">\n\t\t\t\t\t\t<div class=\"elementor-container elementor-column-gap-default\">\n\t\t\t\t\t<div class=\" elementor-column elementor-col-100 elementor-top-column elementor-element elementor-element-2a13eaf\" data-fullscreen-column-settings=\"{&quot;fullscreen&quot;:&quot;&quot;}\" data-id=\"2a13eaf\" data-element_type=\"column\">\n\t\t\t<div class=\"elementor-widget-wrap\">\n\t\t\t\t\t\t\t<\/div>\n\t\t<\/div>\n\t\t\t\t\t<\/div>\n\t\t<\/section>\n\t\t<div class=\"elementor-element elementor-element-ba33a2f e-flex e-con-boxed e-con e-parent\" data-id=\"ba33a2f\" data-element_type=\"container\" data-settings=\"{&quot;background_background&quot;:&quot;classic&quot;}\">\n\t\t\t\t\t<div class=\"e-con-inner\">\n\t\t<div class=\"elementor-element elementor-element-0ae6a63 e-con-full e-flex e-con e-child\" data-id=\"0ae6a63\" data-element_type=\"container\">\n\t\t\t\t<div class=\"elementor-element elementor-element-6009cfa elementor-widget elementor-widget-heading\" data-id=\"6009cfa\" data-element_type=\"widget\" data-widget_type=\"heading.default\">\n\t\t\t\t<div class=\"elementor-widget-container\">\n\t\t\t\t\t<h1 class=\"elementor-heading-title elementor-size-default\">Como chegar<\/h1>\t\t\t\t<\/div>\n\t\t\t\t<\/div>\n\t\t\t\t<\/div>\n\t\t\t\t\t<\/div>\n\t\t\t\t<\/div>\n\t\t\t\t<section class=\"elementor-section elementor-top-section elementor-element elementor-element-ebc91fd elementor-section-boxed elementor-section-height-default elementor-section-height-default\" data-id=\"ebc91fd\" data-element_type=\"section\">\n\t\t\t\t\t\t<div class=\"elementor-container elementor-column-gap-default\">\n\t\t\t\t\t<div class=\" elementor-column elementor-col-100 elementor-top-column elementor-element elementor-element-712fa57\" data-fullscreen-column-settings=\"{&quot;fullscreen&quot;:&quot;&quot;}\" data-id=\"712fa57\" data-element_type=\"column\">\n\t\t\t<div class=\"elementor-widget-wrap elementor-element-populated\">\n\t\t\t\t\t\t<div class=\"elementor-element elementor-element-c34ac78 elementor-widget elementor-widget-google_maps\" data-id=\"c34ac78\" data-element_type=\"widget\" data-widget_type=\"google_maps.default\">\n\t\t\t\t<div class=\"elementor-widget-container\">\n\t\t\t\t\t\t\t<div class=\"elementor-custom-embed\">\n\t\t\t<iframe loading=\"lazy\"\n\t\t\t\t\tsrc=\"https:\/\/maps.google.com\/maps?q=Centro%20Comercial%20As%20Termas&#038;t=m&#038;z=16&#038;output=embed&#038;iwloc=near\"\n\t\t\t\t\ttitle=\"Centro Comercial As Termas\"\n\t\t\t\t\taria-label=\"Centro Comercial As Termas\"\n\t\t\t><\/iframe>\n\t\t<\/div>\n\t\t\t\t\t\t<\/div>\n\t\t\t\t<\/div>\n\t\t\t\t\t<\/div>\n\t\t<\/div>\n\t\t\t\t\t<\/div>\n\t\t<\/section>\n\t\t<div class=\"elementor-element elementor-element-38b0af6 e-flex e-con-boxed e-con e-parent\" data-id=\"38b0af6\" data-element_type=\"container\">\n\t\t\t\t\t<div class=\"e-con-inner\">\n\t\t<div class=\"elementor-element elementor-element-9d643af e-con-full e-flex e-con e-child\" data-id=\"9d643af\" data-element_type=\"container\">\n\t\t\t\t<div class=\"elementor-element elementor-element-690d119 elementor-widget elementor-widget-heading\" data-id=\"690d119\" data-element_type=\"widget\" data-widget_type=\"heading.default\">\n\t\t\t\t<div class=\"elementor-widget-container\">\n\t\t\t\t\t<h2 class=\"elementor-heading-title elementor-size-default\">LI\u00d1AS DE AUTOB\u00daS<\/h2>\t\t\t\t<\/div>\n\t\t\t\t<\/div>\n\t\t\t\t<\/div>\n\t\t\t\t\t<\/div>\n\t\t\t\t<\/div>\n\t\t<div class=\"elementor-element elementor-element-ee16de6 e-flex e-con-boxed e-con e-parent\" data-id=\"ee16de6\" data-element_type=\"container\">\n\t\t\t\t\t<div class=\"e-con-inner\">\n\t\t<div class=\"elementor-element elementor-element-108ec89 e-con-full e-flex e-con e-child\" data-id=\"108ec89\" data-element_type=\"container\">\n\t\t\t\t<div class=\"elementor-element elementor-element-854084f elementor-widget__width-initial elementor-widget elementor-widget-image\" data-id=\"854084f\" data-element_type=\"widget\" data-widget_type=\"image.default\">\n\t\t\t\t<div class=\"elementor-widget-container\">\n\t\t\t\t\t\t\t\t\t\t\t\t\t\t\t<img decoding=\"async\" src=\"https:\/\/ccastermas.valordeley.es\/wp-content\/uploads\/2025\/08\/autobuses-astermas-1.jpg\" title=\"autobuses-astermas.jpg\" alt=\"autobuses-astermas.jpg\" loading=\"lazy\" \/>\t\t\t\t\t\t\t\t\t\t\t\t\t\t\t<\/div>\n\t\t\t\t<\/div>\n\t\t\t\t<\/div>\n\t\t<div class=\"elementor-element elementor-element-1543510 e-con-full e-flex e-con e-child\" data-id=\"1543510\" data-element_type=\"container\">\n\t\t\t\t<div class=\"elementor-element elementor-element-4dfff1b elementor-widget elementor-widget-text-editor\" data-id=\"4dfff1b\" data-element_type=\"widget\" data-widget_type=\"text-editor.default\">\n\t\t\t\t<div class=\"elementor-widget-container\">\n\t\t\t\t\t\t\t\t\t<p><strong>Servizo de Luns a Venres:<\/strong><\/p><ul><li>Li\u00f1a 1.1, de 7:15h a 22:15h,\u00a0 cada 90 minutos (parada na rotonda da residencia Albertia))<\/li><li>Li\u00f1a 1.2, de 7:17h a 22:37h, cada 90 minutos (parada na rotonda da residencia Albertia))<\/li><li>Li\u00f1a 1.3, de 7:19h a 22:19h, cada 90 minutos<\/li><li>Li\u00f1a 1.4, de 7:42h a 22:42h, cada 90 minutos<\/li><\/ul>\t\t\t\t\t\t\t\t<\/div>\n\t\t\t\t<\/div>\n\t\t\t\t<\/div>\n\t\t<div class=\"elementor-element elementor-element-337ab4d e-flex e-con-boxed e-con e-child\" data-id=\"337ab4d\" data-element_type=\"container\">\n\t\t\t\t\t<div class=\"e-con-inner\">\n\t\t\t\t<div class=\"elementor-element elementor-element-54d9b05 elementor-widget elementor-widget-text-editor\" data-id=\"54d9b05\" data-element_type=\"widget\" data-widget_type=\"text-editor.default\">\n\t\t\t\t<div class=\"elementor-widget-container\">\n\t\t\t\t\t\t\t\t\t<p><strong>Servizo de s\u00e1bado e domingo:<\/strong><\/p><ul><li>Li\u00f1a 1.2, de 7:17h a 22:37h, cada 90 minutos (parada na rotonda da residencia Albertia)<\/li><li>Li\u00f1a 1.4, de 7:42h a 22:42h, cada 90 minutos<\/li><\/ul>\t\t\t\t\t\t\t\t<\/div>\n\t\t\t\t<\/div>\n\t\t\t\t\t<\/div>\n\t\t\t\t<\/div>\n\t\t\t\t\t<\/div>\n\t\t\t\t<\/div>\n\t\t\t\t<\/div>\n\t\t","protected":false},"excerpt":{"rendered":"<p>Como chegar LI\u00d1AS DE AUTOB\u00daS Servizo de Luns a Venres: Li\u00f1a 1.1, de 7:15h a 22:15h,\u00a0 cada 90 minutos (parada na rotonda da residencia Albertia)) Li\u00f1a 1.2, de 7:17h a 22:37h, cada 90 minutos (parada na rotonda da residencia Albertia)) Li\u00f1a 1.3, de 7:19h a 22:19h, cada 90 minutos Li\u00f1a 1.4, de 7:42h a 22:42h, [&hellip;]<\/p>\n","protected":false},"author":6,"featured_media":0,"parent":0,"menu_order":233,"comment_status":"closed","ping_status":"closed","template":"","meta":{"footnotes":""},"class_list":["post-83833","page","type-page","status-publish","hentry"],"yoast_head":"<!-- This site is optimized with the Yoast SEO plugin v25.4 - https:\/\/yoast.com\/wordpress\/plugins\/seo\/ -->\n<title>Como chegar | Centro Comercial As Termas<\/title>\n<meta name=\"description\" content=\"Buscas tendas en Lugo? Se \u00e9 as\u00ed, \u00e9 doado para ti. Fai clic aqu\u00ed e descubre como chegar ao mellor centro comercial de Lugo, as mellores marcas est\u00e1n esperando por ti!\" \/>\n<meta name=\"robots\" content=\"noindex, follow, max-snippet:-1, max-image-preview:large, max-video-preview:-1\" \/>\n<meta property=\"og:locale\" content=\"gl_ES\" \/>\n<meta property=\"og:type\" content=\"article\" \/>\n<meta property=\"og:title\" content=\"Como chegar | Centro Comercial As Termas\" \/>\n<meta property=\"og:description\" content=\"Buscas tendas en Lugo? Se \u00e9 as\u00ed, \u00e9 doado para ti. Fai clic aqu\u00ed e descubre como chegar ao mellor centro comercial de Lugo, as mellores marcas est\u00e1n esperando por ti!\" \/>\n<meta property=\"og:url\" content=\"https:\/\/ccastermas.valordeley.es\/gl\/como-llegar\/\" \/>\n<meta property=\"og:site_name\" content=\"Centro Comercial As Termas\" \/>\n<meta property=\"article:modified_time\" content=\"2025-09-05T12:49:14+00:00\" \/>\n<meta property=\"og:image\" content=\"https:\/\/ccastermas.valordeley.es\/wp-content\/uploads\/2025\/08\/autobuses-astermas-1.jpg\" \/>\n<meta name=\"twitter:card\" content=\"summary_large_image\" \/>\n<meta name=\"twitter:label1\" content=\"Tempo de lectura\" \/>\n\t<meta name=\"twitter:data1\" content=\"1 minuto\" \/>\n<script type=\"application\/ld+json\" class=\"yoast-schema-graph\">{\"@context\":\"https:\/\/schema.org\",\"@graph\":[{\"@type\":\"WebPage\",\"@id\":\"https:\/\/ccastermas.valordeley.es\/gl\/como-llegar\/\",\"url\":\"https:\/\/ccastermas.valordeley.es\/gl\/como-llegar\/\",\"name\":\"Como chegar | Centro Comercial As Termas\",\"isPartOf\":{\"@id\":\"https:\/\/ccastermas.valordeley.es\/gl\/#website\"},\"primaryImageOfPage\":{\"@id\":\"https:\/\/ccastermas.valordeley.es\/gl\/como-llegar\/#primaryimage\"},\"image\":{\"@id\":\"https:\/\/ccastermas.valordeley.es\/gl\/como-llegar\/#primaryimage\"},\"thumbnailUrl\":\"https:\/\/ccastermas.valordeley.es\/wp-content\/uploads\/2025\/08\/autobuses-astermas-1.jpg\",\"datePublished\":\"2025-08-20T11:43:18+00:00\",\"dateModified\":\"2025-09-05T12:49:14+00:00\",\"description\":\"Buscas tendas en Lugo? Se \u00e9 as\u00ed, \u00e9 doado para ti. Fai clic aqu\u00ed e descubre como chegar ao mellor centro comercial de Lugo, as mellores marcas est\u00e1n esperando por ti!\",\"breadcrumb\":{\"@id\":\"https:\/\/ccastermas.valordeley.es\/gl\/como-llegar\/#breadcrumb\"},\"inLanguage\":\"gl-ES\",\"potentialAction\":[{\"@type\":\"ReadAction\",\"target\":[\"https:\/\/ccastermas.valordeley.es\/gl\/como-llegar\/\"]}]},{\"@type\":\"ImageObject\",\"inLanguage\":\"gl-ES\",\"@id\":\"https:\/\/ccastermas.valordeley.es\/gl\/como-llegar\/#primaryimage\",\"url\":\"https:\/\/ccastermas.valordeley.es\/wp-content\/uploads\/2025\/08\/autobuses-astermas-1.jpg\",\"contentUrl\":\"https:\/\/ccastermas.valordeley.es\/wp-content\/uploads\/2025\/08\/autobuses-astermas-1.jpg\"},{\"@type\":\"BreadcrumbList\",\"@id\":\"https:\/\/ccastermas.valordeley.es\/gl\/como-llegar\/#breadcrumb\",\"itemListElement\":[{\"@type\":\"ListItem\",\"position\":1,\"name\":\"Portada\",\"item\":\"https:\/\/ccastermas.valordeley.es\/gl\/\"},{\"@type\":\"ListItem\",\"position\":2,\"name\":\"Como chegar\"}]},{\"@type\":\"WebSite\",\"@id\":\"https:\/\/ccastermas.valordeley.es\/gl\/#website\",\"url\":\"https:\/\/ccastermas.valordeley.es\/gl\/\",\"name\":\"Centro Comercial As Termas\",\"description\":\"Centro Comercial As Termas: Tu Centro Comercial en Lugo\",\"publisher\":{\"@id\":\"https:\/\/ccastermas.valordeley.es\/gl\/#organization\"},\"potentialAction\":[{\"@type\":\"SearchAction\",\"target\":{\"@type\":\"EntryPoint\",\"urlTemplate\":\"https:\/\/ccastermas.valordeley.es\/gl\/?s={search_term_string}\"},\"query-input\":{\"@type\":\"PropertyValueSpecification\",\"valueRequired\":true,\"valueName\":\"search_term_string\"}}],\"inLanguage\":\"gl-ES\"},{\"@type\":\"Organization\",\"@id\":\"https:\/\/ccastermas.valordeley.es\/gl\/#organization\",\"name\":\"As Termas\",\"alternateName\":\"Centro Comercial As Termas\",\"url\":\"https:\/\/ccastermas.valordeley.es\/gl\/\",\"logo\":{\"@type\":\"ImageObject\",\"inLanguage\":\"gl-ES\",\"@id\":\"https:\/\/ccastermas.valordeley.es\/gl\/#\/schema\/logo\/image\/\",\"url\":\"https:\/\/ccastermas.valordeley.es\/wp-content\/uploads\/2024\/10\/cropped-favicon-portal-de-la-marina.jpg\",\"contentUrl\":\"https:\/\/ccastermas.valordeley.es\/wp-content\/uploads\/2024\/10\/cropped-favicon-portal-de-la-marina.jpg\",\"width\":512,\"height\":512,\"caption\":\"As Termas\"},\"image\":{\"@id\":\"https:\/\/ccastermas.valordeley.es\/gl\/#\/schema\/logo\/image\/\"}}]}<\/script>\n<!-- \/ Yoast SEO plugin. -->","yoast_head_json":{"title":"Como chegar | Centro Comercial As Termas","description":"Buscas tendas en Lugo? Se \u00e9 as\u00ed, \u00e9 doado para ti. Fai clic aqu\u00ed e descubre como chegar ao mellor centro comercial de Lugo, as mellores marcas est\u00e1n esperando por ti!","robots":{"index":"noindex","follow":"follow","max-snippet":"max-snippet:-1","max-image-preview":"max-image-preview:large","max-video-preview":"max-video-preview:-1"},"og_locale":"gl_ES","og_type":"article","og_title":"Como chegar | Centro Comercial As Termas","og_description":"Buscas tendas en Lugo? Se \u00e9 as\u00ed, \u00e9 doado para ti. Fai clic aqu\u00ed e descubre como chegar ao mellor centro comercial de Lugo, as mellores marcas est\u00e1n esperando por ti!","og_url":"https:\/\/ccastermas.valordeley.es\/gl\/como-llegar\/","og_site_name":"Centro Comercial As Termas","article_modified_time":"2025-09-05T12:49:14+00:00","og_image":[{"url":"https:\/\/ccastermas.valordeley.es\/wp-content\/uploads\/2025\/08\/autobuses-astermas-1.jpg","type":"","width":"","height":""}],"twitter_card":"summary_large_image","twitter_misc":{"Tempo de lectura":"1 minuto"},"schema":{"@context":"https:\/\/schema.org","@graph":[{"@type":"WebPage","@id":"https:\/\/ccastermas.valordeley.es\/gl\/como-llegar\/","url":"https:\/\/ccastermas.valordeley.es\/gl\/como-llegar\/","name":"Como chegar | Centro Comercial As Termas","isPartOf":{"@id":"https:\/\/ccastermas.valordeley.es\/gl\/#website"},"primaryImageOfPage":{"@id":"https:\/\/ccastermas.valordeley.es\/gl\/como-llegar\/#primaryimage"},"image":{"@id":"https:\/\/ccastermas.valordeley.es\/gl\/como-llegar\/#primaryimage"},"thumbnailUrl":"https:\/\/ccastermas.valordeley.es\/wp-content\/uploads\/2025\/08\/autobuses-astermas-1.jpg","datePublished":"2025-08-20T11:43:18+00:00","dateModified":"2025-09-05T12:49:14+00:00","description":"Buscas tendas en Lugo? Se \u00e9 as\u00ed, \u00e9 doado para ti. Fai clic aqu\u00ed e descubre como chegar ao mellor centro comercial de Lugo, as mellores marcas est\u00e1n esperando por ti!","breadcrumb":{"@id":"https:\/\/ccastermas.valordeley.es\/gl\/como-llegar\/#breadcrumb"},"inLanguage":"gl-ES","potentialAction":[{"@type":"ReadAction","target":["https:\/\/ccastermas.valordeley.es\/gl\/como-llegar\/"]}]},{"@type":"ImageObject","inLanguage":"gl-ES","@id":"https:\/\/ccastermas.valordeley.es\/gl\/como-llegar\/#primaryimage","url":"https:\/\/ccastermas.valordeley.es\/wp-content\/uploads\/2025\/08\/autobuses-astermas-1.jpg","contentUrl":"https:\/\/ccastermas.valordeley.es\/wp-content\/uploads\/2025\/08\/autobuses-astermas-1.jpg"},{"@type":"BreadcrumbList","@id":"https:\/\/ccastermas.valordeley.es\/gl\/como-llegar\/#breadcrumb","itemListElement":[{"@type":"ListItem","position":1,"name":"Portada","item":"https:\/\/ccastermas.valordeley.es\/gl\/"},{"@type":"ListItem","position":2,"name":"Como chegar"}]},{"@type":"WebSite","@id":"https:\/\/ccastermas.valordeley.es\/gl\/#website","url":"https:\/\/ccastermas.valordeley.es\/gl\/","name":"Centro Comercial As Termas","description":"Centro Comercial As Termas: Tu Centro Comercial en Lugo","publisher":{"@id":"https:\/\/ccastermas.valordeley.es\/gl\/#organization"},"potentialAction":[{"@type":"SearchAction","target":{"@type":"EntryPoint","urlTemplate":"https:\/\/ccastermas.valordeley.es\/gl\/?s={search_term_string}"},"query-input":{"@type":"PropertyValueSpecification","valueRequired":true,"valueName":"search_term_string"}}],"inLanguage":"gl-ES"},{"@type":"Organization","@id":"https:\/\/ccastermas.valordeley.es\/gl\/#organization","name":"As Termas","alternateName":"Centro Comercial As Termas","url":"https:\/\/ccastermas.valordeley.es\/gl\/","logo":{"@type":"ImageObject","inLanguage":"gl-ES","@id":"https:\/\/ccastermas.valordeley.es\/gl\/#\/schema\/logo\/image\/","url":"https:\/\/ccastermas.valordeley.es\/wp-content\/uploads\/2024\/10\/cropped-favicon-portal-de-la-marina.jpg","contentUrl":"https:\/\/ccastermas.valordeley.es\/wp-content\/uploads\/2024\/10\/cropped-favicon-portal-de-la-marina.jpg","width":512,"height":512,"caption":"As Termas"},"image":{"@id":"https:\/\/ccastermas.valordeley.es\/gl\/#\/schema\/logo\/image\/"}}]}},"publishpress_future_action":{"enabled":false,"date":"2026-04-22 20:05:13","action":"change-status","newStatus":"draft","terms":[],"taxonomy":"translation_priority"},"publishpress_future_workflow_manual_trigger":{"enabledWorkflows":[]},"_links":{"self":[{"href":"https:\/\/ccastermas.valordeley.es\/gl\/wp-json\/wp\/v2\/pages\/83833","targetHints":{"allow":["GET"]}}],"collection":[{"href":"https:\/\/ccastermas.valordeley.es\/gl\/wp-json\/wp\/v2\/pages"}],"about":[{"href":"https:\/\/ccastermas.valordeley.es\/gl\/wp-json\/wp\/v2\/types\/page"}],"author":[{"embeddable":true,"href":"https:\/\/ccastermas.valordeley.es\/gl\/wp-json\/wp\/v2\/users\/6"}],"replies":[{"embeddable":true,"href":"https:\/\/ccastermas.valordeley.es\/gl\/wp-json\/wp\/v2\/comments?post=83833"}],"version-history":[{"count":5,"href":"https:\/\/ccastermas.valordeley.es\/gl\/wp-json\/wp\/v2\/pages\/83833\/revisions"}],"predecessor-version":[{"id":85420,"href":"https:\/\/ccastermas.valordeley.es\/gl\/wp-json\/wp\/v2\/pages\/83833\/revisions\/85420"}],"wp:attachment":[{"href":"https:\/\/ccastermas.valordeley.es\/gl\/wp-json\/wp\/v2\/media?parent=83833"}],"curies":[{"name":"wp","href":"https:\/\/api.w.org\/{rel}","templated":true}]}}