{"id":83843,"date":"2025-08-20T13:48:19","date_gmt":"2025-08-20T11:48:19","guid":{"rendered":"https:\/\/astermas.valordeley.es\/?page_id=83843"},"modified":"2025-08-26T10:29:25","modified_gmt":"2025-08-26T08:29:25","slug":"contacto","status":"publish","type":"page","link":"https:\/\/ccastermas.valordeley.es\/gl\/contacto\/","title":{"rendered":"Contacto"},"content":{"rendered":"\t\t<div data-elementor-type=\"wp-page\" data-elementor-id=\"83843\" class=\"elementor elementor-83843 elementor-76425\">\n\t\t\t\t\t\t<section class=\"elementor-section elementor-top-section elementor-element elementor-element-3cb03b9 elementor-section-height-min-height elementor-hidden-mobile elementor-hidden-tablet elementor-section-boxed elementor-section-height-default elementor-section-items-middle\" data-id=\"3cb03b9\" data-element_type=\"section\" data-settings=\"{&quot;background_background&quot;:&quot;classic&quot;}\">\n\t\t\t\t\t\t<div class=\"elementor-container elementor-column-gap-default\">\n\t\t\t\t\t<div class=\" elementor-column elementor-col-100 elementor-top-column elementor-element elementor-element-383fe0d\" data-fullscreen-column-settings=\"{&quot;fullscreen&quot;:&quot;&quot;}\" data-id=\"383fe0d\" data-element_type=\"column\">\n\t\t\t<div class=\"elementor-widget-wrap\">\n\t\t\t\t\t\t\t<\/div>\n\t\t<\/div>\n\t\t\t\t\t<\/div>\n\t\t<\/section>\n\t\t<div class=\"elementor-element elementor-element-aa19768 e-flex e-con-boxed e-con e-parent\" data-id=\"aa19768\" data-element_type=\"container\" data-settings=\"{&quot;background_background&quot;:&quot;classic&quot;}\">\n\t\t\t\t\t<div class=\"e-con-inner\">\n\t\t<div class=\"elementor-element elementor-element-33839d0 e-con-full e-flex e-con e-child\" data-id=\"33839d0\" data-element_type=\"container\">\n\t\t\t\t<div class=\"elementor-element elementor-element-9ca5a60 elementor-widget elementor-widget-heading\" data-id=\"9ca5a60\" data-element_type=\"widget\" data-widget_type=\"heading.default\">\n\t\t\t\t<div class=\"elementor-widget-container\">\n\t\t\t\t\t<h1 class=\"elementor-heading-title elementor-size-default\">Contacto<\/h1>\t\t\t\t<\/div>\n\t\t\t\t<\/div>\n\t\t\t\t<\/div>\n\t\t\t\t\t<\/div>\n\t\t\t\t<\/div>\n\t\t<div class=\"elementor-element elementor-element-339aa34 e-flex e-con-boxed e-con e-parent\" data-id=\"339aa34\" data-element_type=\"container\">\n\t\t\t\t\t<div class=\"e-con-inner\">\n\t\t<div class=\"elementor-element elementor-element-a9803dc e-con-full e-flex e-con e-child\" data-id=\"a9803dc\" data-element_type=\"container\" data-settings=\"{&quot;background_background&quot;:&quot;classic&quot;}\">\n\t\t\t\t<div class=\"elementor-element elementor-element-fe1baac elementor-widget elementor-widget-text-editor\" data-id=\"fe1baac\" data-element_type=\"widget\" data-widget_type=\"text-editor.default\">\n\t\t\t\t<div class=\"elementor-widget-container\">\n\t\t\t\t\t\t\t\t\t<p>Estimado visitante.<\/p><p>No Centro Comercial\u00a0<strong>As Termas<\/strong>\u00a0estamos encantados de recibirvos na nosa web. Estes son os nosos datos de contacto. Estamos \u00e1 s\u00faa total disposici\u00f3n para recibir calquera suxesti\u00f3n ou comentario que nos queira facer chegar, co fin de mellorar a s\u00faa pr\u00f3xima visita a\u00a0<strong>As Termas<\/strong>. V\u00e9monos pronto en\u00a0<strong>As Termas!<\/strong><\/p><p><strong>O equipo de As Termas est\u00e1 \u00e1 s\u00faa disposici\u00f3n no tel\u00e9fono\u00a0<a href=\"tel:982219752\">+34\u00a0982 219 752<\/a>\u00a0, no\u00a0<a href=\"tel:660214907\">+34 660 214 907<\/a>\u00a0ou, se o prefires, pode deixarnos unha mensaxe a trav\u00e9s deste formulario.<\/strong><\/p>\t\t\t\t\t\t\t\t<\/div>\n\t\t\t\t<\/div>\n\t\t\t\t<div class=\"elementor-element elementor-element-258e353 elementor-widget elementor-widget-image\" data-id=\"258e353\" data-element_type=\"widget\" data-widget_type=\"image.default\">\n\t\t\t\t<div class=\"elementor-widget-container\">\n\t\t\t\t\t\t\t\t\t\t\t\t\t\t\t<img fetchpriority=\"high\" decoding=\"async\" width=\"902\" height=\"854\" src=\"https:\/\/ccastermas.valordeley.es\/wp-content\/uploads\/2024\/09\/image-18.png\" class=\"attachment-large size-large wp-image-85027\" alt=\"\" srcset=\"https:\/\/ccastermas.valordeley.es\/wp-content\/uploads\/2024\/09\/image-18.png 902w, https:\/\/ccastermas.valordeley.es\/wp-content\/uploads\/2024\/09\/image-18-300x284.png 300w, https:\/\/ccastermas.valordeley.es\/wp-content\/uploads\/2024\/09\/image-18-768x727.png 768w, https:\/\/ccastermas.valordeley.es\/wp-content\/uploads\/2024\/09\/image-18-200x189.png 200w\" sizes=\"(max-width: 902px) 100vw, 902px\" \/>\t\t\t\t\t\t\t\t\t\t\t\t\t\t\t<\/div>\n\t\t\t\t<\/div>\n\t\t\t\t<\/div>\n\t\t<div class=\"elementor-element elementor-element-1054c5c e-con-full e-flex e-con e-child\" data-id=\"1054c5c\" data-element_type=\"container\">\n\t\t\t\t<div class=\"elementor-element elementor-element-0ddcec7 elementor-widget elementor-widget-litho-contact-form\" data-id=\"0ddcec7\" data-element_type=\"widget\" data-widget_type=\"litho-contact-form.default\">\n\t\t\t\t<div class=\"elementor-widget-container\">\n\t\t\t\t\t\t\t\t<div class=\"contact-form-wrapper\">\n\t\t\t\t\n<div class=\"wpcf7 no-js\" id=\"wpcf7-f26-o1\" lang=\"es-ES\" dir=\"ltr\" data-wpcf7-id=\"26\">\n<div class=\"screen-reader-response\"><p role=\"status\" aria-live=\"polite\" aria-atomic=\"true\"><\/p> <ul><\/ul><\/div>\n<form action=\"\/gl\/wp-json\/wp\/v2\/pages\/83843#wpcf7-f26-o1\" method=\"post\" class=\"wpcf7-form init\" aria-label=\"Formulario de contacto\" novalidate=\"novalidate\" data-status=\"init\">\n<fieldset class=\"hidden-fields-container\"><input type=\"hidden\" name=\"_wpcf7\" value=\"26\" \/><input type=\"hidden\" name=\"_wpcf7_version\" value=\"6.1\" \/><input type=\"hidden\" name=\"_wpcf7_locale\" value=\"es_ES\" \/><input type=\"hidden\" name=\"_wpcf7_unit_tag\" value=\"wpcf7-f26-o1\" \/><input type=\"hidden\" name=\"_wpcf7_container_post\" value=\"0\" \/><input type=\"hidden\" name=\"_wpcf7_posted_data_hash\" value=\"\" \/>\n<\/fieldset>\n<p><label> O teu nome (obligatorio)<br \/>\n<span class=\"wpcf7-form-control-wrap\" data-name=\"your-name\"><input size=\"40\" maxlength=\"400\" class=\"wpcf7-form-control wpcf7-text wpcf7-validates-as-required\" aria-required=\"true\" aria-invalid=\"false\" value=\"\" type=\"text\" name=\"your-name\" \/><\/span> <\/label>\n<\/p>\n<p><label> O teu email (obligatorio)<br \/>\n<span class=\"wpcf7-form-control-wrap\" data-name=\"your-email\"><input size=\"40\" maxlength=\"400\" class=\"wpcf7-form-control wpcf7-email wpcf7-validates-as-required wpcf7-text wpcf7-validates-as-email\" aria-required=\"true\" aria-invalid=\"false\" value=\"\" type=\"email\" name=\"your-email\" \/><\/span> <\/label>\n<\/p>\n<p><label> Asunto<br \/>\n<span class=\"wpcf7-form-control-wrap\" data-name=\"your-subject\"><input size=\"40\" maxlength=\"400\" class=\"wpcf7-form-control wpcf7-text\" aria-invalid=\"false\" value=\"\" type=\"text\" name=\"your-subject\" \/><\/span> <\/label>\n<\/p>\n<p><label> A t\u00faa mensaxe <span class=\"wpcf7-form-control-wrap\" data-name=\"your-message\"><textarea cols=\"40\" rows=\"10\" maxlength=\"2000\" class=\"wpcf7-form-control wpcf7-textarea\" aria-invalid=\"false\" name=\"your-message\"><\/textarea><\/span> <\/label>\n<\/p>\n<div id=\"basic-info-dp\">\n\t<p style=\"font-size: 14px;line-height: 17px;margin: 0;\"><strong>PROTECCI\u00d3N DE DATOS:<\/strong> Reglamento (UE) 2016\/679 RGPD y LOPDGDD 3\/2018. COMUNIDAD DE PROPIETARIOS CENTRO COMERCIAL ASTERMAS, como responsable do tratamento, tratar\u00e1 os seus datos para atender as s\u00faas solicitudes de informaci\u00f3n, preguntas, consultas, suxesti\u00f3ns ou queixas. Pode exercer os dereitos de acceso, rectificaci\u00f3n e supresi\u00f3n de datos, entre outros, tal e como se explica na informaci\u00f3n adicional que ten \u00e1 s\u00faa disposici\u00f3n no apartado de <a href=\"https:\/\/ccastermas.valordeley.es\/gl\/politica-de-privacidade\/\" target=\"_blank\">Pol\u00edtica de Privacidade.<\/a>.\n\t<\/p>\n<\/div>\n<p><input class=\"wpcf7-form-control wpcf7-submit has-spinner\" type=\"submit\" value=\"Send\" \/>\n<\/p><input type='hidden' class='wpcf7-pum' value='{\"closepopup\":false,\"closedelay\":0,\"openpopup\":false,\"openpopup_id\":0}' \/><div class=\"wpcf7-response-output\" aria-hidden=\"true\"><\/div>\n<\/form>\n<\/div>\n\t\t\t<\/div>\n\t\t\t\t\t\t\t<\/div>\n\t\t\t\t<\/div>\n\t\t\t\t<\/div>\n\t\t\t\t\t<\/div>\n\t\t\t\t<\/div>\n\t\t\t\t<\/div>\n\t\t","protected":false},"excerpt":{"rendered":"<p>Contacto Estimado visitante. No Centro Comercial\u00a0As Termas\u00a0estamos encantados de recibirvos na nosa web. Estes son os nosos datos de contacto. Estamos \u00e1 s\u00faa total disposici\u00f3n para recibir calquera suxesti\u00f3n ou comentario que nos queira facer chegar, co fin de mellorar a s\u00faa pr\u00f3xima visita a\u00a0As Termas. V\u00e9monos pronto en\u00a0As Termas! O equipo de As Termas [&hellip;]<\/p>\n","protected":false},"author":6,"featured_media":0,"parent":0,"menu_order":233,"comment_status":"closed","ping_status":"closed","template":"","meta":{"footnotes":""},"class_list":["post-83843","page","type-page","status-publish","hentry"],"yoast_head":"<!-- This site is optimized with the Yoast SEO plugin v25.4 - https:\/\/yoast.com\/wordpress\/plugins\/seo\/ -->\n<title>Contacto | Centro Comercial As Termas<\/title>\n<meta name=\"description\" content=\"Contacto Estimado visitante.No Centro Comercial\u00a0As Termas\u00a0estamos encantados de recibirvos na nosa web. Estes son os nosos datos de contacto. Estamos \u00e1\" \/>\n<meta name=\"robots\" content=\"noindex, follow, max-snippet:-1, max-image-preview:large, max-video-preview:-1\" \/>\n<meta property=\"og:locale\" content=\"gl_ES\" \/>\n<meta property=\"og:type\" content=\"article\" \/>\n<meta property=\"og:title\" content=\"Contacto | Centro Comercial As Termas\" \/>\n<meta property=\"og:description\" content=\"Contacto Estimado visitante.No Centro Comercial\u00a0As Termas\u00a0estamos encantados de recibirvos na nosa web. Estes son os nosos datos de contacto. Estamos \u00e1\" \/>\n<meta property=\"og:url\" content=\"https:\/\/ccastermas.valordeley.es\/gl\/contacto\/\" \/>\n<meta property=\"og:site_name\" content=\"Centro Comercial As Termas\" \/>\n<meta property=\"article:modified_time\" content=\"2025-08-26T08:29:25+00:00\" \/>\n<meta property=\"og:image\" content=\"https:\/\/ccastermas.valordeley.es\/wp-content\/uploads\/2024\/09\/image-18.png\" \/>\n\t<meta property=\"og:image:width\" content=\"902\" \/>\n\t<meta property=\"og:image:height\" content=\"854\" \/>\n\t<meta property=\"og:image:type\" content=\"image\/png\" \/>\n<meta name=\"twitter:card\" content=\"summary_large_image\" \/>\n<meta name=\"twitter:label1\" content=\"Tempo de lectura\" \/>\n\t<meta name=\"twitter:data1\" content=\"2 minutos\" \/>\n<script type=\"application\/ld+json\" class=\"yoast-schema-graph\">{\"@context\":\"https:\/\/schema.org\",\"@graph\":[{\"@type\":\"WebPage\",\"@id\":\"https:\/\/ccastermas.valordeley.es\/gl\/contacto\/\",\"url\":\"https:\/\/ccastermas.valordeley.es\/gl\/contacto\/\",\"name\":\"Contacto | Centro Comercial As Termas\",\"isPartOf\":{\"@id\":\"https:\/\/ccastermas.valordeley.es\/gl\/#website\"},\"primaryImageOfPage\":{\"@id\":\"https:\/\/ccastermas.valordeley.es\/gl\/contacto\/#primaryimage\"},\"image\":{\"@id\":\"https:\/\/ccastermas.valordeley.es\/gl\/contacto\/#primaryimage\"},\"thumbnailUrl\":\"https:\/\/ccastermas.valordeley.es\/wp-content\/uploads\/2024\/09\/image-18.png\",\"datePublished\":\"2025-08-20T11:48:19+00:00\",\"dateModified\":\"2025-08-26T08:29:25+00:00\",\"description\":\"Contacto Estimado visitante.No Centro Comercial\u00a0As Termas\u00a0estamos encantados de recibirvos na nosa web. Estes son os nosos datos de contacto. Estamos \u00e1\",\"breadcrumb\":{\"@id\":\"https:\/\/ccastermas.valordeley.es\/gl\/contacto\/#breadcrumb\"},\"inLanguage\":\"gl-ES\",\"potentialAction\":[{\"@type\":\"ReadAction\",\"target\":[\"https:\/\/ccastermas.valordeley.es\/gl\/contacto\/\"]}]},{\"@type\":\"ImageObject\",\"inLanguage\":\"gl-ES\",\"@id\":\"https:\/\/ccastermas.valordeley.es\/gl\/contacto\/#primaryimage\",\"url\":\"https:\/\/ccastermas.valordeley.es\/wp-content\/uploads\/2024\/09\/image-18.png\",\"contentUrl\":\"https:\/\/ccastermas.valordeley.es\/wp-content\/uploads\/2024\/09\/image-18.png\"},{\"@type\":\"BreadcrumbList\",\"@id\":\"https:\/\/ccastermas.valordeley.es\/gl\/contacto\/#breadcrumb\",\"itemListElement\":[{\"@type\":\"ListItem\",\"position\":1,\"name\":\"Portada\",\"item\":\"https:\/\/ccastermas.valordeley.es\/gl\/\"},{\"@type\":\"ListItem\",\"position\":2,\"name\":\"Contacto\"}]},{\"@type\":\"WebSite\",\"@id\":\"https:\/\/ccastermas.valordeley.es\/gl\/#website\",\"url\":\"https:\/\/ccastermas.valordeley.es\/gl\/\",\"name\":\"Centro Comercial As Termas\",\"description\":\"Centro Comercial As Termas: Tu Centro Comercial en Lugo\",\"publisher\":{\"@id\":\"https:\/\/ccastermas.valordeley.es\/gl\/#organization\"},\"potentialAction\":[{\"@type\":\"SearchAction\",\"target\":{\"@type\":\"EntryPoint\",\"urlTemplate\":\"https:\/\/ccastermas.valordeley.es\/gl\/?s={search_term_string}\"},\"query-input\":{\"@type\":\"PropertyValueSpecification\",\"valueRequired\":true,\"valueName\":\"search_term_string\"}}],\"inLanguage\":\"gl-ES\"},{\"@type\":\"Organization\",\"@id\":\"https:\/\/ccastermas.valordeley.es\/gl\/#organization\",\"name\":\"As Termas\",\"alternateName\":\"Centro Comercial As Termas\",\"url\":\"https:\/\/ccastermas.valordeley.es\/gl\/\",\"logo\":{\"@type\":\"ImageObject\",\"inLanguage\":\"gl-ES\",\"@id\":\"https:\/\/ccastermas.valordeley.es\/gl\/#\/schema\/logo\/image\/\",\"url\":\"https:\/\/ccastermas.valordeley.es\/wp-content\/uploads\/2024\/10\/cropped-favicon-portal-de-la-marina.jpg\",\"contentUrl\":\"https:\/\/ccastermas.valordeley.es\/wp-content\/uploads\/2024\/10\/cropped-favicon-portal-de-la-marina.jpg\",\"width\":512,\"height\":512,\"caption\":\"As Termas\"},\"image\":{\"@id\":\"https:\/\/ccastermas.valordeley.es\/gl\/#\/schema\/logo\/image\/\"}}]}<\/script>\n<!-- \/ Yoast SEO plugin. -->","yoast_head_json":{"title":"Contacto | Centro Comercial As Termas","description":"Contacto Estimado visitante.No Centro Comercial\u00a0As Termas\u00a0estamos encantados de recibirvos na nosa web. Estes son os nosos datos de contacto. Estamos \u00e1","robots":{"index":"noindex","follow":"follow","max-snippet":"max-snippet:-1","max-image-preview":"max-image-preview:large","max-video-preview":"max-video-preview:-1"},"og_locale":"gl_ES","og_type":"article","og_title":"Contacto | Centro Comercial As Termas","og_description":"Contacto Estimado visitante.No Centro Comercial\u00a0As Termas\u00a0estamos encantados de recibirvos na nosa web. Estes son os nosos datos de contacto. Estamos \u00e1","og_url":"https:\/\/ccastermas.valordeley.es\/gl\/contacto\/","og_site_name":"Centro Comercial As Termas","article_modified_time":"2025-08-26T08:29:25+00:00","og_image":[{"width":902,"height":854,"url":"https:\/\/ccastermas.valordeley.es\/wp-content\/uploads\/2024\/09\/image-18.png","type":"image\/png"}],"twitter_card":"summary_large_image","twitter_misc":{"Tempo de lectura":"2 minutos"},"schema":{"@context":"https:\/\/schema.org","@graph":[{"@type":"WebPage","@id":"https:\/\/ccastermas.valordeley.es\/gl\/contacto\/","url":"https:\/\/ccastermas.valordeley.es\/gl\/contacto\/","name":"Contacto | Centro Comercial As Termas","isPartOf":{"@id":"https:\/\/ccastermas.valordeley.es\/gl\/#website"},"primaryImageOfPage":{"@id":"https:\/\/ccastermas.valordeley.es\/gl\/contacto\/#primaryimage"},"image":{"@id":"https:\/\/ccastermas.valordeley.es\/gl\/contacto\/#primaryimage"},"thumbnailUrl":"https:\/\/ccastermas.valordeley.es\/wp-content\/uploads\/2024\/09\/image-18.png","datePublished":"2025-08-20T11:48:19+00:00","dateModified":"2025-08-26T08:29:25+00:00","description":"Contacto Estimado visitante.No Centro Comercial\u00a0As Termas\u00a0estamos encantados de recibirvos na nosa web. Estes son os nosos datos de contacto. Estamos \u00e1","breadcrumb":{"@id":"https:\/\/ccastermas.valordeley.es\/gl\/contacto\/#breadcrumb"},"inLanguage":"gl-ES","potentialAction":[{"@type":"ReadAction","target":["https:\/\/ccastermas.valordeley.es\/gl\/contacto\/"]}]},{"@type":"ImageObject","inLanguage":"gl-ES","@id":"https:\/\/ccastermas.valordeley.es\/gl\/contacto\/#primaryimage","url":"https:\/\/ccastermas.valordeley.es\/wp-content\/uploads\/2024\/09\/image-18.png","contentUrl":"https:\/\/ccastermas.valordeley.es\/wp-content\/uploads\/2024\/09\/image-18.png"},{"@type":"BreadcrumbList","@id":"https:\/\/ccastermas.valordeley.es\/gl\/contacto\/#breadcrumb","itemListElement":[{"@type":"ListItem","position":1,"name":"Portada","item":"https:\/\/ccastermas.valordeley.es\/gl\/"},{"@type":"ListItem","position":2,"name":"Contacto"}]},{"@type":"WebSite","@id":"https:\/\/ccastermas.valordeley.es\/gl\/#website","url":"https:\/\/ccastermas.valordeley.es\/gl\/","name":"Centro Comercial As Termas","description":"Centro Comercial As Termas: Tu Centro Comercial en Lugo","publisher":{"@id":"https:\/\/ccastermas.valordeley.es\/gl\/#organization"},"potentialAction":[{"@type":"SearchAction","target":{"@type":"EntryPoint","urlTemplate":"https:\/\/ccastermas.valordeley.es\/gl\/?s={search_term_string}"},"query-input":{"@type":"PropertyValueSpecification","valueRequired":true,"valueName":"search_term_string"}}],"inLanguage":"gl-ES"},{"@type":"Organization","@id":"https:\/\/ccastermas.valordeley.es\/gl\/#organization","name":"As Termas","alternateName":"Centro Comercial As Termas","url":"https:\/\/ccastermas.valordeley.es\/gl\/","logo":{"@type":"ImageObject","inLanguage":"gl-ES","@id":"https:\/\/ccastermas.valordeley.es\/gl\/#\/schema\/logo\/image\/","url":"https:\/\/ccastermas.valordeley.es\/wp-content\/uploads\/2024\/10\/cropped-favicon-portal-de-la-marina.jpg","contentUrl":"https:\/\/ccastermas.valordeley.es\/wp-content\/uploads\/2024\/10\/cropped-favicon-portal-de-la-marina.jpg","width":512,"height":512,"caption":"As Termas"},"image":{"@id":"https:\/\/ccastermas.valordeley.es\/gl\/#\/schema\/logo\/image\/"}}]}},"publishpress_future_action":{"enabled":false,"date":"2026-04-22 20:05:10","action":"change-status","newStatus":"draft","terms":[],"taxonomy":"translation_priority"},"publishpress_future_workflow_manual_trigger":{"enabledWorkflows":[]},"_links":{"self":[{"href":"https:\/\/ccastermas.valordeley.es\/gl\/wp-json\/wp\/v2\/pages\/83843","targetHints":{"allow":["GET"]}}],"collection":[{"href":"https:\/\/ccastermas.valordeley.es\/gl\/wp-json\/wp\/v2\/pages"}],"about":[{"href":"https:\/\/ccastermas.valordeley.es\/gl\/wp-json\/wp\/v2\/types\/page"}],"author":[{"embeddable":true,"href":"https:\/\/ccastermas.valordeley.es\/gl\/wp-json\/wp\/v2\/users\/6"}],"replies":[{"embeddable":true,"href":"https:\/\/ccastermas.valordeley.es\/gl\/wp-json\/wp\/v2\/comments?post=83843"}],"version-history":[{"count":5,"href":"https:\/\/ccastermas.valordeley.es\/gl\/wp-json\/wp\/v2\/pages\/83843\/revisions"}],"predecessor-version":[{"id":85033,"href":"https:\/\/ccastermas.valordeley.es\/gl\/wp-json\/wp\/v2\/pages\/83843\/revisions\/85033"}],"wp:attachment":[{"href":"https:\/\/ccastermas.valordeley.es\/gl\/wp-json\/wp\/v2\/media?parent=83843"}],"curies":[{"name":"wp","href":"https:\/\/api.w.org\/{rel}","templated":true}]}}