{"id":83862,"date":"2025-08-20T13:59:52","date_gmt":"2025-08-20T11:59:52","guid":{"rendered":"https:\/\/astermas.valordeley.es\/?page_id=83862"},"modified":"2025-08-25T10:29:25","modified_gmt":"2025-08-25T08:29:25","slug":"sobre-nos","status":"publish","type":"page","link":"https:\/\/ccastermas.valordeley.es\/gl\/sobre-nos\/","title":{"rendered":"Sobre n\u00f3s"},"content":{"rendered":"\t\t<div data-elementor-type=\"wp-page\" data-elementor-id=\"83862\" class=\"elementor elementor-83862 elementor-77443\">\n\t\t\t\t\t\t<section class=\"elementor-section elementor-top-section elementor-element elementor-element-cd655c2 elementor-section-height-min-height elementor-hidden-mobile elementor-hidden-tablet elementor-section-boxed elementor-section-height-default elementor-section-items-middle\" data-id=\"cd655c2\" data-element_type=\"section\" data-settings=\"{&quot;background_background&quot;:&quot;classic&quot;}\">\n\t\t\t\t\t\t<div class=\"elementor-container elementor-column-gap-default\">\n\t\t\t\t\t<div class=\" elementor-column elementor-col-100 elementor-top-column elementor-element elementor-element-2a13eaf\" data-fullscreen-column-settings=\"{&quot;fullscreen&quot;:&quot;&quot;}\" data-id=\"2a13eaf\" data-element_type=\"column\">\n\t\t\t<div class=\"elementor-widget-wrap\">\n\t\t\t\t\t\t\t<\/div>\n\t\t<\/div>\n\t\t\t\t\t<\/div>\n\t\t<\/section>\n\t\t<div class=\"elementor-element elementor-element-aeab89f e-flex e-con-boxed e-con e-parent\" data-id=\"aeab89f\" data-element_type=\"container\" data-settings=\"{&quot;background_background&quot;:&quot;classic&quot;}\">\n\t\t\t\t\t<div class=\"e-con-inner\">\n\t\t<div class=\"elementor-element elementor-element-4d26bdd e-con-full e-flex e-con e-child\" data-id=\"4d26bdd\" data-element_type=\"container\">\n\t\t\t\t<div class=\"elementor-element elementor-element-ad52c1e elementor-widget elementor-widget-heading\" data-id=\"ad52c1e\" data-element_type=\"widget\" data-widget_type=\"heading.default\">\n\t\t\t\t<div class=\"elementor-widget-container\">\n\t\t\t\t\t<h1 class=\"elementor-heading-title elementor-size-default\">SOBRE N\u00d3S<\/h1>\t\t\t\t<\/div>\n\t\t\t\t<\/div>\n\t\t\t\t<\/div>\n\t\t\t\t\t<\/div>\n\t\t\t\t<\/div>\n\t\t<div class=\"elementor-element elementor-element-065c247 e-flex e-con-boxed e-con e-parent\" data-id=\"065c247\" data-element_type=\"container\">\n\t\t\t\t\t<div class=\"e-con-inner\">\n\t\t<div class=\"elementor-element elementor-element-5f12c8d e-con-full e-flex e-con e-child\" data-id=\"5f12c8d\" data-element_type=\"container\">\n\t\t\t\t<div class=\"elementor-element elementor-element-a6542ff elementor-widget elementor-widget-text-editor\" data-id=\"a6542ff\" data-element_type=\"widget\" data-widget_type=\"text-editor.default\">\n\t\t\t\t<div class=\"elementor-widget-container\">\n\t\t\t\t\t\t\t\t\t<p>O complexo\u00a0\u00a0<strong>As Termas<\/strong>\u00a0de Lugo introduce un concepto de compra e lecer na capital lucense.\u00a0 As Termas \u00e9 un centro comercial especialmente pensado e dese\u00f1ado para a poboaci\u00f3n da cidade e as poboaci\u00f3ns da provincia de Lugo.<\/p><p>Unha distribuci\u00f3n racional e equilibrada dos espazos comerciais e de lecer converten ao Centro Comercial\u00a0 As Termas no lugar ideal para todo tipo de p\u00fablicos. A s\u00faa estrat\u00e9xica situaci\u00f3n xeogr\u00e1fica, amplos e c\u00f3modos accesos, e a s\u00faa completa e variada oferta, que incl\u00fae un hipermercado, grandes e medianas superficies e tendas especializadas en todo tipo de produtos, cobre todas as necesidades do consumidor local, que non s\u00f3 acode a As Termas a efectuar as s\u00faas compras; sen\u00f3n que tam\u00e9n goza dunha proposta de lecer e restauraci\u00f3n \u00fanica en toda a comarca.<\/p><p>A planta alta ofrece unha moderna oferta de lecer, con multitude de locais de restauraci\u00f3n, amplas \u00e1reas de descanso ou 8 salas de cinema coa \u00faltima tecnolox\u00eda en son e imaxe entre outros servizos.<\/p>\t\t\t\t\t\t\t\t<\/div>\n\t\t\t\t<\/div>\n\t\t\t\t<\/div>\n\t\t<div class=\"elementor-element elementor-element-f0795e1 e-con-full e-flex e-con e-child\" data-id=\"f0795e1\" data-element_type=\"container\">\n\t\t<div class=\"elementor-element elementor-element-26c22ae e-grid e-con-full e-con e-child\" data-id=\"26c22ae\" data-element_type=\"container\">\n\t\t\t\t<div class=\"elementor-element elementor-element-900d468 elementor-widget elementor-widget-image\" data-id=\"900d468\" data-element_type=\"widget\" data-widget_type=\"image.default\">\n\t\t\t\t<div class=\"elementor-widget-container\">\n\t\t\t\t\t\t\t\t\t\t\t\t\t\t\t\t<a href=\"https:\/\/ccastermas.valordeley.es\/wp-content\/uploads\/2025\/08\/sobre-nosotros-001-280x250-1-1.jpg\" data-elementor-open-lightbox=\"yes\" data-elementor-lightbox-title=\"sobre-nosotros-001-280x250-1.jpg\" data-e-action-hash=\"#elementor-action%3Aaction%3Dlightbox%26settings%3DeyJpZCI6ODQ2MjEsInVybCI6Imh0dHBzOlwvXC9jY2FzdGVybWFzLnZhbG9yZGVsZXkuZXNcL3dwLWNvbnRlbnRcL3VwbG9hZHNcLzIwMjVcLzA4XC9zb2JyZS1ub3NvdHJvcy0wMDEtMjgweDI1MC0xLTEuanBnIn0%3D\">\n\t\t\t\t\t\t\t<img fetchpriority=\"high\" decoding=\"async\" width=\"280\" height=\"250\" src=\"https:\/\/ccastermas.valordeley.es\/wp-content\/uploads\/2025\/08\/sobre-nosotros-001-280x250-1-1.jpg\" class=\"attachment-2048x2048 size-2048x2048 wp-image-84621\" alt=\"\" srcset=\"https:\/\/ccastermas.valordeley.es\/wp-content\/uploads\/2025\/08\/sobre-nosotros-001-280x250-1-1.jpg 280w, https:\/\/ccastermas.valordeley.es\/wp-content\/uploads\/2025\/08\/sobre-nosotros-001-280x250-1-1-200x179.jpg 200w\" sizes=\"(max-width: 280px) 100vw, 280px\" \/>\t\t\t\t\t\t\t\t<\/a>\n\t\t\t\t\t\t\t\t\t\t\t\t\t\t\t<\/div>\n\t\t\t\t<\/div>\n\t\t\t\t<div class=\"elementor-element elementor-element-2a34bd3 elementor-widget elementor-widget-image\" data-id=\"2a34bd3\" data-element_type=\"widget\" data-widget_type=\"image.default\">\n\t\t\t\t<div class=\"elementor-widget-container\">\n\t\t\t\t\t\t\t\t\t\t\t\t\t\t\t\t<a href=\"https:\/\/ccastermas.valordeley.es\/wp-content\/uploads\/2025\/08\/sobre-nosotros-2-280x250-1-1.jpg\" data-elementor-open-lightbox=\"yes\" data-elementor-lightbox-title=\"sobre-nosotros-2-280x250-1.jpg\" data-e-action-hash=\"#elementor-action%3Aaction%3Dlightbox%26settings%3DeyJpZCI6ODQ2MjMsInVybCI6Imh0dHBzOlwvXC9jY2FzdGVybWFzLnZhbG9yZGVsZXkuZXNcL3dwLWNvbnRlbnRcL3VwbG9hZHNcLzIwMjVcLzA4XC9zb2JyZS1ub3NvdHJvcy0yLTI4MHgyNTAtMS0xLmpwZyJ9\">\n\t\t\t\t\t\t\t<img decoding=\"async\" width=\"280\" height=\"250\" src=\"https:\/\/ccastermas.valordeley.es\/wp-content\/uploads\/2025\/08\/sobre-nosotros-2-280x250-1-1.jpg\" class=\"attachment-2048x2048 size-2048x2048 wp-image-84623\" alt=\"\" srcset=\"https:\/\/ccastermas.valordeley.es\/wp-content\/uploads\/2025\/08\/sobre-nosotros-2-280x250-1-1.jpg 280w, https:\/\/ccastermas.valordeley.es\/wp-content\/uploads\/2025\/08\/sobre-nosotros-2-280x250-1-1-200x179.jpg 200w\" sizes=\"(max-width: 280px) 100vw, 280px\" \/>\t\t\t\t\t\t\t\t<\/a>\n\t\t\t\t\t\t\t\t\t\t\t\t\t\t\t<\/div>\n\t\t\t\t<\/div>\n\t\t\t\t<div class=\"elementor-element elementor-element-fe688a8 elementor-widget elementor-widget-image\" data-id=\"fe688a8\" data-element_type=\"widget\" data-widget_type=\"image.default\">\n\t\t\t\t<div class=\"elementor-widget-container\">\n\t\t\t\t\t\t\t\t\t\t\t\t\t\t\t\t<a href=\"https:\/\/ccastermas.valordeley.es\/wp-content\/uploads\/2025\/08\/sobre-nosotros-003-280x250-1-1.jpg\" data-elementor-open-lightbox=\"yes\" data-elementor-lightbox-title=\"sobre-nosotros-003-280x250-1.jpg\" data-e-action-hash=\"#elementor-action%3Aaction%3Dlightbox%26settings%3DeyJpZCI6ODQ2MjUsInVybCI6Imh0dHBzOlwvXC9jY2FzdGVybWFzLnZhbG9yZGVsZXkuZXNcL3dwLWNvbnRlbnRcL3VwbG9hZHNcLzIwMjVcLzA4XC9zb2JyZS1ub3NvdHJvcy0wMDMtMjgweDI1MC0xLTEuanBnIn0%3D\">\n\t\t\t\t\t\t\t<img decoding=\"async\" width=\"280\" height=\"250\" src=\"https:\/\/ccastermas.valordeley.es\/wp-content\/uploads\/2025\/08\/sobre-nosotros-003-280x250-1-1.jpg\" class=\"attachment-2048x2048 size-2048x2048 wp-image-84625\" alt=\"\" srcset=\"https:\/\/ccastermas.valordeley.es\/wp-content\/uploads\/2025\/08\/sobre-nosotros-003-280x250-1-1.jpg 280w, https:\/\/ccastermas.valordeley.es\/wp-content\/uploads\/2025\/08\/sobre-nosotros-003-280x250-1-1-200x179.jpg 200w\" sizes=\"(max-width: 280px) 100vw, 280px\" \/>\t\t\t\t\t\t\t\t<\/a>\n\t\t\t\t\t\t\t\t\t\t\t\t\t\t\t<\/div>\n\t\t\t\t<\/div>\n\t\t\t\t<div class=\"elementor-element elementor-element-aecc42f elementor-widget elementor-widget-image\" data-id=\"aecc42f\" data-element_type=\"widget\" data-widget_type=\"image.default\">\n\t\t\t\t<div class=\"elementor-widget-container\">\n\t\t\t\t\t\t\t\t\t\t\t\t\t\t\t\t<a href=\"https:\/\/ccastermas.valordeley.es\/wp-content\/uploads\/2025\/08\/sobre-nosotros-004-280x250-1-1.jpg\" data-elementor-open-lightbox=\"yes\" data-elementor-lightbox-title=\"sobre-nosotros-004-280x250-1.jpg\" data-e-action-hash=\"#elementor-action%3Aaction%3Dlightbox%26settings%3DeyJpZCI6ODQ2MjcsInVybCI6Imh0dHBzOlwvXC9jY2FzdGVybWFzLnZhbG9yZGVsZXkuZXNcL3dwLWNvbnRlbnRcL3VwbG9hZHNcLzIwMjVcLzA4XC9zb2JyZS1ub3NvdHJvcy0wMDQtMjgweDI1MC0xLTEuanBnIn0%3D\">\n\t\t\t\t\t\t\t<img loading=\"lazy\" decoding=\"async\" width=\"280\" height=\"250\" src=\"https:\/\/ccastermas.valordeley.es\/wp-content\/uploads\/2025\/08\/sobre-nosotros-004-280x250-1-1.jpg\" class=\"attachment-2048x2048 size-2048x2048 wp-image-84627\" alt=\"\" srcset=\"https:\/\/ccastermas.valordeley.es\/wp-content\/uploads\/2025\/08\/sobre-nosotros-004-280x250-1-1.jpg 280w, https:\/\/ccastermas.valordeley.es\/wp-content\/uploads\/2025\/08\/sobre-nosotros-004-280x250-1-1-200x179.jpg 200w\" sizes=\"(max-width: 280px) 100vw, 280px\" \/>\t\t\t\t\t\t\t\t<\/a>\n\t\t\t\t\t\t\t\t\t\t\t\t\t\t\t<\/div>\n\t\t\t\t<\/div>\n\t\t\t\t<div class=\"elementor-element elementor-element-4a2bda3 elementor-widget elementor-widget-image\" data-id=\"4a2bda3\" data-element_type=\"widget\" data-widget_type=\"image.default\">\n\t\t\t\t<div class=\"elementor-widget-container\">\n\t\t\t\t\t\t\t\t\t\t\t\t\t\t\t\t<a href=\"https:\/\/ccastermas.valordeley.es\/wp-content\/uploads\/2025\/08\/sobre-nosotros-5-280x250-1-1.jpg\" data-elementor-open-lightbox=\"yes\" data-elementor-lightbox-title=\"sobre-nosotros-5-280x250-1.jpg\" data-e-action-hash=\"#elementor-action%3Aaction%3Dlightbox%26settings%3DeyJpZCI6ODQ2MjksInVybCI6Imh0dHBzOlwvXC9jY2FzdGVybWFzLnZhbG9yZGVsZXkuZXNcL3dwLWNvbnRlbnRcL3VwbG9hZHNcLzIwMjVcLzA4XC9zb2JyZS1ub3NvdHJvcy01LTI4MHgyNTAtMS0xLmpwZyJ9\">\n\t\t\t\t\t\t\t<img loading=\"lazy\" decoding=\"async\" width=\"280\" height=\"250\" src=\"https:\/\/ccastermas.valordeley.es\/wp-content\/uploads\/2025\/08\/sobre-nosotros-5-280x250-1-1.jpg\" class=\"attachment-2048x2048 size-2048x2048 wp-image-84629\" alt=\"\" srcset=\"https:\/\/ccastermas.valordeley.es\/wp-content\/uploads\/2025\/08\/sobre-nosotros-5-280x250-1-1.jpg 280w, https:\/\/ccastermas.valordeley.es\/wp-content\/uploads\/2025\/08\/sobre-nosotros-5-280x250-1-1-200x179.jpg 200w\" sizes=\"(max-width: 280px) 100vw, 280px\" \/>\t\t\t\t\t\t\t\t<\/a>\n\t\t\t\t\t\t\t\t\t\t\t\t\t\t\t<\/div>\n\t\t\t\t<\/div>\n\t\t\t\t<div class=\"elementor-element elementor-element-8d641cd elementor-widget elementor-widget-image\" data-id=\"8d641cd\" data-element_type=\"widget\" data-widget_type=\"image.default\">\n\t\t\t\t<div class=\"elementor-widget-container\">\n\t\t\t\t\t\t\t\t\t\t\t\t\t\t\t\t<a href=\"https:\/\/ccastermas.valordeley.es\/wp-content\/uploads\/2025\/08\/sobre-nosotros-006-280x250-1-1.jpg\" data-elementor-open-lightbox=\"yes\" data-elementor-lightbox-title=\"sobre-nosotros-006-280x250-1.jpg\" data-e-action-hash=\"#elementor-action%3Aaction%3Dlightbox%26settings%3DeyJpZCI6ODQ2MzEsInVybCI6Imh0dHBzOlwvXC9jY2FzdGVybWFzLnZhbG9yZGVsZXkuZXNcL3dwLWNvbnRlbnRcL3VwbG9hZHNcLzIwMjVcLzA4XC9zb2JyZS1ub3NvdHJvcy0wMDYtMjgweDI1MC0xLTEuanBnIn0%3D\">\n\t\t\t\t\t\t\t<img loading=\"lazy\" decoding=\"async\" width=\"280\" height=\"250\" src=\"https:\/\/ccastermas.valordeley.es\/wp-content\/uploads\/2025\/08\/sobre-nosotros-006-280x250-1-1.jpg\" class=\"attachment-2048x2048 size-2048x2048 wp-image-84631\" alt=\"\" srcset=\"https:\/\/ccastermas.valordeley.es\/wp-content\/uploads\/2025\/08\/sobre-nosotros-006-280x250-1-1.jpg 280w, https:\/\/ccastermas.valordeley.es\/wp-content\/uploads\/2025\/08\/sobre-nosotros-006-280x250-1-1-200x179.jpg 200w\" sizes=\"(max-width: 280px) 100vw, 280px\" \/>\t\t\t\t\t\t\t\t<\/a>\n\t\t\t\t\t\t\t\t\t\t\t\t\t\t\t<\/div>\n\t\t\t\t<\/div>\n\t\t\t\t<\/div>\n\t\t\t\t<\/div>\n\t\t\t\t\t<\/div>\n\t\t\t\t<\/div>\n\t\t\t\t<\/div>\n\t\t","protected":false},"excerpt":{"rendered":"<p>SOBRE N\u00d3S O complexo\u00a0\u00a0As Termas\u00a0de Lugo introduce un concepto de compra e lecer na capital lucense.\u00a0 As Termas \u00e9 un centro comercial especialmente pensado e dese\u00f1ado para a poboaci\u00f3n da cidade e as poboaci\u00f3ns da provincia de Lugo. Unha distribuci\u00f3n racional e equilibrada dos espazos comerciais e de lecer converten ao Centro Comercial\u00a0 As Termas [&hellip;]<\/p>\n","protected":false},"author":6,"featured_media":0,"parent":0,"menu_order":233,"comment_status":"closed","ping_status":"closed","template":"","meta":{"footnotes":""},"class_list":["post-83862","page","type-page","status-publish","hentry"],"yoast_head":"<!-- This site is optimized with the Yoast SEO plugin v25.4 - https:\/\/yoast.com\/wordpress\/plugins\/seo\/ -->\n<title>Sobre n\u00f3s | Centro Comercial As Termas<\/title>\n<meta name=\"description\" content=\"O Centro Comercial As Termas \u00e9 o centro comercial da cidade de Lugo. Un punto de encontro con tendas, restaurantes... Ven a co\u00f1ecernos!\" \/>\n<meta name=\"robots\" content=\"noindex, follow, max-snippet:-1, max-image-preview:large, max-video-preview:-1\" \/>\n<meta property=\"og:locale\" content=\"gl_ES\" \/>\n<meta property=\"og:type\" content=\"article\" \/>\n<meta property=\"og:title\" content=\"Sobre n\u00f3s | Centro Comercial As Termas\" \/>\n<meta property=\"og:description\" content=\"O Centro Comercial As Termas \u00e9 o centro comercial da cidade de Lugo. Un punto de encontro con tendas, restaurantes... Ven a co\u00f1ecernos!\" \/>\n<meta property=\"og:url\" content=\"https:\/\/ccastermas.valordeley.es\/gl\/sobre-nos\/\" \/>\n<meta property=\"og:site_name\" content=\"Centro Comercial As Termas\" \/>\n<meta property=\"article:modified_time\" content=\"2025-08-25T08:29:25+00:00\" \/>\n<meta property=\"og:image\" content=\"https:\/\/ccastermas.valordeley.es\/wp-content\/uploads\/2025\/08\/sobre-nosotros-001-280x250-1-1.jpg\" \/>\n<meta name=\"twitter:card\" content=\"summary_large_image\" \/>\n<meta name=\"twitter:label1\" content=\"Tempo de lectura\" \/>\n\t<meta name=\"twitter:data1\" content=\"2 minutos\" \/>\n<script type=\"application\/ld+json\" class=\"yoast-schema-graph\">{\"@context\":\"https:\/\/schema.org\",\"@graph\":[{\"@type\":\"WebPage\",\"@id\":\"https:\/\/ccastermas.valordeley.es\/gl\/sobre-nos\/\",\"url\":\"https:\/\/ccastermas.valordeley.es\/gl\/sobre-nos\/\",\"name\":\"Sobre n\u00f3s | Centro Comercial As Termas\",\"isPartOf\":{\"@id\":\"https:\/\/ccastermas.valordeley.es\/gl\/#website\"},\"primaryImageOfPage\":{\"@id\":\"https:\/\/ccastermas.valordeley.es\/gl\/sobre-nos\/#primaryimage\"},\"image\":{\"@id\":\"https:\/\/ccastermas.valordeley.es\/gl\/sobre-nos\/#primaryimage\"},\"thumbnailUrl\":\"https:\/\/ccastermas.valordeley.es\/wp-content\/uploads\/2025\/08\/sobre-nosotros-001-280x250-1-1.jpg\",\"datePublished\":\"2025-08-20T11:59:52+00:00\",\"dateModified\":\"2025-08-25T08:29:25+00:00\",\"description\":\"O Centro Comercial As Termas \u00e9 o centro comercial da cidade de Lugo. Un punto de encontro con tendas, restaurantes... Ven a co\u00f1ecernos!\",\"breadcrumb\":{\"@id\":\"https:\/\/ccastermas.valordeley.es\/gl\/sobre-nos\/#breadcrumb\"},\"inLanguage\":\"gl-ES\",\"potentialAction\":[{\"@type\":\"ReadAction\",\"target\":[\"https:\/\/ccastermas.valordeley.es\/gl\/sobre-nos\/\"]}]},{\"@type\":\"ImageObject\",\"inLanguage\":\"gl-ES\",\"@id\":\"https:\/\/ccastermas.valordeley.es\/gl\/sobre-nos\/#primaryimage\",\"url\":\"https:\/\/ccastermas.valordeley.es\/wp-content\/uploads\/2025\/08\/sobre-nosotros-001-280x250-1-1.jpg\",\"contentUrl\":\"https:\/\/ccastermas.valordeley.es\/wp-content\/uploads\/2025\/08\/sobre-nosotros-001-280x250-1-1.jpg\"},{\"@type\":\"BreadcrumbList\",\"@id\":\"https:\/\/ccastermas.valordeley.es\/gl\/sobre-nos\/#breadcrumb\",\"itemListElement\":[{\"@type\":\"ListItem\",\"position\":1,\"name\":\"Portada\",\"item\":\"https:\/\/ccastermas.valordeley.es\/gl\/\"},{\"@type\":\"ListItem\",\"position\":2,\"name\":\"Sobre n\u00f3s\"}]},{\"@type\":\"WebSite\",\"@id\":\"https:\/\/ccastermas.valordeley.es\/gl\/#website\",\"url\":\"https:\/\/ccastermas.valordeley.es\/gl\/\",\"name\":\"Centro Comercial As Termas\",\"description\":\"Centro Comercial As Termas: Tu Centro Comercial en Lugo\",\"publisher\":{\"@id\":\"https:\/\/ccastermas.valordeley.es\/gl\/#organization\"},\"potentialAction\":[{\"@type\":\"SearchAction\",\"target\":{\"@type\":\"EntryPoint\",\"urlTemplate\":\"https:\/\/ccastermas.valordeley.es\/gl\/?s={search_term_string}\"},\"query-input\":{\"@type\":\"PropertyValueSpecification\",\"valueRequired\":true,\"valueName\":\"search_term_string\"}}],\"inLanguage\":\"gl-ES\"},{\"@type\":\"Organization\",\"@id\":\"https:\/\/ccastermas.valordeley.es\/gl\/#organization\",\"name\":\"As Termas\",\"alternateName\":\"Centro Comercial As Termas\",\"url\":\"https:\/\/ccastermas.valordeley.es\/gl\/\",\"logo\":{\"@type\":\"ImageObject\",\"inLanguage\":\"gl-ES\",\"@id\":\"https:\/\/ccastermas.valordeley.es\/gl\/#\/schema\/logo\/image\/\",\"url\":\"https:\/\/ccastermas.valordeley.es\/wp-content\/uploads\/2024\/10\/cropped-favicon-portal-de-la-marina.jpg\",\"contentUrl\":\"https:\/\/ccastermas.valordeley.es\/wp-content\/uploads\/2024\/10\/cropped-favicon-portal-de-la-marina.jpg\",\"width\":512,\"height\":512,\"caption\":\"As Termas\"},\"image\":{\"@id\":\"https:\/\/ccastermas.valordeley.es\/gl\/#\/schema\/logo\/image\/\"}}]}<\/script>\n<!-- \/ Yoast SEO plugin. -->","yoast_head_json":{"title":"Sobre n\u00f3s | Centro Comercial As Termas","description":"O Centro Comercial As Termas \u00e9 o centro comercial da cidade de Lugo. Un punto de encontro con tendas, restaurantes... Ven a co\u00f1ecernos!","robots":{"index":"noindex","follow":"follow","max-snippet":"max-snippet:-1","max-image-preview":"max-image-preview:large","max-video-preview":"max-video-preview:-1"},"og_locale":"gl_ES","og_type":"article","og_title":"Sobre n\u00f3s | Centro Comercial As Termas","og_description":"O Centro Comercial As Termas \u00e9 o centro comercial da cidade de Lugo. Un punto de encontro con tendas, restaurantes... Ven a co\u00f1ecernos!","og_url":"https:\/\/ccastermas.valordeley.es\/gl\/sobre-nos\/","og_site_name":"Centro Comercial As Termas","article_modified_time":"2025-08-25T08:29:25+00:00","og_image":[{"url":"https:\/\/ccastermas.valordeley.es\/wp-content\/uploads\/2025\/08\/sobre-nosotros-001-280x250-1-1.jpg","type":"","width":"","height":""}],"twitter_card":"summary_large_image","twitter_misc":{"Tempo de lectura":"2 minutos"},"schema":{"@context":"https:\/\/schema.org","@graph":[{"@type":"WebPage","@id":"https:\/\/ccastermas.valordeley.es\/gl\/sobre-nos\/","url":"https:\/\/ccastermas.valordeley.es\/gl\/sobre-nos\/","name":"Sobre n\u00f3s | Centro Comercial As Termas","isPartOf":{"@id":"https:\/\/ccastermas.valordeley.es\/gl\/#website"},"primaryImageOfPage":{"@id":"https:\/\/ccastermas.valordeley.es\/gl\/sobre-nos\/#primaryimage"},"image":{"@id":"https:\/\/ccastermas.valordeley.es\/gl\/sobre-nos\/#primaryimage"},"thumbnailUrl":"https:\/\/ccastermas.valordeley.es\/wp-content\/uploads\/2025\/08\/sobre-nosotros-001-280x250-1-1.jpg","datePublished":"2025-08-20T11:59:52+00:00","dateModified":"2025-08-25T08:29:25+00:00","description":"O Centro Comercial As Termas \u00e9 o centro comercial da cidade de Lugo. Un punto de encontro con tendas, restaurantes... Ven a co\u00f1ecernos!","breadcrumb":{"@id":"https:\/\/ccastermas.valordeley.es\/gl\/sobre-nos\/#breadcrumb"},"inLanguage":"gl-ES","potentialAction":[{"@type":"ReadAction","target":["https:\/\/ccastermas.valordeley.es\/gl\/sobre-nos\/"]}]},{"@type":"ImageObject","inLanguage":"gl-ES","@id":"https:\/\/ccastermas.valordeley.es\/gl\/sobre-nos\/#primaryimage","url":"https:\/\/ccastermas.valordeley.es\/wp-content\/uploads\/2025\/08\/sobre-nosotros-001-280x250-1-1.jpg","contentUrl":"https:\/\/ccastermas.valordeley.es\/wp-content\/uploads\/2025\/08\/sobre-nosotros-001-280x250-1-1.jpg"},{"@type":"BreadcrumbList","@id":"https:\/\/ccastermas.valordeley.es\/gl\/sobre-nos\/#breadcrumb","itemListElement":[{"@type":"ListItem","position":1,"name":"Portada","item":"https:\/\/ccastermas.valordeley.es\/gl\/"},{"@type":"ListItem","position":2,"name":"Sobre n\u00f3s"}]},{"@type":"WebSite","@id":"https:\/\/ccastermas.valordeley.es\/gl\/#website","url":"https:\/\/ccastermas.valordeley.es\/gl\/","name":"Centro Comercial As Termas","description":"Centro Comercial As Termas: Tu Centro Comercial en Lugo","publisher":{"@id":"https:\/\/ccastermas.valordeley.es\/gl\/#organization"},"potentialAction":[{"@type":"SearchAction","target":{"@type":"EntryPoint","urlTemplate":"https:\/\/ccastermas.valordeley.es\/gl\/?s={search_term_string}"},"query-input":{"@type":"PropertyValueSpecification","valueRequired":true,"valueName":"search_term_string"}}],"inLanguage":"gl-ES"},{"@type":"Organization","@id":"https:\/\/ccastermas.valordeley.es\/gl\/#organization","name":"As Termas","alternateName":"Centro Comercial As Termas","url":"https:\/\/ccastermas.valordeley.es\/gl\/","logo":{"@type":"ImageObject","inLanguage":"gl-ES","@id":"https:\/\/ccastermas.valordeley.es\/gl\/#\/schema\/logo\/image\/","url":"https:\/\/ccastermas.valordeley.es\/wp-content\/uploads\/2024\/10\/cropped-favicon-portal-de-la-marina.jpg","contentUrl":"https:\/\/ccastermas.valordeley.es\/wp-content\/uploads\/2024\/10\/cropped-favicon-portal-de-la-marina.jpg","width":512,"height":512,"caption":"As Termas"},"image":{"@id":"https:\/\/ccastermas.valordeley.es\/gl\/#\/schema\/logo\/image\/"}}]}},"publishpress_future_action":{"enabled":false,"date":"2026-04-22 19:16:18","action":"change-status","newStatus":"draft","terms":[],"taxonomy":"translation_priority"},"publishpress_future_workflow_manual_trigger":{"enabledWorkflows":[]},"_links":{"self":[{"href":"https:\/\/ccastermas.valordeley.es\/gl\/wp-json\/wp\/v2\/pages\/83862","targetHints":{"allow":["GET"]}}],"collection":[{"href":"https:\/\/ccastermas.valordeley.es\/gl\/wp-json\/wp\/v2\/pages"}],"about":[{"href":"https:\/\/ccastermas.valordeley.es\/gl\/wp-json\/wp\/v2\/types\/page"}],"author":[{"embeddable":true,"href":"https:\/\/ccastermas.valordeley.es\/gl\/wp-json\/wp\/v2\/users\/6"}],"replies":[{"embeddable":true,"href":"https:\/\/ccastermas.valordeley.es\/gl\/wp-json\/wp\/v2\/comments?post=83862"}],"version-history":[{"count":5,"href":"https:\/\/ccastermas.valordeley.es\/gl\/wp-json\/wp\/v2\/pages\/83862\/revisions"}],"predecessor-version":[{"id":84636,"href":"https:\/\/ccastermas.valordeley.es\/gl\/wp-json\/wp\/v2\/pages\/83862\/revisions\/84636"}],"wp:attachment":[{"href":"https:\/\/ccastermas.valordeley.es\/gl\/wp-json\/wp\/v2\/media?parent=83862"}],"curies":[{"name":"wp","href":"https:\/\/api.w.org\/{rel}","templated":true}]}}