{"id":83911,"date":"2025-08-20T14:44:54","date_gmt":"2025-08-20T12:44:54","guid":{"rendered":"https:\/\/astermas.valordeley.es\/?page_id=83911"},"modified":"2025-08-26T10:58:22","modified_gmt":"2025-08-26T08:58:22","slug":"alimentacion-gl","status":"publish","type":"page","link":"https:\/\/ccastermas.valordeley.es\/gl\/tiendas\/alimentacion-gl\/","title":{"rendered":"Tendas de alimentaci\u00f3n en Lugo"},"content":{"rendered":"\t\t<div data-elementor-type=\"wp-page\" data-elementor-id=\"83911\" class=\"elementor elementor-83911 elementor-15160\">\n\t\t\t\t<div class=\"elementor-element elementor-element-35f9bc82 e-flex e-con-boxed e-con e-parent\" data-id=\"35f9bc82\" data-element_type=\"container\">\n\t\t\t\t\t<div class=\"e-con-inner\">\n\t\t\t\t<div class=\"elementor-element elementor-element-15e63e7a elementor-hidden-desktop elementor-hidden-tablet elementor-hidden-mobile elementor-widget elementor-widget-text-editor\" data-id=\"15e63e7a\" data-element_type=\"widget\" data-widget_type=\"text-editor.default\">\n\t\t\t\t<div class=\"elementor-widget-container\">\n\t\t\t\t\t\t\t\t\t<p style=\"text-align: center;\">Goza da variedade de tendas de alimentaci\u00f3n do CC As Termas. Desde exquisitos lanches e doces ata supermercados de calidade como Family Cash, atopar\u00e1s todo o que necesitas no noso directorio de supermercados. Saca o teu lado m\u00e1is doce e disfruta do que queiras en Belros. Descubre as mellores opci\u00f3ns para satisfacer o teu padal en Lugo!<\/p>\t\t\t\t\t\t\t\t<\/div>\n\t\t\t\t<\/div>\n\t\t\t\t\t<\/div>\n\t\t\t\t<\/div>\n\t\t\t\t<\/div>\n\t\t","protected":false},"excerpt":{"rendered":"<p>Goza da variedade de tendas de alimentaci\u00f3n do CC As Termas. Desde exquisitos lanches e doces ata supermercados de calidade como Family Cash, atopar\u00e1s todo o que necesitas no noso directorio de supermercados. Saca o teu lado m\u00e1is doce e disfruta do que queiras en Belros. Descubre as mellores opci\u00f3ns para satisfacer o teu padal [&hellip;]<\/p>\n","protected":false},"author":6,"featured_media":1921,"parent":83818,"menu_order":0,"comment_status":"closed","ping_status":"closed","template":"page-tiendas.php","meta":{"footnotes":""},"class_list":["post-83911","page","type-page","status-publish","has-post-thumbnail","hentry"],"yoast_head":"<!-- This site is optimized with the Yoast SEO plugin v25.4 - https:\/\/yoast.com\/wordpress\/plugins\/seo\/ -->\n<title>Tendas de alimentaci\u00f3n en Lugo | Centro Comercial As Termas<\/title>\n<meta name=\"description\" content=\"Goza da variedade de tendas de alimentaci\u00f3n do CC As Termas.\" \/>\n<meta name=\"robots\" content=\"noindex, follow, max-snippet:-1, max-image-preview:large, max-video-preview:-1\" \/>\n<meta property=\"og:locale\" content=\"gl_ES\" \/>\n<meta property=\"og:type\" content=\"article\" \/>\n<meta property=\"og:title\" content=\"Tendas de alimentaci\u00f3n en Lugo | Centro Comercial As Termas\" \/>\n<meta property=\"og:description\" content=\"Goza da variedade de tendas de alimentaci\u00f3n do CC As Termas.\" \/>\n<meta property=\"og:url\" content=\"https:\/\/ccastermas.valordeley.es\/gl\/tiendas\/alimentacion-gl\/\" \/>\n<meta property=\"og:site_name\" content=\"Centro Comercial As Termas\" \/>\n<meta property=\"article:modified_time\" content=\"2025-08-26T08:58:22+00:00\" \/>\n<meta name=\"twitter:card\" content=\"summary_large_image\" \/>\n<meta name=\"twitter:label1\" content=\"Tempo de lectura\" \/>\n\t<meta name=\"twitter:data1\" content=\"1 minuto\" \/>\n<script type=\"application\/ld+json\" class=\"yoast-schema-graph\">{\"@context\":\"https:\/\/schema.org\",\"@graph\":[{\"@type\":\"WebPage\",\"@id\":\"https:\/\/ccastermas.valordeley.es\/gl\/tiendas\/alimentacion-gl\/\",\"url\":\"https:\/\/ccastermas.valordeley.es\/gl\/tiendas\/alimentacion-gl\/\",\"name\":\"Tendas de alimentaci\u00f3n en Lugo | Centro Comercial As Termas\",\"isPartOf\":{\"@id\":\"https:\/\/ccastermas.valordeley.es\/gl\/#website\"},\"primaryImageOfPage\":{\"@id\":\"https:\/\/ccastermas.valordeley.es\/gl\/tiendas\/alimentacion-gl\/#primaryimage\"},\"image\":{\"@id\":\"https:\/\/ccastermas.valordeley.es\/gl\/tiendas\/alimentacion-gl\/#primaryimage\"},\"thumbnailUrl\":\"\",\"datePublished\":\"2025-08-20T12:44:54+00:00\",\"dateModified\":\"2025-08-26T08:58:22+00:00\",\"description\":\"Goza da variedade de tendas de alimentaci\u00f3n do CC As Termas.\",\"breadcrumb\":{\"@id\":\"https:\/\/ccastermas.valordeley.es\/gl\/tiendas\/alimentacion-gl\/#breadcrumb\"},\"inLanguage\":\"gl-ES\",\"potentialAction\":[{\"@type\":\"ReadAction\",\"target\":[\"https:\/\/ccastermas.valordeley.es\/gl\/tiendas\/alimentacion-gl\/\"]}]},{\"@type\":\"ImageObject\",\"inLanguage\":\"gl-ES\",\"@id\":\"https:\/\/ccastermas.valordeley.es\/gl\/tiendas\/alimentacion-gl\/#primaryimage\",\"url\":\"\",\"contentUrl\":\"\"},{\"@type\":\"BreadcrumbList\",\"@id\":\"https:\/\/ccastermas.valordeley.es\/gl\/tiendas\/alimentacion-gl\/#breadcrumb\",\"itemListElement\":[{\"@type\":\"ListItem\",\"position\":1,\"name\":\"Portada\",\"item\":\"https:\/\/ccastermas.valordeley.es\/gl\/\"},{\"@type\":\"ListItem\",\"position\":2,\"name\":\"Tendas\",\"item\":\"https:\/\/ccastermas.valordeley.es\/gl\/tiendas\/\"},{\"@type\":\"ListItem\",\"position\":3,\"name\":\"Tendas de alimentaci\u00f3n en Lugo\"}]},{\"@type\":\"WebSite\",\"@id\":\"https:\/\/ccastermas.valordeley.es\/gl\/#website\",\"url\":\"https:\/\/ccastermas.valordeley.es\/gl\/\",\"name\":\"Centro Comercial As Termas\",\"description\":\"Centro Comercial As Termas: Tu Centro Comercial en Lugo\",\"publisher\":{\"@id\":\"https:\/\/ccastermas.valordeley.es\/gl\/#organization\"},\"potentialAction\":[{\"@type\":\"SearchAction\",\"target\":{\"@type\":\"EntryPoint\",\"urlTemplate\":\"https:\/\/ccastermas.valordeley.es\/gl\/?s={search_term_string}\"},\"query-input\":{\"@type\":\"PropertyValueSpecification\",\"valueRequired\":true,\"valueName\":\"search_term_string\"}}],\"inLanguage\":\"gl-ES\"},{\"@type\":\"Organization\",\"@id\":\"https:\/\/ccastermas.valordeley.es\/gl\/#organization\",\"name\":\"As Termas\",\"alternateName\":\"Centro Comercial As Termas\",\"url\":\"https:\/\/ccastermas.valordeley.es\/gl\/\",\"logo\":{\"@type\":\"ImageObject\",\"inLanguage\":\"gl-ES\",\"@id\":\"https:\/\/ccastermas.valordeley.es\/gl\/#\/schema\/logo\/image\/\",\"url\":\"https:\/\/ccastermas.valordeley.es\/wp-content\/uploads\/2024\/10\/cropped-favicon-portal-de-la-marina.jpg\",\"contentUrl\":\"https:\/\/ccastermas.valordeley.es\/wp-content\/uploads\/2024\/10\/cropped-favicon-portal-de-la-marina.jpg\",\"width\":512,\"height\":512,\"caption\":\"As Termas\"},\"image\":{\"@id\":\"https:\/\/ccastermas.valordeley.es\/gl\/#\/schema\/logo\/image\/\"}}]}<\/script>\n<!-- \/ Yoast SEO plugin. -->","yoast_head_json":{"title":"Tendas de alimentaci\u00f3n en Lugo | Centro Comercial As Termas","description":"Goza da variedade de tendas de alimentaci\u00f3n do CC As Termas.","robots":{"index":"noindex","follow":"follow","max-snippet":"max-snippet:-1","max-image-preview":"max-image-preview:large","max-video-preview":"max-video-preview:-1"},"og_locale":"gl_ES","og_type":"article","og_title":"Tendas de alimentaci\u00f3n en Lugo | Centro Comercial As Termas","og_description":"Goza da variedade de tendas de alimentaci\u00f3n do CC As Termas.","og_url":"https:\/\/ccastermas.valordeley.es\/gl\/tiendas\/alimentacion-gl\/","og_site_name":"Centro Comercial As Termas","article_modified_time":"2025-08-26T08:58:22+00:00","twitter_card":"summary_large_image","twitter_misc":{"Tempo de lectura":"1 minuto"},"schema":{"@context":"https:\/\/schema.org","@graph":[{"@type":"WebPage","@id":"https:\/\/ccastermas.valordeley.es\/gl\/tiendas\/alimentacion-gl\/","url":"https:\/\/ccastermas.valordeley.es\/gl\/tiendas\/alimentacion-gl\/","name":"Tendas de alimentaci\u00f3n en Lugo | Centro Comercial As Termas","isPartOf":{"@id":"https:\/\/ccastermas.valordeley.es\/gl\/#website"},"primaryImageOfPage":{"@id":"https:\/\/ccastermas.valordeley.es\/gl\/tiendas\/alimentacion-gl\/#primaryimage"},"image":{"@id":"https:\/\/ccastermas.valordeley.es\/gl\/tiendas\/alimentacion-gl\/#primaryimage"},"thumbnailUrl":"","datePublished":"2025-08-20T12:44:54+00:00","dateModified":"2025-08-26T08:58:22+00:00","description":"Goza da variedade de tendas de alimentaci\u00f3n do CC As Termas.","breadcrumb":{"@id":"https:\/\/ccastermas.valordeley.es\/gl\/tiendas\/alimentacion-gl\/#breadcrumb"},"inLanguage":"gl-ES","potentialAction":[{"@type":"ReadAction","target":["https:\/\/ccastermas.valordeley.es\/gl\/tiendas\/alimentacion-gl\/"]}]},{"@type":"ImageObject","inLanguage":"gl-ES","@id":"https:\/\/ccastermas.valordeley.es\/gl\/tiendas\/alimentacion-gl\/#primaryimage","url":"","contentUrl":""},{"@type":"BreadcrumbList","@id":"https:\/\/ccastermas.valordeley.es\/gl\/tiendas\/alimentacion-gl\/#breadcrumb","itemListElement":[{"@type":"ListItem","position":1,"name":"Portada","item":"https:\/\/ccastermas.valordeley.es\/gl\/"},{"@type":"ListItem","position":2,"name":"Tendas","item":"https:\/\/ccastermas.valordeley.es\/gl\/tiendas\/"},{"@type":"ListItem","position":3,"name":"Tendas de alimentaci\u00f3n en Lugo"}]},{"@type":"WebSite","@id":"https:\/\/ccastermas.valordeley.es\/gl\/#website","url":"https:\/\/ccastermas.valordeley.es\/gl\/","name":"Centro Comercial As Termas","description":"Centro Comercial As Termas: Tu Centro Comercial en Lugo","publisher":{"@id":"https:\/\/ccastermas.valordeley.es\/gl\/#organization"},"potentialAction":[{"@type":"SearchAction","target":{"@type":"EntryPoint","urlTemplate":"https:\/\/ccastermas.valordeley.es\/gl\/?s={search_term_string}"},"query-input":{"@type":"PropertyValueSpecification","valueRequired":true,"valueName":"search_term_string"}}],"inLanguage":"gl-ES"},{"@type":"Organization","@id":"https:\/\/ccastermas.valordeley.es\/gl\/#organization","name":"As Termas","alternateName":"Centro Comercial As Termas","url":"https:\/\/ccastermas.valordeley.es\/gl\/","logo":{"@type":"ImageObject","inLanguage":"gl-ES","@id":"https:\/\/ccastermas.valordeley.es\/gl\/#\/schema\/logo\/image\/","url":"https:\/\/ccastermas.valordeley.es\/wp-content\/uploads\/2024\/10\/cropped-favicon-portal-de-la-marina.jpg","contentUrl":"https:\/\/ccastermas.valordeley.es\/wp-content\/uploads\/2024\/10\/cropped-favicon-portal-de-la-marina.jpg","width":512,"height":512,"caption":"As Termas"},"image":{"@id":"https:\/\/ccastermas.valordeley.es\/gl\/#\/schema\/logo\/image\/"}}]}},"publishpress_future_action":{"enabled":false,"date":"2026-04-22 22:03:01","action":"change-status","newStatus":"draft","terms":[],"taxonomy":"translation_priority"},"publishpress_future_workflow_manual_trigger":{"enabledWorkflows":[]},"_links":{"self":[{"href":"https:\/\/ccastermas.valordeley.es\/gl\/wp-json\/wp\/v2\/pages\/83911","targetHints":{"allow":["GET"]}}],"collection":[{"href":"https:\/\/ccastermas.valordeley.es\/gl\/wp-json\/wp\/v2\/pages"}],"about":[{"href":"https:\/\/ccastermas.valordeley.es\/gl\/wp-json\/wp\/v2\/types\/page"}],"author":[{"embeddable":true,"href":"https:\/\/ccastermas.valordeley.es\/gl\/wp-json\/wp\/v2\/users\/6"}],"replies":[{"embeddable":true,"href":"https:\/\/ccastermas.valordeley.es\/gl\/wp-json\/wp\/v2\/comments?post=83911"}],"version-history":[{"count":5,"href":"https:\/\/ccastermas.valordeley.es\/gl\/wp-json\/wp\/v2\/pages\/83911\/revisions"}],"predecessor-version":[{"id":83993,"href":"https:\/\/ccastermas.valordeley.es\/gl\/wp-json\/wp\/v2\/pages\/83911\/revisions\/83993"}],"up":[{"embeddable":true,"href":"https:\/\/ccastermas.valordeley.es\/gl\/wp-json\/wp\/v2\/pages\/83818"}],"wp:featuredmedia":[{"embeddable":true,"href":"https:\/\/ccastermas.valordeley.es\/gl\/wp-json\/"}],"wp:attachment":[{"href":"https:\/\/ccastermas.valordeley.es\/gl\/wp-json\/wp\/v2\/media?parent=83911"}],"curies":[{"name":"wp","href":"https:\/\/api.w.org\/{rel}","templated":true}]}}