{"id":83923,"date":"2025-08-20T14:59:58","date_gmt":"2025-08-20T12:59:58","guid":{"rendered":"https:\/\/astermas.valordeley.es\/?page_id=83923"},"modified":"2025-08-21T13:37:21","modified_gmt":"2025-08-21T11:37:21","slug":"moda-gl","status":"publish","type":"page","link":"https:\/\/ccastermas.valordeley.es\/gl\/tiendas\/moda-gl\/","title":{"rendered":"Tendas de roupa en Lugo"},"content":{"rendered":"<p style=\"text-align: center;\">Na nosa p\u00e1xina de moda do centro comercial As Termas de Lugo podes atopar nun s\u00f3 lugar todas as principais marcas de roupa actuais. Desde as tendencias m\u00e1is populares ata os cl\u00e1sicos atemporais, temos todo o que necesitas para lucir \u00e1 moda e sentirte seguro no teu estilo. Na nosa ampla selecci\u00f3n de marcas, atopar\u00e1s de todo, desde Zara, Mango, Pull&amp;Bear, Bershka, Stradivarius e moitos m\u00e1is. Tanto se buscas un outfit casual para o d\u00eda a d\u00eda como un look elegante para unha ocasi\u00f3n especial, no noso centro comercial atopar\u00e1s todo o que necesitas para o teu garda-roupa.<\/p>\n","protected":false},"excerpt":{"rendered":"<p>Na nosa p\u00e1xina de moda do centro comercial As Termas de Lugo podes atopar nun s\u00f3 lugar todas as principais marcas de roupa actuais. Desde as tendencias m\u00e1is populares ata os cl\u00e1sicos atemporais, temos todo o que necesitas para lucir \u00e1 moda e sentirte seguro no teu estilo. Na nosa ampla selecci\u00f3n de marcas, atopar\u00e1s [&hellip;]<\/p>\n","protected":false},"author":6,"featured_media":1921,"parent":83818,"menu_order":0,"comment_status":"closed","ping_status":"closed","template":"page-tiendas.php","meta":{"footnotes":""},"class_list":["post-83923","page","type-page","status-publish","has-post-thumbnail","hentry"],"yoast_head":"<!-- This site is optimized with the Yoast SEO plugin v25.4 - https:\/\/yoast.com\/wordpress\/plugins\/seo\/ -->\n<title>Tendas de roupa en Lugo | Centro Comercial As Termas<\/title>\n<meta name=\"description\" content=\"Na nosa p\u00e1xina de moda do centro comercial As Termas de Lugo podes atopar nun s\u00f3 lugar todas as principais marcas de roupa actuais.\" \/>\n<meta name=\"robots\" content=\"noindex, follow, max-snippet:-1, max-image-preview:large, max-video-preview:-1\" \/>\n<meta property=\"og:locale\" content=\"gl_ES\" \/>\n<meta property=\"og:type\" content=\"article\" \/>\n<meta property=\"og:title\" content=\"Tendas de roupa en Lugo | Centro Comercial As Termas\" \/>\n<meta property=\"og:description\" content=\"Na nosa p\u00e1xina de moda do centro comercial As Termas de Lugo podes atopar nun s\u00f3 lugar todas as principais marcas de roupa actuais.\" \/>\n<meta property=\"og:url\" content=\"https:\/\/ccastermas.valordeley.es\/gl\/tiendas\/moda-gl\/\" \/>\n<meta property=\"og:site_name\" content=\"Centro Comercial As Termas\" \/>\n<meta property=\"article:modified_time\" content=\"2025-08-21T11:37:21+00:00\" \/>\n<meta name=\"twitter:card\" content=\"summary_large_image\" \/>\n<meta name=\"twitter:label1\" content=\"Tempo de lectura\" \/>\n\t<meta name=\"twitter:data1\" content=\"1 minuto\" \/>\n<script type=\"application\/ld+json\" class=\"yoast-schema-graph\">{\"@context\":\"https:\/\/schema.org\",\"@graph\":[{\"@type\":\"WebPage\",\"@id\":\"https:\/\/ccastermas.valordeley.es\/gl\/tiendas\/moda-gl\/\",\"url\":\"https:\/\/ccastermas.valordeley.es\/gl\/tiendas\/moda-gl\/\",\"name\":\"Tendas de roupa en Lugo | Centro Comercial As Termas\",\"isPartOf\":{\"@id\":\"https:\/\/ccastermas.valordeley.es\/gl\/#website\"},\"primaryImageOfPage\":{\"@id\":\"https:\/\/ccastermas.valordeley.es\/gl\/tiendas\/moda-gl\/#primaryimage\"},\"image\":{\"@id\":\"https:\/\/ccastermas.valordeley.es\/gl\/tiendas\/moda-gl\/#primaryimage\"},\"thumbnailUrl\":\"\",\"datePublished\":\"2025-08-20T12:59:58+00:00\",\"dateModified\":\"2025-08-21T11:37:21+00:00\",\"description\":\"Na nosa p\u00e1xina de moda do centro comercial As Termas de Lugo podes atopar nun s\u00f3 lugar todas as principais marcas de roupa actuais.\",\"breadcrumb\":{\"@id\":\"https:\/\/ccastermas.valordeley.es\/gl\/tiendas\/moda-gl\/#breadcrumb\"},\"inLanguage\":\"gl-ES\",\"potentialAction\":[{\"@type\":\"ReadAction\",\"target\":[\"https:\/\/ccastermas.valordeley.es\/gl\/tiendas\/moda-gl\/\"]}]},{\"@type\":\"ImageObject\",\"inLanguage\":\"gl-ES\",\"@id\":\"https:\/\/ccastermas.valordeley.es\/gl\/tiendas\/moda-gl\/#primaryimage\",\"url\":\"\",\"contentUrl\":\"\"},{\"@type\":\"BreadcrumbList\",\"@id\":\"https:\/\/ccastermas.valordeley.es\/gl\/tiendas\/moda-gl\/#breadcrumb\",\"itemListElement\":[{\"@type\":\"ListItem\",\"position\":1,\"name\":\"Portada\",\"item\":\"https:\/\/ccastermas.valordeley.es\/gl\/\"},{\"@type\":\"ListItem\",\"position\":2,\"name\":\"Tendas\",\"item\":\"https:\/\/ccastermas.valordeley.es\/gl\/tiendas\/\"},{\"@type\":\"ListItem\",\"position\":3,\"name\":\"Tendas de roupa en Lugo\"}]},{\"@type\":\"WebSite\",\"@id\":\"https:\/\/ccastermas.valordeley.es\/gl\/#website\",\"url\":\"https:\/\/ccastermas.valordeley.es\/gl\/\",\"name\":\"Centro Comercial As Termas\",\"description\":\"Centro Comercial As Termas: Tu Centro Comercial en Lugo\",\"publisher\":{\"@id\":\"https:\/\/ccastermas.valordeley.es\/gl\/#organization\"},\"potentialAction\":[{\"@type\":\"SearchAction\",\"target\":{\"@type\":\"EntryPoint\",\"urlTemplate\":\"https:\/\/ccastermas.valordeley.es\/gl\/?s={search_term_string}\"},\"query-input\":{\"@type\":\"PropertyValueSpecification\",\"valueRequired\":true,\"valueName\":\"search_term_string\"}}],\"inLanguage\":\"gl-ES\"},{\"@type\":\"Organization\",\"@id\":\"https:\/\/ccastermas.valordeley.es\/gl\/#organization\",\"name\":\"As Termas\",\"alternateName\":\"Centro Comercial As Termas\",\"url\":\"https:\/\/ccastermas.valordeley.es\/gl\/\",\"logo\":{\"@type\":\"ImageObject\",\"inLanguage\":\"gl-ES\",\"@id\":\"https:\/\/ccastermas.valordeley.es\/gl\/#\/schema\/logo\/image\/\",\"url\":\"https:\/\/ccastermas.valordeley.es\/wp-content\/uploads\/2024\/10\/cropped-favicon-portal-de-la-marina.jpg\",\"contentUrl\":\"https:\/\/ccastermas.valordeley.es\/wp-content\/uploads\/2024\/10\/cropped-favicon-portal-de-la-marina.jpg\",\"width\":512,\"height\":512,\"caption\":\"As Termas\"},\"image\":{\"@id\":\"https:\/\/ccastermas.valordeley.es\/gl\/#\/schema\/logo\/image\/\"}}]}<\/script>\n<!-- \/ Yoast SEO plugin. -->","yoast_head_json":{"title":"Tendas de roupa en Lugo | Centro Comercial As Termas","description":"Na nosa p\u00e1xina de moda do centro comercial As Termas de Lugo podes atopar nun s\u00f3 lugar todas as principais marcas de roupa actuais.","robots":{"index":"noindex","follow":"follow","max-snippet":"max-snippet:-1","max-image-preview":"max-image-preview:large","max-video-preview":"max-video-preview:-1"},"og_locale":"gl_ES","og_type":"article","og_title":"Tendas de roupa en Lugo | Centro Comercial As Termas","og_description":"Na nosa p\u00e1xina de moda do centro comercial As Termas de Lugo podes atopar nun s\u00f3 lugar todas as principais marcas de roupa actuais.","og_url":"https:\/\/ccastermas.valordeley.es\/gl\/tiendas\/moda-gl\/","og_site_name":"Centro Comercial As Termas","article_modified_time":"2025-08-21T11:37:21+00:00","twitter_card":"summary_large_image","twitter_misc":{"Tempo de lectura":"1 minuto"},"schema":{"@context":"https:\/\/schema.org","@graph":[{"@type":"WebPage","@id":"https:\/\/ccastermas.valordeley.es\/gl\/tiendas\/moda-gl\/","url":"https:\/\/ccastermas.valordeley.es\/gl\/tiendas\/moda-gl\/","name":"Tendas de roupa en Lugo | Centro Comercial As Termas","isPartOf":{"@id":"https:\/\/ccastermas.valordeley.es\/gl\/#website"},"primaryImageOfPage":{"@id":"https:\/\/ccastermas.valordeley.es\/gl\/tiendas\/moda-gl\/#primaryimage"},"image":{"@id":"https:\/\/ccastermas.valordeley.es\/gl\/tiendas\/moda-gl\/#primaryimage"},"thumbnailUrl":"","datePublished":"2025-08-20T12:59:58+00:00","dateModified":"2025-08-21T11:37:21+00:00","description":"Na nosa p\u00e1xina de moda do centro comercial As Termas de Lugo podes atopar nun s\u00f3 lugar todas as principais marcas de roupa actuais.","breadcrumb":{"@id":"https:\/\/ccastermas.valordeley.es\/gl\/tiendas\/moda-gl\/#breadcrumb"},"inLanguage":"gl-ES","potentialAction":[{"@type":"ReadAction","target":["https:\/\/ccastermas.valordeley.es\/gl\/tiendas\/moda-gl\/"]}]},{"@type":"ImageObject","inLanguage":"gl-ES","@id":"https:\/\/ccastermas.valordeley.es\/gl\/tiendas\/moda-gl\/#primaryimage","url":"","contentUrl":""},{"@type":"BreadcrumbList","@id":"https:\/\/ccastermas.valordeley.es\/gl\/tiendas\/moda-gl\/#breadcrumb","itemListElement":[{"@type":"ListItem","position":1,"name":"Portada","item":"https:\/\/ccastermas.valordeley.es\/gl\/"},{"@type":"ListItem","position":2,"name":"Tendas","item":"https:\/\/ccastermas.valordeley.es\/gl\/tiendas\/"},{"@type":"ListItem","position":3,"name":"Tendas de roupa en Lugo"}]},{"@type":"WebSite","@id":"https:\/\/ccastermas.valordeley.es\/gl\/#website","url":"https:\/\/ccastermas.valordeley.es\/gl\/","name":"Centro Comercial As Termas","description":"Centro Comercial As Termas: Tu Centro Comercial en Lugo","publisher":{"@id":"https:\/\/ccastermas.valordeley.es\/gl\/#organization"},"potentialAction":[{"@type":"SearchAction","target":{"@type":"EntryPoint","urlTemplate":"https:\/\/ccastermas.valordeley.es\/gl\/?s={search_term_string}"},"query-input":{"@type":"PropertyValueSpecification","valueRequired":true,"valueName":"search_term_string"}}],"inLanguage":"gl-ES"},{"@type":"Organization","@id":"https:\/\/ccastermas.valordeley.es\/gl\/#organization","name":"As Termas","alternateName":"Centro Comercial As Termas","url":"https:\/\/ccastermas.valordeley.es\/gl\/","logo":{"@type":"ImageObject","inLanguage":"gl-ES","@id":"https:\/\/ccastermas.valordeley.es\/gl\/#\/schema\/logo\/image\/","url":"https:\/\/ccastermas.valordeley.es\/wp-content\/uploads\/2024\/10\/cropped-favicon-portal-de-la-marina.jpg","contentUrl":"https:\/\/ccastermas.valordeley.es\/wp-content\/uploads\/2024\/10\/cropped-favicon-portal-de-la-marina.jpg","width":512,"height":512,"caption":"As Termas"},"image":{"@id":"https:\/\/ccastermas.valordeley.es\/gl\/#\/schema\/logo\/image\/"}}]}},"publishpress_future_action":{"enabled":false,"date":"2026-04-22 20:45:23","action":"change-status","newStatus":"draft","terms":[],"taxonomy":"translation_priority"},"publishpress_future_workflow_manual_trigger":{"enabledWorkflows":[]},"_links":{"self":[{"href":"https:\/\/ccastermas.valordeley.es\/gl\/wp-json\/wp\/v2\/pages\/83923","targetHints":{"allow":["GET"]}}],"collection":[{"href":"https:\/\/ccastermas.valordeley.es\/gl\/wp-json\/wp\/v2\/pages"}],"about":[{"href":"https:\/\/ccastermas.valordeley.es\/gl\/wp-json\/wp\/v2\/types\/page"}],"author":[{"embeddable":true,"href":"https:\/\/ccastermas.valordeley.es\/gl\/wp-json\/wp\/v2\/users\/6"}],"replies":[{"embeddable":true,"href":"https:\/\/ccastermas.valordeley.es\/gl\/wp-json\/wp\/v2\/comments?post=83923"}],"version-history":[{"count":5,"href":"https:\/\/ccastermas.valordeley.es\/gl\/wp-json\/wp\/v2\/pages\/83923\/revisions"}],"predecessor-version":[{"id":84024,"href":"https:\/\/ccastermas.valordeley.es\/gl\/wp-json\/wp\/v2\/pages\/83923\/revisions\/84024"}],"up":[{"embeddable":true,"href":"https:\/\/ccastermas.valordeley.es\/gl\/wp-json\/wp\/v2\/pages\/83818"}],"wp:featuredmedia":[{"embeddable":true,"href":"https:\/\/ccastermas.valordeley.es\/gl\/wp-json\/"}],"wp:attachment":[{"href":"https:\/\/ccastermas.valordeley.es\/gl\/wp-json\/wp\/v2\/media?parent=83923"}],"curies":[{"name":"wp","href":"https:\/\/api.w.org\/{rel}","templated":true}]}}