{"id":83924,"date":"2025-08-20T14:58:23","date_gmt":"2025-08-20T12:58:23","guid":{"rendered":"https:\/\/astermas.valordeley.es\/?page_id=83924"},"modified":"2025-08-21T13:37:51","modified_gmt":"2025-08-21T11:37:51","slug":"telefonia-gl","status":"publish","type":"page","link":"https:\/\/ccastermas.valordeley.es\/gl\/tiendas\/telefonia-gl\/","title":{"rendered":"Tendas de m\u00f3biles e complementos en Lugo"},"content":{"rendered":"<p style=\"text-align: center;\">No Centro Comercial As Termas de Lugo atopar\u00e1s as mellores ofertas en m\u00f3biles das principais empresas como Yoigo, Vodafone ou Movistar. Coa gran variedade de plans e dispositivos dispo\u00f1ibles, podes escoller a opci\u00f3n que mellor se adapte \u00e1s t\u00faas necesidades e orzamento. Ven a visitarnos a As Termas de Lugo e goza da mellor experiencia de telefon\u00eda m\u00f3bil nun ambiente c\u00f3modo e agradable. Agardaremos por ti!<\/p>\n","protected":false},"excerpt":{"rendered":"<p>No Centro Comercial As Termas de Lugo atopar\u00e1s as mellores ofertas en m\u00f3biles das principais empresas como Yoigo, Vodafone ou Movistar. Coa gran variedade de plans e dispositivos dispo\u00f1ibles, podes escoller a opci\u00f3n que mellor se adapte \u00e1s t\u00faas necesidades e orzamento. Ven a visitarnos a As Termas de Lugo e goza da mellor experiencia [&hellip;]<\/p>\n","protected":false},"author":6,"featured_media":1921,"parent":83818,"menu_order":0,"comment_status":"closed","ping_status":"closed","template":"page-tiendas.php","meta":{"footnotes":""},"class_list":["post-83924","page","type-page","status-publish","has-post-thumbnail","hentry"],"yoast_head":"<!-- This site is optimized with the Yoast SEO plugin v25.4 - https:\/\/yoast.com\/wordpress\/plugins\/seo\/ -->\n<title>Tendas de m\u00f3biles e complementos en Lugo | Centro Comercial As Termas<\/title>\n<meta name=\"description\" content=\"No Centro Comercial As Termas de Lugo atopar\u00e1s as mellores ofertas en m\u00f3biles das principais empresas como Yoigo, Vodafone ou Movistar.\" \/>\n<meta name=\"robots\" content=\"noindex, follow, max-snippet:-1, max-image-preview:large, max-video-preview:-1\" \/>\n<meta property=\"og:locale\" content=\"gl_ES\" \/>\n<meta property=\"og:type\" content=\"article\" \/>\n<meta property=\"og:title\" content=\"Tendas de m\u00f3biles e complementos en Lugo | Centro Comercial As Termas\" \/>\n<meta property=\"og:description\" content=\"No Centro Comercial As Termas de Lugo atopar\u00e1s as mellores ofertas en m\u00f3biles das principais empresas como Yoigo, Vodafone ou Movistar.\" \/>\n<meta property=\"og:url\" content=\"https:\/\/ccastermas.valordeley.es\/gl\/tiendas\/telefonia-gl\/\" \/>\n<meta property=\"og:site_name\" content=\"Centro Comercial As Termas\" \/>\n<meta property=\"article:modified_time\" content=\"2025-08-21T11:37:51+00:00\" \/>\n<meta name=\"twitter:card\" content=\"summary_large_image\" \/>\n<meta name=\"twitter:label1\" content=\"Tempo de lectura\" \/>\n\t<meta name=\"twitter:data1\" content=\"1 minuto\" \/>\n<script type=\"application\/ld+json\" class=\"yoast-schema-graph\">{\"@context\":\"https:\/\/schema.org\",\"@graph\":[{\"@type\":\"WebPage\",\"@id\":\"https:\/\/ccastermas.valordeley.es\/gl\/tiendas\/telefonia-gl\/\",\"url\":\"https:\/\/ccastermas.valordeley.es\/gl\/tiendas\/telefonia-gl\/\",\"name\":\"Tendas de m\u00f3biles e complementos en Lugo | Centro Comercial As Termas\",\"isPartOf\":{\"@id\":\"https:\/\/ccastermas.valordeley.es\/gl\/#website\"},\"primaryImageOfPage\":{\"@id\":\"https:\/\/ccastermas.valordeley.es\/gl\/tiendas\/telefonia-gl\/#primaryimage\"},\"image\":{\"@id\":\"https:\/\/ccastermas.valordeley.es\/gl\/tiendas\/telefonia-gl\/#primaryimage\"},\"thumbnailUrl\":\"\",\"datePublished\":\"2025-08-20T12:58:23+00:00\",\"dateModified\":\"2025-08-21T11:37:51+00:00\",\"description\":\"No Centro Comercial As Termas de Lugo atopar\u00e1s as mellores ofertas en m\u00f3biles das principais empresas como Yoigo, Vodafone ou Movistar.\",\"breadcrumb\":{\"@id\":\"https:\/\/ccastermas.valordeley.es\/gl\/tiendas\/telefonia-gl\/#breadcrumb\"},\"inLanguage\":\"gl-ES\",\"potentialAction\":[{\"@type\":\"ReadAction\",\"target\":[\"https:\/\/ccastermas.valordeley.es\/gl\/tiendas\/telefonia-gl\/\"]}]},{\"@type\":\"ImageObject\",\"inLanguage\":\"gl-ES\",\"@id\":\"https:\/\/ccastermas.valordeley.es\/gl\/tiendas\/telefonia-gl\/#primaryimage\",\"url\":\"\",\"contentUrl\":\"\"},{\"@type\":\"BreadcrumbList\",\"@id\":\"https:\/\/ccastermas.valordeley.es\/gl\/tiendas\/telefonia-gl\/#breadcrumb\",\"itemListElement\":[{\"@type\":\"ListItem\",\"position\":1,\"name\":\"Portada\",\"item\":\"https:\/\/ccastermas.valordeley.es\/gl\/\"},{\"@type\":\"ListItem\",\"position\":2,\"name\":\"Tendas\",\"item\":\"https:\/\/ccastermas.valordeley.es\/gl\/tiendas\/\"},{\"@type\":\"ListItem\",\"position\":3,\"name\":\"Tendas de m\u00f3biles e complementos en Lugo\"}]},{\"@type\":\"WebSite\",\"@id\":\"https:\/\/ccastermas.valordeley.es\/gl\/#website\",\"url\":\"https:\/\/ccastermas.valordeley.es\/gl\/\",\"name\":\"Centro Comercial As Termas\",\"description\":\"Centro Comercial As Termas: Tu Centro Comercial en Lugo\",\"publisher\":{\"@id\":\"https:\/\/ccastermas.valordeley.es\/gl\/#organization\"},\"potentialAction\":[{\"@type\":\"SearchAction\",\"target\":{\"@type\":\"EntryPoint\",\"urlTemplate\":\"https:\/\/ccastermas.valordeley.es\/gl\/?s={search_term_string}\"},\"query-input\":{\"@type\":\"PropertyValueSpecification\",\"valueRequired\":true,\"valueName\":\"search_term_string\"}}],\"inLanguage\":\"gl-ES\"},{\"@type\":\"Organization\",\"@id\":\"https:\/\/ccastermas.valordeley.es\/gl\/#organization\",\"name\":\"As Termas\",\"alternateName\":\"Centro Comercial As Termas\",\"url\":\"https:\/\/ccastermas.valordeley.es\/gl\/\",\"logo\":{\"@type\":\"ImageObject\",\"inLanguage\":\"gl-ES\",\"@id\":\"https:\/\/ccastermas.valordeley.es\/gl\/#\/schema\/logo\/image\/\",\"url\":\"https:\/\/ccastermas.valordeley.es\/wp-content\/uploads\/2024\/10\/cropped-favicon-portal-de-la-marina.jpg\",\"contentUrl\":\"https:\/\/ccastermas.valordeley.es\/wp-content\/uploads\/2024\/10\/cropped-favicon-portal-de-la-marina.jpg\",\"width\":512,\"height\":512,\"caption\":\"As Termas\"},\"image\":{\"@id\":\"https:\/\/ccastermas.valordeley.es\/gl\/#\/schema\/logo\/image\/\"}}]}<\/script>\n<!-- \/ Yoast SEO plugin. -->","yoast_head_json":{"title":"Tendas de m\u00f3biles e complementos en Lugo | Centro Comercial As Termas","description":"No Centro Comercial As Termas de Lugo atopar\u00e1s as mellores ofertas en m\u00f3biles das principais empresas como Yoigo, Vodafone ou Movistar.","robots":{"index":"noindex","follow":"follow","max-snippet":"max-snippet:-1","max-image-preview":"max-image-preview:large","max-video-preview":"max-video-preview:-1"},"og_locale":"gl_ES","og_type":"article","og_title":"Tendas de m\u00f3biles e complementos en Lugo | Centro Comercial As Termas","og_description":"No Centro Comercial As Termas de Lugo atopar\u00e1s as mellores ofertas en m\u00f3biles das principais empresas como Yoigo, Vodafone ou Movistar.","og_url":"https:\/\/ccastermas.valordeley.es\/gl\/tiendas\/telefonia-gl\/","og_site_name":"Centro Comercial As Termas","article_modified_time":"2025-08-21T11:37:51+00:00","twitter_card":"summary_large_image","twitter_misc":{"Tempo de lectura":"1 minuto"},"schema":{"@context":"https:\/\/schema.org","@graph":[{"@type":"WebPage","@id":"https:\/\/ccastermas.valordeley.es\/gl\/tiendas\/telefonia-gl\/","url":"https:\/\/ccastermas.valordeley.es\/gl\/tiendas\/telefonia-gl\/","name":"Tendas de m\u00f3biles e complementos en Lugo | Centro Comercial As Termas","isPartOf":{"@id":"https:\/\/ccastermas.valordeley.es\/gl\/#website"},"primaryImageOfPage":{"@id":"https:\/\/ccastermas.valordeley.es\/gl\/tiendas\/telefonia-gl\/#primaryimage"},"image":{"@id":"https:\/\/ccastermas.valordeley.es\/gl\/tiendas\/telefonia-gl\/#primaryimage"},"thumbnailUrl":"","datePublished":"2025-08-20T12:58:23+00:00","dateModified":"2025-08-21T11:37:51+00:00","description":"No Centro Comercial As Termas de Lugo atopar\u00e1s as mellores ofertas en m\u00f3biles das principais empresas como Yoigo, Vodafone ou Movistar.","breadcrumb":{"@id":"https:\/\/ccastermas.valordeley.es\/gl\/tiendas\/telefonia-gl\/#breadcrumb"},"inLanguage":"gl-ES","potentialAction":[{"@type":"ReadAction","target":["https:\/\/ccastermas.valordeley.es\/gl\/tiendas\/telefonia-gl\/"]}]},{"@type":"ImageObject","inLanguage":"gl-ES","@id":"https:\/\/ccastermas.valordeley.es\/gl\/tiendas\/telefonia-gl\/#primaryimage","url":"","contentUrl":""},{"@type":"BreadcrumbList","@id":"https:\/\/ccastermas.valordeley.es\/gl\/tiendas\/telefonia-gl\/#breadcrumb","itemListElement":[{"@type":"ListItem","position":1,"name":"Portada","item":"https:\/\/ccastermas.valordeley.es\/gl\/"},{"@type":"ListItem","position":2,"name":"Tendas","item":"https:\/\/ccastermas.valordeley.es\/gl\/tiendas\/"},{"@type":"ListItem","position":3,"name":"Tendas de m\u00f3biles e complementos en Lugo"}]},{"@type":"WebSite","@id":"https:\/\/ccastermas.valordeley.es\/gl\/#website","url":"https:\/\/ccastermas.valordeley.es\/gl\/","name":"Centro Comercial As Termas","description":"Centro Comercial As Termas: Tu Centro Comercial en Lugo","publisher":{"@id":"https:\/\/ccastermas.valordeley.es\/gl\/#organization"},"potentialAction":[{"@type":"SearchAction","target":{"@type":"EntryPoint","urlTemplate":"https:\/\/ccastermas.valordeley.es\/gl\/?s={search_term_string}"},"query-input":{"@type":"PropertyValueSpecification","valueRequired":true,"valueName":"search_term_string"}}],"inLanguage":"gl-ES"},{"@type":"Organization","@id":"https:\/\/ccastermas.valordeley.es\/gl\/#organization","name":"As Termas","alternateName":"Centro Comercial As Termas","url":"https:\/\/ccastermas.valordeley.es\/gl\/","logo":{"@type":"ImageObject","inLanguage":"gl-ES","@id":"https:\/\/ccastermas.valordeley.es\/gl\/#\/schema\/logo\/image\/","url":"https:\/\/ccastermas.valordeley.es\/wp-content\/uploads\/2024\/10\/cropped-favicon-portal-de-la-marina.jpg","contentUrl":"https:\/\/ccastermas.valordeley.es\/wp-content\/uploads\/2024\/10\/cropped-favicon-portal-de-la-marina.jpg","width":512,"height":512,"caption":"As Termas"},"image":{"@id":"https:\/\/ccastermas.valordeley.es\/gl\/#\/schema\/logo\/image\/"}}]}},"publishpress_future_action":{"enabled":false,"date":"2026-04-22 20:45:05","action":"change-status","newStatus":"draft","terms":[],"taxonomy":"translation_priority"},"publishpress_future_workflow_manual_trigger":{"enabledWorkflows":[]},"_links":{"self":[{"href":"https:\/\/ccastermas.valordeley.es\/gl\/wp-json\/wp\/v2\/pages\/83924","targetHints":{"allow":["GET"]}}],"collection":[{"href":"https:\/\/ccastermas.valordeley.es\/gl\/wp-json\/wp\/v2\/pages"}],"about":[{"href":"https:\/\/ccastermas.valordeley.es\/gl\/wp-json\/wp\/v2\/types\/page"}],"author":[{"embeddable":true,"href":"https:\/\/ccastermas.valordeley.es\/gl\/wp-json\/wp\/v2\/users\/6"}],"replies":[{"embeddable":true,"href":"https:\/\/ccastermas.valordeley.es\/gl\/wp-json\/wp\/v2\/comments?post=83924"}],"version-history":[{"count":5,"href":"https:\/\/ccastermas.valordeley.es\/gl\/wp-json\/wp\/v2\/pages\/83924\/revisions"}],"predecessor-version":[{"id":84036,"href":"https:\/\/ccastermas.valordeley.es\/gl\/wp-json\/wp\/v2\/pages\/83924\/revisions\/84036"}],"up":[{"embeddable":true,"href":"https:\/\/ccastermas.valordeley.es\/gl\/wp-json\/wp\/v2\/pages\/83818"}],"wp:featuredmedia":[{"embeddable":true,"href":"https:\/\/ccastermas.valordeley.es\/gl\/wp-json\/"}],"wp:attachment":[{"href":"https:\/\/ccastermas.valordeley.es\/gl\/wp-json\/wp\/v2\/media?parent=83924"}],"curies":[{"name":"wp","href":"https:\/\/api.w.org\/{rel}","templated":true}]}}