{"id":84082,"date":"2025-08-22T10:17:51","date_gmt":"2025-08-22T08:17:51","guid":{"rendered":"https:\/\/astermas.valordeley.es\/?page_id=84082"},"modified":"2025-08-26T09:41:04","modified_gmt":"2025-08-26T07:41:04","slug":"aviso-legal","status":"publish","type":"page","link":"https:\/\/ccastermas.valordeley.es\/gl\/aviso-legal\/","title":{"rendered":"Aviso Legal"},"content":{"rendered":"\t\t<div data-elementor-type=\"wp-page\" data-elementor-id=\"84082\" class=\"elementor elementor-84082 elementor-79695\">\n\t\t\t\t\t\t<section class=\"elementor-section elementor-top-section elementor-element elementor-element-6e0b86c elementor-section-height-min-height elementor-hidden-mobile elementor-hidden-tablet elementor-section-boxed elementor-section-height-default elementor-section-items-middle\" data-id=\"6e0b86c\" data-element_type=\"section\" data-settings=\"{&quot;background_background&quot;:&quot;classic&quot;}\">\n\t\t\t\t\t\t<div class=\"elementor-container elementor-column-gap-default\">\n\t\t\t\t\t<div class=\" elementor-column elementor-col-100 elementor-top-column elementor-element elementor-element-5d39cfc\" data-fullscreen-column-settings=\"{&quot;fullscreen&quot;:&quot;&quot;}\" data-id=\"5d39cfc\" data-element_type=\"column\">\n\t\t\t<div class=\"elementor-widget-wrap\">\n\t\t\t\t\t\t\t<\/div>\n\t\t<\/div>\n\t\t\t\t\t<\/div>\n\t\t<\/section>\n\t\t<div class=\"elementor-element elementor-element-b1ccb02 e-flex e-con-boxed e-con e-parent\" data-id=\"b1ccb02\" data-element_type=\"container\" data-settings=\"{&quot;background_background&quot;:&quot;classic&quot;}\">\n\t\t\t\t\t<div class=\"e-con-inner\">\n\t\t<div class=\"elementor-element elementor-element-d1dff9e e-con-full e-flex e-con e-child\" data-id=\"d1dff9e\" data-element_type=\"container\">\n\t\t\t\t<div class=\"elementor-element elementor-element-d8835f7 elementor-widget elementor-widget-heading\" data-id=\"d8835f7\" data-element_type=\"widget\" data-widget_type=\"heading.default\">\n\t\t\t\t<div class=\"elementor-widget-container\">\n\t\t\t\t\t<h1 class=\"elementor-heading-title elementor-size-default\">AVISO LEGAL<\/h1>\t\t\t\t<\/div>\n\t\t\t\t<\/div>\n\t\t\t\t<\/div>\n\t\t\t\t\t<\/div>\n\t\t\t\t<\/div>\n\t\t<div class=\"elementor-element elementor-element-27e7f6b e-flex e-con-boxed e-con e-parent\" data-id=\"27e7f6b\" data-element_type=\"container\" data-settings=\"{&quot;background_background&quot;:&quot;classic&quot;}\">\n\t\t\t\t\t<div class=\"e-con-inner\">\n\t\t<div class=\"elementor-element elementor-element-bc501db e-con-full e-flex e-con e-child\" data-id=\"bc501db\" data-element_type=\"container\">\n\t\t\t\t<div class=\"elementor-element elementor-element-dfe7095 elementor-widget elementor-widget-text-editor\" data-id=\"dfe7095\" data-element_type=\"widget\" data-widget_type=\"text-editor.default\">\n\t\t\t\t<div class=\"elementor-widget-container\">\n\t\t\t\t\t\t\t\t\t<p><strong>COMUNIDADE DE PROPIETARIOS CC AS TERMAS<\/strong> en cumprimento da Lei 34\/2002, do 11 de xullo, de Servizos da Sociedade da Informaci\u00f3n e de Comercio Electr\u00f3nico, inf\u00f3rmalle:<\/p><p>&#8211; A s\u00faa raz\u00f3n social \u00e9 COMUNIDADE DE PROPIETARIOS CC AS TERMAS<br \/>&#8211; O seu NIF \u00e9 H27337112<br \/>&#8211; O seu enderezo est\u00e1 situado na Av. Infanta Elena, 213, 27003, Lugo Espa\u00f1a<br \/>&#8211; O teu tel\u00e9fono de contacto \u00e9 o 982 219 752<br \/>&#8211; E tes o seguinte enderezo de correo electr\u00f3nico: ccastermas@ccastermas.com<\/p>\t\t\t\t\t\t\t\t<\/div>\n\t\t\t\t<\/div>\n\t\t\t\t<\/div>\n\t\t\t\t\t<\/div>\n\t\t\t\t<\/div>\n\t\t\t\t<\/div>\n\t\t","protected":false},"excerpt":{"rendered":"<p>AVISO LEGAL COMUNIDADE DE PROPIETARIOS CC AS TERMAS en cumprimento da Lei 34\/2002, do 11 de xullo, de Servizos da Sociedade da Informaci\u00f3n e de Comercio Electr\u00f3nico, inf\u00f3rmalle: &#8211; A s\u00faa raz\u00f3n social \u00e9 COMUNIDADE DE PROPIETARIOS CC AS TERMAS&#8211; O seu NIF \u00e9 H27337112&#8211; O seu enderezo est\u00e1 situado na Av. Infanta Elena, 213, [&hellip;]<\/p>\n","protected":false},"author":6,"featured_media":0,"parent":0,"menu_order":233,"comment_status":"closed","ping_status":"closed","template":"","meta":{"footnotes":""},"class_list":["post-84082","page","type-page","status-publish","hentry"],"yoast_head":"<!-- This site is optimized with the Yoast SEO plugin v25.4 - https:\/\/yoast.com\/wordpress\/plugins\/seo\/ -->\n<title>Aviso Legal | Centro Comercial As Termas<\/title>\n<meta name=\"description\" content=\"AVISO LEGAL COMUNIDADE DE PROPIETARIOS CC AS TERMAS en cumprimento da Lei 34\/2002, do 11 de xullo, de Servizos da Sociedade da Informaci\u00f3n e de Comercio\" \/>\n<meta name=\"robots\" content=\"noindex, follow\" \/>\n<meta property=\"og:locale\" content=\"gl_ES\" \/>\n<meta property=\"og:type\" content=\"article\" \/>\n<meta property=\"og:title\" content=\"Aviso Legal | Centro Comercial As Termas\" \/>\n<meta property=\"og:description\" content=\"AVISO LEGAL COMUNIDADE DE PROPIETARIOS CC AS TERMAS en cumprimento da Lei 34\/2002, do 11 de xullo, de Servizos da Sociedade da Informaci\u00f3n e de Comercio\" \/>\n<meta property=\"og:url\" content=\"https:\/\/ccastermas.valordeley.es\/gl\/aviso-legal\/\" \/>\n<meta property=\"og:site_name\" content=\"Centro Comercial As Termas\" \/>\n<meta property=\"article:modified_time\" content=\"2025-08-26T07:41:04+00:00\" \/>\n<meta name=\"twitter:card\" content=\"summary_large_image\" \/>\n<meta name=\"twitter:label1\" content=\"Tempo de lectura\" \/>\n\t<meta name=\"twitter:data1\" content=\"1 minuto\" \/>\n<script type=\"application\/ld+json\" class=\"yoast-schema-graph\">{\"@context\":\"https:\/\/schema.org\",\"@graph\":[{\"@type\":\"WebPage\",\"@id\":\"https:\/\/ccastermas.valordeley.es\/gl\/aviso-legal\/\",\"url\":\"https:\/\/ccastermas.valordeley.es\/gl\/aviso-legal\/\",\"name\":\"Aviso Legal | Centro Comercial As Termas\",\"isPartOf\":{\"@id\":\"https:\/\/ccastermas.valordeley.es\/gl\/#website\"},\"datePublished\":\"2025-08-22T08:17:51+00:00\",\"dateModified\":\"2025-08-26T07:41:04+00:00\",\"description\":\"AVISO LEGAL COMUNIDADE DE PROPIETARIOS CC AS TERMAS en cumprimento da Lei 34\/2002, do 11 de xullo, de Servizos da Sociedade da Informaci\u00f3n e de Comercio\",\"breadcrumb\":{\"@id\":\"https:\/\/ccastermas.valordeley.es\/gl\/aviso-legal\/#breadcrumb\"},\"inLanguage\":\"gl-ES\",\"potentialAction\":[{\"@type\":\"ReadAction\",\"target\":[\"https:\/\/ccastermas.valordeley.es\/gl\/aviso-legal\/\"]}]},{\"@type\":\"BreadcrumbList\",\"@id\":\"https:\/\/ccastermas.valordeley.es\/gl\/aviso-legal\/#breadcrumb\",\"itemListElement\":[{\"@type\":\"ListItem\",\"position\":1,\"name\":\"Portada\",\"item\":\"https:\/\/ccastermas.valordeley.es\/gl\/\"},{\"@type\":\"ListItem\",\"position\":2,\"name\":\"Aviso Legal\"}]},{\"@type\":\"WebSite\",\"@id\":\"https:\/\/ccastermas.valordeley.es\/gl\/#website\",\"url\":\"https:\/\/ccastermas.valordeley.es\/gl\/\",\"name\":\"Centro Comercial As Termas\",\"description\":\"Centro Comercial As Termas: Tu Centro Comercial en Lugo\",\"publisher\":{\"@id\":\"https:\/\/ccastermas.valordeley.es\/gl\/#organization\"},\"potentialAction\":[{\"@type\":\"SearchAction\",\"target\":{\"@type\":\"EntryPoint\",\"urlTemplate\":\"https:\/\/ccastermas.valordeley.es\/gl\/?s={search_term_string}\"},\"query-input\":{\"@type\":\"PropertyValueSpecification\",\"valueRequired\":true,\"valueName\":\"search_term_string\"}}],\"inLanguage\":\"gl-ES\"},{\"@type\":\"Organization\",\"@id\":\"https:\/\/ccastermas.valordeley.es\/gl\/#organization\",\"name\":\"As Termas\",\"alternateName\":\"Centro Comercial As Termas\",\"url\":\"https:\/\/ccastermas.valordeley.es\/gl\/\",\"logo\":{\"@type\":\"ImageObject\",\"inLanguage\":\"gl-ES\",\"@id\":\"https:\/\/ccastermas.valordeley.es\/gl\/#\/schema\/logo\/image\/\",\"url\":\"https:\/\/ccastermas.valordeley.es\/wp-content\/uploads\/2024\/10\/cropped-favicon-portal-de-la-marina.jpg\",\"contentUrl\":\"https:\/\/ccastermas.valordeley.es\/wp-content\/uploads\/2024\/10\/cropped-favicon-portal-de-la-marina.jpg\",\"width\":512,\"height\":512,\"caption\":\"As Termas\"},\"image\":{\"@id\":\"https:\/\/ccastermas.valordeley.es\/gl\/#\/schema\/logo\/image\/\"}}]}<\/script>\n<!-- \/ Yoast SEO plugin. -->","yoast_head_json":{"title":"Aviso Legal | Centro Comercial As Termas","description":"AVISO LEGAL COMUNIDADE DE PROPIETARIOS CC AS TERMAS en cumprimento da Lei 34\/2002, do 11 de xullo, de Servizos da Sociedade da Informaci\u00f3n e de Comercio","robots":{"index":"noindex","follow":"follow"},"og_locale":"gl_ES","og_type":"article","og_title":"Aviso Legal | Centro Comercial As Termas","og_description":"AVISO LEGAL COMUNIDADE DE PROPIETARIOS CC AS TERMAS en cumprimento da Lei 34\/2002, do 11 de xullo, de Servizos da Sociedade da Informaci\u00f3n e de Comercio","og_url":"https:\/\/ccastermas.valordeley.es\/gl\/aviso-legal\/","og_site_name":"Centro Comercial As Termas","article_modified_time":"2025-08-26T07:41:04+00:00","twitter_card":"summary_large_image","twitter_misc":{"Tempo de lectura":"1 minuto"},"schema":{"@context":"https:\/\/schema.org","@graph":[{"@type":"WebPage","@id":"https:\/\/ccastermas.valordeley.es\/gl\/aviso-legal\/","url":"https:\/\/ccastermas.valordeley.es\/gl\/aviso-legal\/","name":"Aviso Legal | Centro Comercial As Termas","isPartOf":{"@id":"https:\/\/ccastermas.valordeley.es\/gl\/#website"},"datePublished":"2025-08-22T08:17:51+00:00","dateModified":"2025-08-26T07:41:04+00:00","description":"AVISO LEGAL COMUNIDADE DE PROPIETARIOS CC AS TERMAS en cumprimento da Lei 34\/2002, do 11 de xullo, de Servizos da Sociedade da Informaci\u00f3n e de Comercio","breadcrumb":{"@id":"https:\/\/ccastermas.valordeley.es\/gl\/aviso-legal\/#breadcrumb"},"inLanguage":"gl-ES","potentialAction":[{"@type":"ReadAction","target":["https:\/\/ccastermas.valordeley.es\/gl\/aviso-legal\/"]}]},{"@type":"BreadcrumbList","@id":"https:\/\/ccastermas.valordeley.es\/gl\/aviso-legal\/#breadcrumb","itemListElement":[{"@type":"ListItem","position":1,"name":"Portada","item":"https:\/\/ccastermas.valordeley.es\/gl\/"},{"@type":"ListItem","position":2,"name":"Aviso Legal"}]},{"@type":"WebSite","@id":"https:\/\/ccastermas.valordeley.es\/gl\/#website","url":"https:\/\/ccastermas.valordeley.es\/gl\/","name":"Centro Comercial As Termas","description":"Centro Comercial As Termas: Tu Centro Comercial en Lugo","publisher":{"@id":"https:\/\/ccastermas.valordeley.es\/gl\/#organization"},"potentialAction":[{"@type":"SearchAction","target":{"@type":"EntryPoint","urlTemplate":"https:\/\/ccastermas.valordeley.es\/gl\/?s={search_term_string}"},"query-input":{"@type":"PropertyValueSpecification","valueRequired":true,"valueName":"search_term_string"}}],"inLanguage":"gl-ES"},{"@type":"Organization","@id":"https:\/\/ccastermas.valordeley.es\/gl\/#organization","name":"As Termas","alternateName":"Centro Comercial As Termas","url":"https:\/\/ccastermas.valordeley.es\/gl\/","logo":{"@type":"ImageObject","inLanguage":"gl-ES","@id":"https:\/\/ccastermas.valordeley.es\/gl\/#\/schema\/logo\/image\/","url":"https:\/\/ccastermas.valordeley.es\/wp-content\/uploads\/2024\/10\/cropped-favicon-portal-de-la-marina.jpg","contentUrl":"https:\/\/ccastermas.valordeley.es\/wp-content\/uploads\/2024\/10\/cropped-favicon-portal-de-la-marina.jpg","width":512,"height":512,"caption":"As Termas"},"image":{"@id":"https:\/\/ccastermas.valordeley.es\/gl\/#\/schema\/logo\/image\/"}}]}},"publishpress_future_action":{"enabled":false,"date":"2026-04-22 18:58:40","action":"change-status","newStatus":"draft","terms":[],"taxonomy":"translation_priority"},"publishpress_future_workflow_manual_trigger":{"enabledWorkflows":[]},"_links":{"self":[{"href":"https:\/\/ccastermas.valordeley.es\/gl\/wp-json\/wp\/v2\/pages\/84082","targetHints":{"allow":["GET"]}}],"collection":[{"href":"https:\/\/ccastermas.valordeley.es\/gl\/wp-json\/wp\/v2\/pages"}],"about":[{"href":"https:\/\/ccastermas.valordeley.es\/gl\/wp-json\/wp\/v2\/types\/page"}],"author":[{"embeddable":true,"href":"https:\/\/ccastermas.valordeley.es\/gl\/wp-json\/wp\/v2\/users\/6"}],"replies":[{"embeddable":true,"href":"https:\/\/ccastermas.valordeley.es\/gl\/wp-json\/wp\/v2\/comments?post=84082"}],"version-history":[{"count":4,"href":"https:\/\/ccastermas.valordeley.es\/gl\/wp-json\/wp\/v2\/pages\/84082\/revisions"}],"predecessor-version":[{"id":84963,"href":"https:\/\/ccastermas.valordeley.es\/gl\/wp-json\/wp\/v2\/pages\/84082\/revisions\/84963"}],"wp:attachment":[{"href":"https:\/\/ccastermas.valordeley.es\/gl\/wp-json\/wp\/v2\/media?parent=84082"}],"curies":[{"name":"wp","href":"https:\/\/api.w.org\/{rel}","templated":true}]}}