{"id":84083,"date":"2025-08-22T10:17:29","date_gmt":"2025-08-22T08:17:29","guid":{"rendered":"https:\/\/astermas.valordeley.es\/?page_id=84083"},"modified":"2025-08-26T10:54:28","modified_gmt":"2025-08-26T08:54:28","slug":"politica-de-cookies","status":"publish","type":"page","link":"https:\/\/ccastermas.valordeley.es\/gl\/politica-de-cookies\/","title":{"rendered":"Pol\u00edtica de cookies"},"content":{"rendered":"\t\t<div data-elementor-type=\"wp-page\" data-elementor-id=\"84083\" class=\"elementor elementor-84083 elementor-80087\">\n\t\t\t\t\t\t<section class=\"elementor-section elementor-top-section elementor-element elementor-element-4f7d8c5 elementor-section-height-min-height elementor-hidden-mobile elementor-hidden-tablet elementor-section-boxed elementor-section-height-default elementor-section-items-middle\" data-id=\"4f7d8c5\" data-element_type=\"section\" data-settings=\"{&quot;background_background&quot;:&quot;classic&quot;}\">\n\t\t\t\t\t\t<div class=\"elementor-container elementor-column-gap-default\">\n\t\t\t\t\t<div class=\" elementor-column elementor-col-100 elementor-top-column elementor-element elementor-element-3951202\" data-fullscreen-column-settings=\"{&quot;fullscreen&quot;:&quot;&quot;}\" data-id=\"3951202\" data-element_type=\"column\">\n\t\t\t<div class=\"elementor-widget-wrap\">\n\t\t\t\t\t\t\t<\/div>\n\t\t<\/div>\n\t\t\t\t\t<\/div>\n\t\t<\/section>\n\t\t<div class=\"elementor-element elementor-element-a9f7abd e-flex e-con-boxed e-con e-parent\" data-id=\"a9f7abd\" data-element_type=\"container\" data-settings=\"{&quot;background_background&quot;:&quot;classic&quot;}\">\n\t\t\t\t\t<div class=\"e-con-inner\">\n\t\t<div class=\"elementor-element elementor-element-ed20f10 e-con-full e-flex e-con e-child\" data-id=\"ed20f10\" data-element_type=\"container\">\n\t\t\t\t<div class=\"elementor-element elementor-element-06c9c48 elementor-widget elementor-widget-heading\" data-id=\"06c9c48\" data-element_type=\"widget\" data-widget_type=\"heading.default\">\n\t\t\t\t<div class=\"elementor-widget-container\">\n\t\t\t\t\t<h1 class=\"elementor-heading-title elementor-size-default\">POL\u00cdTICA DE COOKIES<\/h1>\t\t\t\t<\/div>\n\t\t\t\t<\/div>\n\t\t\t\t<\/div>\n\t\t\t\t\t<\/div>\n\t\t\t\t<\/div>\n\t\t<div class=\"elementor-element elementor-element-97479b0 e-flex e-con-boxed e-con e-parent\" data-id=\"97479b0\" data-element_type=\"container\" data-settings=\"{&quot;background_background&quot;:&quot;classic&quot;}\">\n\t\t\t\t\t<div class=\"e-con-inner\">\n\t\t<div class=\"elementor-element elementor-element-e765eda e-con-full e-flex e-con e-child\" data-id=\"e765eda\" data-element_type=\"container\">\n\t\t\t\t<div class=\"elementor-element elementor-element-e9a124a elementor-widget elementor-widget-text-editor\" data-id=\"e9a124a\" data-element_type=\"widget\" data-widget_type=\"text-editor.default\">\n\t\t\t\t<div class=\"elementor-widget-container\">\n\t\t\t\t\t\t\t\t\t<p><strong>Que son as cookies?<br \/><\/strong><\/p><p>Unha cookie \u00e9 un ficheiro que se descarga no seu ordenador ao acceder a determinadas p\u00e1xinas web. As cookies permiten a unha p\u00e1xina web, entre outras cousas, almacenar e recuperar informaci\u00f3n sobre os h\u00e1bitos de navegaci\u00f3n dun usuario ou do seu equipo, xestionar o acceso dos usuarios a zonas restrinxidas da web, etc.<\/p><p><strong>Que cookies se utilizan no sitio web da Comunidade de Propietarios C.C. Astermas?<\/strong><br \/>1. Cookies necesarias<\/p><table><tbody><tr><td width=\"174\">COOKIE<\/td><td width=\"93\">TIPO<\/td><td width=\"80\">DURACI\u00d3N<\/td><td width=\"200\">DESCRIPCI\u00d3N<\/td><\/tr><tr><td width=\"174\">moove_gdpr_popup<\/td><td>T\u00e9cnicas<\/td><td>Sesi\u00f3n<\/td><td>Cookie propia. Ten a funci\u00f3n de aceptar cookies nos sitios web e \u00fasase para gardar a configuraci\u00f3n de cookies do usuario<\/td><\/tr><tr><td width=\"174\">wordfence_verifiedHuman<\/td><td>Seguridade<\/td><td>24 horas<\/td><td>Cookie propia. Ten a funci\u00f3n de verificar se o usuario \u00e9 humano. A cookie (wordpress) \u00fasase para proporcionar seguridade ao navegar polo sitio web e protexerse contra ataques maliciosos.<\/td><\/tr><tr><td width=\"174\">wfvt_3931735477<\/td><td>Seguridade<\/td><td>24 horas<\/td><td>Cookie propia. \u00dasase para a prevenci\u00f3n da fraude. Protexer Protexa o sitio web contra ataques maliciosos.<\/td><\/tr><\/tbody><\/table><p>2. Cookies anal\u00edticas.<\/p><table><tbody><tr><td width=\"94\">COOKIE<\/td><td width=\"85\">TIPO<\/td><td width=\"85\">DURACI\u00d3N<\/td><td width=\"283\">DESCRIPCI\u00d3N<\/td><\/tr><tr><td width=\"94\">_gat_UA-36916491-1<\/td><td width=\"85\">Anal\u00edticas<\/td><td width=\"85\">24 horas<\/td><td width=\"283\">Cookies de seguimento de Google<br \/>Anal\u00edtica. A cookie \u00fasase para<br \/>regular a taxa de solicitude. Limitar o<br \/>recollida de datos en sitios de alta<br \/>tr\u00e1fico ou horas punta de uso.<\/td><\/tr><tr><td width=\"94\">_gid<\/td><td width=\"85\">Anal\u00edticas<\/td><td width=\"85\">24 horas<\/td><td width=\"283\">Cookies de Google Analytics. a\u00a0cookie<br \/>\u00fasase para almacenar informaci\u00f3n sobre o uso que fan os visitantes de<br \/>un sitio web e axuda a crear un informe<br \/>an\u00e1lise sobre o funcionamento do sitio web.<\/td><\/tr><tr><td width=\"94\">_ga<\/td><td width=\"85\">Anal\u00edticas<\/td><td width=\"85\">2 a\u00f1os<\/td><td width=\"283\">Cookies de Google Analytics. A cookie \u00fasase para calcular os datos de visitantes, sesi\u00f3ns e campa\u00f1as e para rastrexar o uso do sitio para o informe de an\u00e1lise do sitio. As cookies almacenan informaci\u00f3n de forma an\u00f3nima e asignan un n\u00famero xerado aleatoriamente para identificar visitantes \u00fanicos.<\/td><\/tr><\/tbody><\/table><p>\u00a0<\/p><p>3. Cookies publicitarias.<\/p><table><tbody><tr><td width=\"139\">COOKIE<\/td><td width=\"85\">TIPO<\/td><td width=\"86\">DURACI\u00d3N<\/td><td width=\"229\">DESCRIPCI\u00d3N<\/td><\/tr><tr><td width=\"139\">_fbp<\/td><td width=\"85\">Publicitaria<\/td><td>\u00a0 3 meses<\/td><td>Cookies de terceiros. Facebook. Usado por Facebook para ofrecer unha serie de produtos publicitarios, como licitaci\u00f3ns en tempo real de anunciantes de terceiros. Util\u00edzase para identificar navegadores para ofrecer publicidade e servizos de an\u00e1lise de sitios web.<\/td><\/tr><\/tbody><\/table><p><strong>Por qu\u00e9 podemos usar las cookies? <\/strong><\/p><p>COOKIES NECESARIAS: Estas cookies est\u00e1n f\u00f3ra do \u00e1mbito de aplicaci\u00f3n da normativa de protecci\u00f3n de datos e o usuario non ten a opci\u00f3n de consentir o seu uso.<\/p><p>RESTO DE COOKIES: podemos utilizar o resto de cookies porque nos deches o teu consentimento.<\/p><p><strong>Ter\u00e1 a posibilidade de retirar o consentimento?<br \/><\/strong><\/p><p style=\"text-align: justify;\">Ter\u00e1 a posibilidade e dereito a retirar o seu consentimento, a trav\u00e9s do panel de preferencias do banner inferior da web.<\/p><p><strong>Como podo desactivar ou eliminar as cookies?<br \/><\/strong><\/p><p>Podes permitir, bloquear ou eliminar as cookies instaladas no teu ordenador configurando as opci\u00f3ns do navegador instalado no teu ordenador. Nas seguintes ligaz\u00f3ns atopar\u00e1s informaci\u00f3n adicional sobre as opci\u00f3ns de configuraci\u00f3n de cookies nos diferentes navegadores.<\/p><p>Internet Explorer:\u00a0<a href=\"http:\/\/windows.microsoft.com\/es-es\/windows7\/how-to-manage-cookies-in-internet-explorer-9\" target=\"_blank\" rel=\"nofollow noopener noreferrer\">http:\/\/windows.microsoft.com\/es-es\/windows7\/how-to-manage-cookies-in-internet-explorer-9<\/a><\/p><p>Google Chrome:\u00a0<a href=\"http:\/\/support.google.com\/chrome\/bin\/answer.py?hl=es&amp;answer=95647\" target=\"_blank\" rel=\"nofollow noopener noreferrer\">http:\/\/support.google.com\/chrome\/bin\/answer.py?hl=es&amp;answer=95647<\/a><\/p><p>Firefox:\u00a0<a href=\"http:\/\/support.mozilla.org\/es\/kb\/habilitar-y-deshabilitar-cookies-que-los-sitios-we\" target=\"_blank\" rel=\"nofollow noopener noreferrer\">http:\/\/support.mozilla.org\/es\/kb\/habilitar-y-deshabilitar-cookies-que-los-sitios-we<\/a><\/p><p>Safari:\u00a0<a href=\"http:\/\/support.apple.com\/kb\/ph5042\" target=\"_blank\" rel=\"nofollow noopener noreferrer\">http:\/\/support.apple.com\/kb\/ph5042<\/a><\/p><p><strong>Hai transferencia internacional de datos?<br \/><\/strong><\/p><p>As cookies de terceiros poden almacenarse en servidores situados f\u00f3ra do Espazo Econ\u00f3mico Europeo. Podes obter m\u00e1is informaci\u00f3n sobre estas cookies a trav\u00e9s das seguintes ligaz\u00f3ns:\u00a0<a href=\"https:\/\/policies.google.com\/technologies\/cookies?hl=es\" target=\"_blank\" rel=\"nofollow noopener noreferrer\">Google<\/a> y <a href=\"https:\/\/es-es.facebook.com\/policies\/cookies\/\" target=\"_blank\" rel=\"nofollow noopener noreferrer\">Facebook<\/a>.<\/p><p><strong>M\u00e1is informaci\u00f3n sobre o tratamento dos teus datos:<br \/><\/strong><\/p><p>Se desexa obter m\u00e1is informaci\u00f3n sobre quen \u00e9 o responsable do tratamento dos seus datos, sobre os seus dereitos e sobre a forma en que pode exercelos, pode facelo a trav\u00e9s do apartado de\u00a0<a href=\"https:\/\/www.ccastermas.com\/politica-de-privacidad\/\" target=\"_blank\" rel=\"nofollow noopener noreferrer\">Pol\u00edtica de Privacidad<\/a>.<\/p>\t\t\t\t\t\t\t\t<\/div>\n\t\t\t\t<\/div>\n\t\t\t\t<\/div>\n\t\t\t\t\t<\/div>\n\t\t\t\t<\/div>\n\t\t\t\t<\/div>\n\t\t","protected":false},"excerpt":{"rendered":"<p>POL\u00cdTICA DE COOKIES Que son as cookies? Unha cookie \u00e9 un ficheiro que se descarga no seu ordenador ao acceder a determinadas p\u00e1xinas web. As cookies permiten a unha p\u00e1xina web, entre outras cousas, almacenar e recuperar informaci\u00f3n sobre os h\u00e1bitos de navegaci\u00f3n dun usuario ou do seu equipo, xestionar o acceso dos usuarios a [&hellip;]<\/p>\n","protected":false},"author":6,"featured_media":0,"parent":0,"menu_order":0,"comment_status":"closed","ping_status":"closed","template":"","meta":{"footnotes":""},"class_list":["post-84083","page","type-page","status-publish","hentry"],"yoast_head":"<!-- This site is optimized with the Yoast SEO plugin v25.4 - https:\/\/yoast.com\/wordpress\/plugins\/seo\/ -->\n<title>Pol\u00edtica de cookies | Centro Comercial As Termas<\/title>\n<meta name=\"description\" content=\"POL\u00cdTICA DE COOKIES Que son as cookies?Unha cookie \u00e9 un ficheiro que se descarga no seu ordenador ao acceder a determinadas p\u00e1xinas web. As cookies\" \/>\n<meta name=\"robots\" content=\"noindex, follow\" \/>\n<meta property=\"og:locale\" content=\"gl_ES\" \/>\n<meta property=\"og:type\" content=\"article\" \/>\n<meta property=\"og:title\" content=\"Pol\u00edtica de cookies | Centro Comercial As Termas\" \/>\n<meta property=\"og:description\" content=\"POL\u00cdTICA DE COOKIES Que son as cookies?Unha cookie \u00e9 un ficheiro que se descarga no seu ordenador ao acceder a determinadas p\u00e1xinas web. As cookies\" \/>\n<meta property=\"og:url\" content=\"https:\/\/ccastermas.valordeley.es\/gl\/politica-de-cookies\/\" \/>\n<meta property=\"og:site_name\" content=\"Centro Comercial As Termas\" \/>\n<meta property=\"article:modified_time\" content=\"2025-08-26T08:54:28+00:00\" \/>\n<meta name=\"twitter:card\" content=\"summary_large_image\" \/>\n<meta name=\"twitter:label1\" content=\"Tempo de lectura\" \/>\n\t<meta name=\"twitter:data1\" content=\"3 minutos\" \/>\n<script type=\"application\/ld+json\" class=\"yoast-schema-graph\">{\"@context\":\"https:\/\/schema.org\",\"@graph\":[{\"@type\":\"WebPage\",\"@id\":\"https:\/\/ccastermas.valordeley.es\/gl\/politica-de-cookies\/\",\"url\":\"https:\/\/ccastermas.valordeley.es\/gl\/politica-de-cookies\/\",\"name\":\"Pol\u00edtica de cookies | Centro Comercial As Termas\",\"isPartOf\":{\"@id\":\"https:\/\/ccastermas.valordeley.es\/gl\/#website\"},\"datePublished\":\"2025-08-22T08:17:29+00:00\",\"dateModified\":\"2025-08-26T08:54:28+00:00\",\"description\":\"POL\u00cdTICA DE COOKIES Que son as cookies?Unha cookie \u00e9 un ficheiro que se descarga no seu ordenador ao acceder a determinadas p\u00e1xinas web. As cookies\",\"breadcrumb\":{\"@id\":\"https:\/\/ccastermas.valordeley.es\/gl\/politica-de-cookies\/#breadcrumb\"},\"inLanguage\":\"gl-ES\",\"potentialAction\":[{\"@type\":\"ReadAction\",\"target\":[\"https:\/\/ccastermas.valordeley.es\/gl\/politica-de-cookies\/\"]}]},{\"@type\":\"BreadcrumbList\",\"@id\":\"https:\/\/ccastermas.valordeley.es\/gl\/politica-de-cookies\/#breadcrumb\",\"itemListElement\":[{\"@type\":\"ListItem\",\"position\":1,\"name\":\"Portada\",\"item\":\"https:\/\/ccastermas.valordeley.es\/gl\/\"},{\"@type\":\"ListItem\",\"position\":2,\"name\":\"Pol\u00edtica de cookies\"}]},{\"@type\":\"WebSite\",\"@id\":\"https:\/\/ccastermas.valordeley.es\/gl\/#website\",\"url\":\"https:\/\/ccastermas.valordeley.es\/gl\/\",\"name\":\"Centro Comercial As Termas\",\"description\":\"Centro Comercial As Termas: Tu Centro Comercial en Lugo\",\"publisher\":{\"@id\":\"https:\/\/ccastermas.valordeley.es\/gl\/#organization\"},\"potentialAction\":[{\"@type\":\"SearchAction\",\"target\":{\"@type\":\"EntryPoint\",\"urlTemplate\":\"https:\/\/ccastermas.valordeley.es\/gl\/?s={search_term_string}\"},\"query-input\":{\"@type\":\"PropertyValueSpecification\",\"valueRequired\":true,\"valueName\":\"search_term_string\"}}],\"inLanguage\":\"gl-ES\"},{\"@type\":\"Organization\",\"@id\":\"https:\/\/ccastermas.valordeley.es\/gl\/#organization\",\"name\":\"As Termas\",\"alternateName\":\"Centro Comercial As Termas\",\"url\":\"https:\/\/ccastermas.valordeley.es\/gl\/\",\"logo\":{\"@type\":\"ImageObject\",\"inLanguage\":\"gl-ES\",\"@id\":\"https:\/\/ccastermas.valordeley.es\/gl\/#\/schema\/logo\/image\/\",\"url\":\"https:\/\/ccastermas.valordeley.es\/wp-content\/uploads\/2024\/10\/cropped-favicon-portal-de-la-marina.jpg\",\"contentUrl\":\"https:\/\/ccastermas.valordeley.es\/wp-content\/uploads\/2024\/10\/cropped-favicon-portal-de-la-marina.jpg\",\"width\":512,\"height\":512,\"caption\":\"As Termas\"},\"image\":{\"@id\":\"https:\/\/ccastermas.valordeley.es\/gl\/#\/schema\/logo\/image\/\"}}]}<\/script>\n<!-- \/ Yoast SEO plugin. -->","yoast_head_json":{"title":"Pol\u00edtica de cookies | Centro Comercial As Termas","description":"POL\u00cdTICA DE COOKIES Que son as cookies?Unha cookie \u00e9 un ficheiro que se descarga no seu ordenador ao acceder a determinadas p\u00e1xinas web. As cookies","robots":{"index":"noindex","follow":"follow"},"og_locale":"gl_ES","og_type":"article","og_title":"Pol\u00edtica de cookies | Centro Comercial As Termas","og_description":"POL\u00cdTICA DE COOKIES Que son as cookies?Unha cookie \u00e9 un ficheiro que se descarga no seu ordenador ao acceder a determinadas p\u00e1xinas web. As cookies","og_url":"https:\/\/ccastermas.valordeley.es\/gl\/politica-de-cookies\/","og_site_name":"Centro Comercial As Termas","article_modified_time":"2025-08-26T08:54:28+00:00","twitter_card":"summary_large_image","twitter_misc":{"Tempo de lectura":"3 minutos"},"schema":{"@context":"https:\/\/schema.org","@graph":[{"@type":"WebPage","@id":"https:\/\/ccastermas.valordeley.es\/gl\/politica-de-cookies\/","url":"https:\/\/ccastermas.valordeley.es\/gl\/politica-de-cookies\/","name":"Pol\u00edtica de cookies | Centro Comercial As Termas","isPartOf":{"@id":"https:\/\/ccastermas.valordeley.es\/gl\/#website"},"datePublished":"2025-08-22T08:17:29+00:00","dateModified":"2025-08-26T08:54:28+00:00","description":"POL\u00cdTICA DE COOKIES Que son as cookies?Unha cookie \u00e9 un ficheiro que se descarga no seu ordenador ao acceder a determinadas p\u00e1xinas web. As cookies","breadcrumb":{"@id":"https:\/\/ccastermas.valordeley.es\/gl\/politica-de-cookies\/#breadcrumb"},"inLanguage":"gl-ES","potentialAction":[{"@type":"ReadAction","target":["https:\/\/ccastermas.valordeley.es\/gl\/politica-de-cookies\/"]}]},{"@type":"BreadcrumbList","@id":"https:\/\/ccastermas.valordeley.es\/gl\/politica-de-cookies\/#breadcrumb","itemListElement":[{"@type":"ListItem","position":1,"name":"Portada","item":"https:\/\/ccastermas.valordeley.es\/gl\/"},{"@type":"ListItem","position":2,"name":"Pol\u00edtica de cookies"}]},{"@type":"WebSite","@id":"https:\/\/ccastermas.valordeley.es\/gl\/#website","url":"https:\/\/ccastermas.valordeley.es\/gl\/","name":"Centro Comercial As Termas","description":"Centro Comercial As Termas: Tu Centro Comercial en Lugo","publisher":{"@id":"https:\/\/ccastermas.valordeley.es\/gl\/#organization"},"potentialAction":[{"@type":"SearchAction","target":{"@type":"EntryPoint","urlTemplate":"https:\/\/ccastermas.valordeley.es\/gl\/?s={search_term_string}"},"query-input":{"@type":"PropertyValueSpecification","valueRequired":true,"valueName":"search_term_string"}}],"inLanguage":"gl-ES"},{"@type":"Organization","@id":"https:\/\/ccastermas.valordeley.es\/gl\/#organization","name":"As Termas","alternateName":"Centro Comercial As Termas","url":"https:\/\/ccastermas.valordeley.es\/gl\/","logo":{"@type":"ImageObject","inLanguage":"gl-ES","@id":"https:\/\/ccastermas.valordeley.es\/gl\/#\/schema\/logo\/image\/","url":"https:\/\/ccastermas.valordeley.es\/wp-content\/uploads\/2024\/10\/cropped-favicon-portal-de-la-marina.jpg","contentUrl":"https:\/\/ccastermas.valordeley.es\/wp-content\/uploads\/2024\/10\/cropped-favicon-portal-de-la-marina.jpg","width":512,"height":512,"caption":"As Termas"},"image":{"@id":"https:\/\/ccastermas.valordeley.es\/gl\/#\/schema\/logo\/image\/"}}]}},"publishpress_future_action":{"enabled":false,"date":"2026-04-22 20:05:14","action":"change-status","newStatus":"draft","terms":[],"taxonomy":"translation_priority"},"publishpress_future_workflow_manual_trigger":{"enabledWorkflows":[]},"_links":{"self":[{"href":"https:\/\/ccastermas.valordeley.es\/gl\/wp-json\/wp\/v2\/pages\/84083","targetHints":{"allow":["GET"]}}],"collection":[{"href":"https:\/\/ccastermas.valordeley.es\/gl\/wp-json\/wp\/v2\/pages"}],"about":[{"href":"https:\/\/ccastermas.valordeley.es\/gl\/wp-json\/wp\/v2\/types\/page"}],"author":[{"embeddable":true,"href":"https:\/\/ccastermas.valordeley.es\/gl\/wp-json\/wp\/v2\/users\/6"}],"replies":[{"embeddable":true,"href":"https:\/\/ccastermas.valordeley.es\/gl\/wp-json\/wp\/v2\/comments?post=84083"}],"version-history":[{"count":4,"href":"https:\/\/ccastermas.valordeley.es\/gl\/wp-json\/wp\/v2\/pages\/84083\/revisions"}],"predecessor-version":[{"id":85085,"href":"https:\/\/ccastermas.valordeley.es\/gl\/wp-json\/wp\/v2\/pages\/84083\/revisions\/85085"}],"wp:attachment":[{"href":"https:\/\/ccastermas.valordeley.es\/gl\/wp-json\/wp\/v2\/media?parent=84083"}],"curies":[{"name":"wp","href":"https:\/\/api.w.org\/{rel}","templated":true}]}}