{"id":84677,"date":"2025-08-25T11:12:40","date_gmt":"2025-08-25T09:12:40","guid":{"rendered":"https:\/\/astermas.valordeley.es\/?page_id=84677"},"modified":"2025-08-25T11:19:05","modified_gmt":"2025-08-25T09:19:05","slug":"politica-medioambiental-seguridad-salud","status":"publish","type":"page","link":"https:\/\/ccastermas.valordeley.es\/gl\/politica-medioambiental-seguridad-salud\/","title":{"rendered":"Pol\u00edtica Ambiental, de Seguridade e Sa\u00fade"},"content":{"rendered":"\t\t<div data-elementor-type=\"wp-page\" data-elementor-id=\"84677\" class=\"elementor elementor-84677 elementor-84662\">\n\t\t\t\t\t\t<section class=\"elementor-section elementor-top-section elementor-element elementor-element-09626d1 elementor-section-height-min-height elementor-hidden-mobile elementor-hidden-tablet elementor-section-boxed elementor-section-height-default elementor-section-items-middle\" data-id=\"09626d1\" data-element_type=\"section\" data-settings=\"{&quot;background_background&quot;:&quot;classic&quot;}\">\n\t\t\t\t\t\t<div class=\"elementor-container elementor-column-gap-default\">\n\t\t\t\t\t<div class=\" elementor-column elementor-col-100 elementor-top-column elementor-element elementor-element-d92d0d3\" data-fullscreen-column-settings=\"{&quot;fullscreen&quot;:&quot;&quot;}\" data-id=\"d92d0d3\" data-element_type=\"column\">\n\t\t\t<div class=\"elementor-widget-wrap\">\n\t\t\t\t\t\t\t<\/div>\n\t\t<\/div>\n\t\t\t\t\t<\/div>\n\t\t<\/section>\n\t\t<div class=\"elementor-element elementor-element-5a06c5c e-flex e-con-boxed e-con e-parent\" data-id=\"5a06c5c\" data-element_type=\"container\">\n\t\t\t\t\t<div class=\"e-con-inner\">\n\t\t<div class=\"elementor-element elementor-element-16fe91a e-con-full e-flex e-con e-child\" data-id=\"16fe91a\" data-element_type=\"container\">\n\t\t\t\t<div class=\"elementor-element elementor-element-a614893 elementor-widget elementor-widget-heading\" data-id=\"a614893\" data-element_type=\"widget\" data-widget_type=\"heading.default\">\n\t\t\t\t<div class=\"elementor-widget-container\">\n\t\t\t\t\t<h1 class=\"elementor-heading-title elementor-size-default\">POL\u00cdTICA AMBIENTAL, DE SEGURIDADE E SA\u00daDE<\/h1>\t\t\t\t<\/div>\n\t\t\t\t<\/div>\n\t\t\t\t<\/div>\n\t\t\t\t\t<\/div>\n\t\t\t\t<\/div>\n\t\t<div class=\"elementor-element elementor-element-6f08b18 e-flex e-con-boxed e-con e-parent\" data-id=\"6f08b18\" data-element_type=\"container\">\n\t\t\t\t\t<div class=\"e-con-inner\">\n\t\t\t\t<div class=\"elementor-element elementor-element-39df25b elementor-widget elementor-widget-text-editor\" data-id=\"39df25b\" data-element_type=\"widget\" data-widget_type=\"text-editor.default\">\n\t\t\t\t<div class=\"elementor-widget-container\">\n\t\t\t\t\t\t\t\t\tO Centro Comercial AS TERMAS considera a excelencia ambiental e a protecci\u00f3n das condici\u00f3ns de seguridade e sa\u00fade no traballo como valores fundamentais da s\u00faa estratexia empresarial. Por iso, realiza as s\u00faas actividades protexendo o medio ambiente e \u00e1s persoas conforme aos principios de desenvolvemento seguro e sostible e \u00e1 xesti\u00f3n de riscos ambientais, implementando melloras que permiten protexer o edificio da s\u00faa contorna, loitar contra o cambio clim\u00e1tico, protexer a biodiversidade, as\u00ed como reducir os consumos de recursos e materias primas, a xeraci\u00f3n de residuos e as emisi\u00f3ns inherentes \u00e1 actividade.\n\nEn consecuencia e en cumprimento destes compromisos ambientais e de seguridade, aplica os fundamentos da seguinte pol\u00edtica ambiental, e require \u00e1s empresas contratadas e aos provedores que presten os seus servizos cumprindo estes mesmos principios:\n<ul>\n \t<li><strong><em>PROTECCI\u00d3N DO MEDIO AMBIENTE, PREVENCI\u00d3N E MINIMIZACI\u00d3N DA CONTAMINACI\u00d3N E PRESERVACI\u00d3N DOS RECURSOS NATURAIS:<\/em><\/strong> Adoptar medidas para a protecci\u00f3n do medio ambiente e a prevenci\u00f3n da contaminaci\u00f3n de forma xeral, optimizando o consumo de recursos, priorizando o emprego de recursos renovables, diminu\u00edndo a cantidade de residuos e aplicando medidas para a reduci\u00f3n de emisi\u00f3ns.<\/li>\n \t<li><strong><em>INTEGRAR A SOSTIBILIDADE NA NOSA ESTRATEXIA EMPRESARIAL:<\/em><\/strong> Asegurar que a sostibilidade \u00e9 unha prioridade e \u00e1 vez unha pr\u00e1ctica, e garantir que os criterios que conducen a ela son axeitados ao contexto e prop\u00f3sito da nosa organizaci\u00f3n. Empregar racionalmente os recursos e minimizar os impactos ambientais, as\u00ed como a xeraci\u00f3n de residuos, emisi\u00f3ns e vertidos mediante a aplicaci\u00f3n dos procesos de mellora continua, o establecemento de obxectivos e metas ambientais, a mellora do ciclo de vida do activo, as mellores pr\u00e1cticas de operaci\u00f3n e mantemento e a aplicaci\u00f3n dos principios de econom\u00eda circular.<\/li>\n \t<li><strong><em>INCORPORAR A CONSERVACI\u00d3N DA BIODIVERSIDADE NA TOMA DE DECISI\u00d3NS:<\/em><\/strong> Considerar a biodiversidade como un elemento destacado \u00e1 hora de optar por soluci\u00f3ns no \u00e1mbito da planificaci\u00f3n, implantaci\u00f3n e operaci\u00f3n das instalaci\u00f3ns.<\/li>\n \t<li><strong><em>PROMOVER A LOITA CONTRA O CAMBIO CLIM\u00c1TICO:<\/em><\/strong> Fomentar o emprego de enerx\u00edas renovables, promover o aforro e a eficiencia enerx\u00e9tica e prever a adaptaci\u00f3n \u00e1s novas condici\u00f3ns derivadas do cambio clim\u00e1tico.<\/li>\n \t<li><strong><em>POTENCIAR A INNOVACI\u00d3N E O DESENVOLVEMENTO:<\/em><\/strong> Fomentar nas nosas instalaci\u00f3ns a innovaci\u00f3n e o uso das mellores tecnolox\u00edas que apliquen os criterios de eficiencia enerx\u00e9tica, consumo responsable de auga, uso racional dos recursos naturais e minimizaci\u00f3n dos residuos xerados.<\/li>\n \t<li><strong><em>FOMENTAR A MELLORA CONTINUA DO CICLO DE VIDA DO ACTIVO, OPERACI\u00d3NS E PR\u00c1CTICAS DE MANTEMENTO:<\/em><\/strong> Minimizar a xeraci\u00f3n superflua e potenciar a reutilizaci\u00f3n e reciclaxe dos bens, as\u00ed como a reduci\u00f3n das emisi\u00f3ns de gases de efecto invernadoiro.<\/li>\n \t<li><strong><em>MELLORAR A PROTECCI\u00d3N DO EDIFICIO:<\/em><\/strong> Avaliar os riscos ambientais co fin de verificar o estado do edificio fronte aos riscos naturais propios da s\u00faa contorna e adoptar medidas de mellora continua en base aos resultados obtidos.<\/li>\n \t<li><strong><em>MANTER UNHA CULTURA DE RESILIENCIA:<\/em><\/strong> Promover a adaptaci\u00f3n aos cambios ambientais e, fundamentalmente, ao cambio clim\u00e1tico, maximizando a resiliencia do activo.<\/li>\n \t<li><strong><em>CUMPRIR AS ESIXENCIAS LEGAIS E OUTROS REQUISITOS SUBSCRITOS E RESPECTAR A \u00c9TICA E OS VALORES:<\/em><\/strong> Manter un control permanente do cumprimento da lexislaci\u00f3n vixente e outros requisitos ambientais e de seguridade e sa\u00fade subscritos, revisar de maneira peri\u00f3dica o comportamento ambiental, as\u00ed como requirir aos nosos contratistas e provedores que cumpran con estes mesmos principios.<\/li>\n \t<li><strong><em>PROPORCIONAR OS RECURSOS NECESARIOS:<\/em><\/strong> Dotar dos medios axeitados para que todo o persoal poida identificar e aplicar as directrices de sostibilidade no desenvolvemento do seu traballo.<\/li>\n \t<li><strong><em>CONSIDERAR OS CRITERIOS AMBIENTAIS NAS COMPRAS:<\/em><\/strong> Seguir os principios de compras sostibles na cadea de subministraci\u00f3n, favorecendo a adquisici\u00f3n de produtos, bens e servizos respectuosos co medio ambiente.<\/li>\n \t<li><strong><em>RESPALDAR \u00c1S PERSOAS:<\/em><\/strong> Promover e participar en actuaci\u00f3ns que fomenten a concienciaci\u00f3n, formaci\u00f3n e sensibilizaci\u00f3n e o progreso cara a un desenvolvemento sostible e de seguridade e sa\u00fade dos nosos traballadores, clientes, visitantes e da sociedade en xeral, como principio b\u00e1sico da mellora continua da nosa relaci\u00f3n co medio ambiente e cos grupos de interese vinculados ao Centro Comercial.<\/li>\n \t<li><strong><em>INFORMAR ACTIVAMENTE SOBRE OS RESULTADOS DO DESEMPENO AMBIENTAL:<\/em><\/strong> Comunicar activamente os resultados sociais, ambientais e as iniciativas en materia de sostibilidade.<\/li>\n \t<li><strong><em>PERSEVERAR NA MELLORA CONTINUA:<\/em><\/strong> Planificar a medio e longo prazo os obxectivos que son a causa e o efecto da mellora continua, sendo conscientes de que estes s\u00f3 son alcanzables mediante o esforzo e a debida adaptaci\u00f3n aos cambios; revisar o Sistema de Xesti\u00f3n Ambiental e de Seguridade e Sa\u00fade co obxecto de introducir cantos cambios sexan necesarios para acadar os obxectivos de mellora fixados, orientados estes a reducir o consumo de recursos naturais (enerx\u00eda e auga) e a minimizar os residuos xerados e favorecer a s\u00faa reciclaxe; as\u00ed como fomentar a conservaci\u00f3n dos recursos mediante a implantaci\u00f3n de pr\u00e1cticas de reduci\u00f3n, reutilizaci\u00f3n e reciclaxe.<\/li>\n \t<li><strong><em>PREVIR OS DANOS E DETERIOROS DA SA\u00daDE DERIVADOS DOS RISCOS LABORAIS:<\/em><\/strong> Garantir que se adoptan as medidas destinadas a xestionar axeitadamente as condici\u00f3ns de seguridade e sa\u00fade nas que se desenvolven as actividades, co obxecto de previr os danos e\/ou os deterioros da sa\u00fade que puidesen sufrir os traballadores propios, os traballadores das empresas contratadas, locais comerciais e cesi\u00f3ns de espazo ou calquera outra persoa con acceso ao Centro Comercial.<\/li>\n<\/ul>\nEste documento serve como marco para o establecemento da estratexia, os plans e o d\u00eda a d\u00eda da Comunidade de Propietarios do Centro Comercial AS TERMAS no desenvolvemento das s\u00faas actividades e est\u00e1 a disposici\u00f3n p\u00fablica.\n\t\t\t\t\t\t\t\t<\/div>\n\t\t\t\t<\/div>\n\t\t\t\t<div class=\"elementor-element elementor-element-f1dd8cf elementor-widget elementor-widget-text-editor\" data-id=\"f1dd8cf\" data-element_type=\"widget\" data-widget_type=\"text-editor.default\">\n\t\t\t\t<div class=\"elementor-widget-container\">\n\t\t\t\t\t\t\t\t\t<strong>Obxectivos implantados en 2024<\/strong>\n<ul>\n \t<li><strong>REDUCI\u00d3N DO CONSUMO DE ENERX\u00cdA UN 2%<\/strong><\/li>\n<\/ul>\n<u>Mellora a conseguir<\/u>: Substitu\u00edr o consumo de combustibles f\u00f3siles dos xeradores el\u00e9ctricos pola enerx\u00eda el\u00e9ctrica procedente de fontes renovables.\n<ul>\n \t<li><strong>REDUCI\u00d3N DO CONSUMO DE AUGA UN 2%<\/strong><\/li>\n<\/ul>\n<u>Mellora a conseguir<\/u>: Mellorar a sostibilidade e o custo econ\u00f3mico no consumo de auga.\n<ul>\n \t<li><strong>CERTIFICACI\u00d3N ISO 50001 SISTEMAS DE XESTI\u00d3N DA ENERX\u00cdA<\/strong><\/li>\n<\/ul>\n<u>Mellora a conseguir<\/u>: Aumentar a eficiencia enerx\u00e9tica do edificio, reduci\u00f3n de custos e mellora de imaxe.\n<ul>\n \t<li><strong>REUBICACI\u00d3N DO AUTOCOMPACTADOR DE CART\u00d3N<\/strong><\/li>\n<\/ul>\n<u>Mellora a conseguir<\/u>: Mellorar a seguridade dos traballadores. Qu\u00e9rese evitar cruzar o peirao de carga e a zona de tr\u00e1nsito de veh\u00edculos.\n<ul>\n \t<li><strong>PROCEDEMENTO DE CAE PARA A PREVENCI\u00d3N DO ACOSO LABORAL<\/strong><\/li>\n<\/ul>\n<u>Mellora a conseguir<\/u>: Mellorar a seguridade e o benestar dos traballadores das diferentes contratas.\n<ul>\n \t<li><strong>REDUCI\u00d3N DUN 2 % DOS RESIDUOS XERADOS E RECICLAR UN 2 % M\u00c1IS QUE O ANO ANTERIOR<\/strong><\/li>\n<\/ul>\n<u>Mellora a conseguir<\/u>: Aumentar a sostibilidade diminu\u00edndo a cantidade de residuos. Aumentar a taxa de reciclaxe co fin de ser m\u00e1is sostibles e levar menos residuos a vertedoiro.\n\t\t\t\t\t\t\t\t<\/div>\n\t\t\t\t<\/div>\n\t\t\t\t\t<\/div>\n\t\t\t\t<\/div>\n\t\t\t\t<\/div>\n\t\t","protected":false},"excerpt":{"rendered":"<p>POL\u00cdTICA AMBIENTAL, DE SEGURIDADE E SA\u00daDE O Centro Comercial AS TERMAS considera a excelencia ambiental e a protecci\u00f3n das condici\u00f3ns de seguridade e sa\u00fade no traballo como valores fundamentais da s\u00faa estratexia empresarial. Por iso, realiza as s\u00faas actividades protexendo o medio ambiente e \u00e1s persoas conforme aos principios de desenvolvemento seguro e sostible e [&hellip;]<\/p>\n","protected":false},"author":6,"featured_media":0,"parent":0,"menu_order":0,"comment_status":"closed","ping_status":"closed","template":"","meta":{"footnotes":""},"class_list":["post-84677","page","type-page","status-publish","hentry"],"yoast_head":"<!-- This site is optimized with the Yoast SEO plugin v25.4 - https:\/\/yoast.com\/wordpress\/plugins\/seo\/ -->\n<title>Pol\u00edtica Ambiental, de Seguridade e Sa\u00fade | Centro Comercial As Termas<\/title>\n<meta name=\"description\" content=\"Descubre toda la pol\u00edtica medioambiental y en materia de seguridad y salud del Centro Comercial As Termas. \u00a1Tu centro comercial en Lugo!\" \/>\n<meta name=\"robots\" content=\"noindex, follow, max-snippet:-1, max-image-preview:large, max-video-preview:-1\" \/>\n<meta property=\"og:locale\" content=\"gl_ES\" \/>\n<meta property=\"og:type\" content=\"article\" \/>\n<meta property=\"og:title\" content=\"Pol\u00edtica Ambiental, de Seguridade e Sa\u00fade | Centro Comercial As Termas\" \/>\n<meta property=\"og:description\" content=\"Descubre toda la pol\u00edtica medioambiental y en materia de seguridad y salud del Centro Comercial As Termas. \u00a1Tu centro comercial en Lugo!\" \/>\n<meta property=\"og:url\" content=\"https:\/\/ccastermas.valordeley.es\/gl\/politica-medioambiental-seguridad-salud\/\" \/>\n<meta property=\"og:site_name\" content=\"Centro Comercial As Termas\" \/>\n<meta property=\"article:modified_time\" content=\"2025-08-25T09:19:05+00:00\" \/>\n<meta name=\"twitter:card\" content=\"summary_large_image\" \/>\n<meta name=\"twitter:label1\" content=\"Tempo de lectura\" \/>\n\t<meta name=\"twitter:data1\" content=\"6 minutos\" \/>\n<script type=\"application\/ld+json\" class=\"yoast-schema-graph\">{\"@context\":\"https:\/\/schema.org\",\"@graph\":[{\"@type\":\"WebPage\",\"@id\":\"https:\/\/ccastermas.valordeley.es\/gl\/politica-medioambiental-seguridad-salud\/\",\"url\":\"https:\/\/ccastermas.valordeley.es\/gl\/politica-medioambiental-seguridad-salud\/\",\"name\":\"Pol\u00edtica Ambiental, de Seguridade e Sa\u00fade | Centro Comercial As Termas\",\"isPartOf\":{\"@id\":\"https:\/\/ccastermas.valordeley.es\/gl\/#website\"},\"datePublished\":\"2025-08-25T09:12:40+00:00\",\"dateModified\":\"2025-08-25T09:19:05+00:00\",\"description\":\"Descubre toda la pol\u00edtica medioambiental y en materia de seguridad y salud del Centro Comercial As Termas. \u00a1Tu centro comercial en Lugo!\",\"breadcrumb\":{\"@id\":\"https:\/\/ccastermas.valordeley.es\/gl\/politica-medioambiental-seguridad-salud\/#breadcrumb\"},\"inLanguage\":\"gl-ES\",\"potentialAction\":[{\"@type\":\"ReadAction\",\"target\":[\"https:\/\/ccastermas.valordeley.es\/gl\/politica-medioambiental-seguridad-salud\/\"]}]},{\"@type\":\"BreadcrumbList\",\"@id\":\"https:\/\/ccastermas.valordeley.es\/gl\/politica-medioambiental-seguridad-salud\/#breadcrumb\",\"itemListElement\":[{\"@type\":\"ListItem\",\"position\":1,\"name\":\"Portada\",\"item\":\"https:\/\/ccastermas.valordeley.es\/gl\/\"},{\"@type\":\"ListItem\",\"position\":2,\"name\":\"Pol\u00edtica Ambiental, de Seguridade e Sa\u00fade\"}]},{\"@type\":\"WebSite\",\"@id\":\"https:\/\/ccastermas.valordeley.es\/gl\/#website\",\"url\":\"https:\/\/ccastermas.valordeley.es\/gl\/\",\"name\":\"Centro Comercial As Termas\",\"description\":\"Centro Comercial As Termas: Tu Centro Comercial en Lugo\",\"publisher\":{\"@id\":\"https:\/\/ccastermas.valordeley.es\/gl\/#organization\"},\"potentialAction\":[{\"@type\":\"SearchAction\",\"target\":{\"@type\":\"EntryPoint\",\"urlTemplate\":\"https:\/\/ccastermas.valordeley.es\/gl\/?s={search_term_string}\"},\"query-input\":{\"@type\":\"PropertyValueSpecification\",\"valueRequired\":true,\"valueName\":\"search_term_string\"}}],\"inLanguage\":\"gl-ES\"},{\"@type\":\"Organization\",\"@id\":\"https:\/\/ccastermas.valordeley.es\/gl\/#organization\",\"name\":\"As Termas\",\"alternateName\":\"Centro Comercial As Termas\",\"url\":\"https:\/\/ccastermas.valordeley.es\/gl\/\",\"logo\":{\"@type\":\"ImageObject\",\"inLanguage\":\"gl-ES\",\"@id\":\"https:\/\/ccastermas.valordeley.es\/gl\/#\/schema\/logo\/image\/\",\"url\":\"https:\/\/ccastermas.valordeley.es\/wp-content\/uploads\/2024\/10\/cropped-favicon-portal-de-la-marina.jpg\",\"contentUrl\":\"https:\/\/ccastermas.valordeley.es\/wp-content\/uploads\/2024\/10\/cropped-favicon-portal-de-la-marina.jpg\",\"width\":512,\"height\":512,\"caption\":\"As Termas\"},\"image\":{\"@id\":\"https:\/\/ccastermas.valordeley.es\/gl\/#\/schema\/logo\/image\/\"}}]}<\/script>\n<!-- \/ Yoast SEO plugin. -->","yoast_head_json":{"title":"Pol\u00edtica Ambiental, de Seguridade e Sa\u00fade | Centro Comercial As Termas","description":"Descubre toda la pol\u00edtica medioambiental y en materia de seguridad y salud del Centro Comercial As Termas. \u00a1Tu centro comercial en Lugo!","robots":{"index":"noindex","follow":"follow","max-snippet":"max-snippet:-1","max-image-preview":"max-image-preview:large","max-video-preview":"max-video-preview:-1"},"og_locale":"gl_ES","og_type":"article","og_title":"Pol\u00edtica Ambiental, de Seguridade e Sa\u00fade | Centro Comercial As Termas","og_description":"Descubre toda la pol\u00edtica medioambiental y en materia de seguridad y salud del Centro Comercial As Termas. \u00a1Tu centro comercial en Lugo!","og_url":"https:\/\/ccastermas.valordeley.es\/gl\/politica-medioambiental-seguridad-salud\/","og_site_name":"Centro Comercial As Termas","article_modified_time":"2025-08-25T09:19:05+00:00","twitter_card":"summary_large_image","twitter_misc":{"Tempo de lectura":"6 minutos"},"schema":{"@context":"https:\/\/schema.org","@graph":[{"@type":"WebPage","@id":"https:\/\/ccastermas.valordeley.es\/gl\/politica-medioambiental-seguridad-salud\/","url":"https:\/\/ccastermas.valordeley.es\/gl\/politica-medioambiental-seguridad-salud\/","name":"Pol\u00edtica Ambiental, de Seguridade e Sa\u00fade | Centro Comercial As Termas","isPartOf":{"@id":"https:\/\/ccastermas.valordeley.es\/gl\/#website"},"datePublished":"2025-08-25T09:12:40+00:00","dateModified":"2025-08-25T09:19:05+00:00","description":"Descubre toda la pol\u00edtica medioambiental y en materia de seguridad y salud del Centro Comercial As Termas. \u00a1Tu centro comercial en Lugo!","breadcrumb":{"@id":"https:\/\/ccastermas.valordeley.es\/gl\/politica-medioambiental-seguridad-salud\/#breadcrumb"},"inLanguage":"gl-ES","potentialAction":[{"@type":"ReadAction","target":["https:\/\/ccastermas.valordeley.es\/gl\/politica-medioambiental-seguridad-salud\/"]}]},{"@type":"BreadcrumbList","@id":"https:\/\/ccastermas.valordeley.es\/gl\/politica-medioambiental-seguridad-salud\/#breadcrumb","itemListElement":[{"@type":"ListItem","position":1,"name":"Portada","item":"https:\/\/ccastermas.valordeley.es\/gl\/"},{"@type":"ListItem","position":2,"name":"Pol\u00edtica Ambiental, de Seguridade e Sa\u00fade"}]},{"@type":"WebSite","@id":"https:\/\/ccastermas.valordeley.es\/gl\/#website","url":"https:\/\/ccastermas.valordeley.es\/gl\/","name":"Centro Comercial As Termas","description":"Centro Comercial As Termas: Tu Centro Comercial en Lugo","publisher":{"@id":"https:\/\/ccastermas.valordeley.es\/gl\/#organization"},"potentialAction":[{"@type":"SearchAction","target":{"@type":"EntryPoint","urlTemplate":"https:\/\/ccastermas.valordeley.es\/gl\/?s={search_term_string}"},"query-input":{"@type":"PropertyValueSpecification","valueRequired":true,"valueName":"search_term_string"}}],"inLanguage":"gl-ES"},{"@type":"Organization","@id":"https:\/\/ccastermas.valordeley.es\/gl\/#organization","name":"As Termas","alternateName":"Centro Comercial As Termas","url":"https:\/\/ccastermas.valordeley.es\/gl\/","logo":{"@type":"ImageObject","inLanguage":"gl-ES","@id":"https:\/\/ccastermas.valordeley.es\/gl\/#\/schema\/logo\/image\/","url":"https:\/\/ccastermas.valordeley.es\/wp-content\/uploads\/2024\/10\/cropped-favicon-portal-de-la-marina.jpg","contentUrl":"https:\/\/ccastermas.valordeley.es\/wp-content\/uploads\/2024\/10\/cropped-favicon-portal-de-la-marina.jpg","width":512,"height":512,"caption":"As Termas"},"image":{"@id":"https:\/\/ccastermas.valordeley.es\/gl\/#\/schema\/logo\/image\/"}}]}},"publishpress_future_action":{"enabled":false,"date":"2026-04-22 20:36:11","action":"change-status","newStatus":"draft","terms":[],"taxonomy":"translation_priority"},"publishpress_future_workflow_manual_trigger":{"enabledWorkflows":[]},"_links":{"self":[{"href":"https:\/\/ccastermas.valordeley.es\/gl\/wp-json\/wp\/v2\/pages\/84677","targetHints":{"allow":["GET"]}}],"collection":[{"href":"https:\/\/ccastermas.valordeley.es\/gl\/wp-json\/wp\/v2\/pages"}],"about":[{"href":"https:\/\/ccastermas.valordeley.es\/gl\/wp-json\/wp\/v2\/types\/page"}],"author":[{"embeddable":true,"href":"https:\/\/ccastermas.valordeley.es\/gl\/wp-json\/wp\/v2\/users\/6"}],"replies":[{"embeddable":true,"href":"https:\/\/ccastermas.valordeley.es\/gl\/wp-json\/wp\/v2\/comments?post=84677"}],"version-history":[{"count":5,"href":"https:\/\/ccastermas.valordeley.es\/gl\/wp-json\/wp\/v2\/pages\/84677\/revisions"}],"predecessor-version":[{"id":84687,"href":"https:\/\/ccastermas.valordeley.es\/gl\/wp-json\/wp\/v2\/pages\/84677\/revisions\/84687"}],"wp:attachment":[{"href":"https:\/\/ccastermas.valordeley.es\/gl\/wp-json\/wp\/v2\/media?parent=84677"}],"curies":[{"name":"wp","href":"https:\/\/api.w.org\/{rel}","templated":true}]}}