{"id":84696,"date":"2025-08-25T11:26:12","date_gmt":"2025-08-25T09:26:12","guid":{"rendered":"https:\/\/astermas.valordeley.es\/?page_id=84696"},"modified":"2025-08-25T11:27:28","modified_gmt":"2025-08-25T09:27:28","slug":"politica-de-accesibilidade","status":"publish","type":"page","link":"https:\/\/ccastermas.valordeley.es\/gl\/politica-de-accesibilidade\/","title":{"rendered":"POL\u00cdTICA DE ACCESIBILIDADE"},"content":{"rendered":"\t\t<div data-elementor-type=\"wp-page\" data-elementor-id=\"84696\" class=\"elementor elementor-84696 elementor-84688\">\n\t\t\t\t\t\t<section class=\"elementor-section elementor-top-section elementor-element elementor-element-09626d1 elementor-section-height-min-height elementor-hidden-mobile elementor-hidden-tablet elementor-section-boxed elementor-section-height-default elementor-section-items-middle\" data-id=\"09626d1\" data-element_type=\"section\" data-settings=\"{&quot;background_background&quot;:&quot;classic&quot;}\">\n\t\t\t\t\t\t<div class=\"elementor-container elementor-column-gap-default\">\n\t\t\t\t\t<div class=\" elementor-column elementor-col-100 elementor-top-column elementor-element elementor-element-d92d0d3\" data-fullscreen-column-settings=\"{&quot;fullscreen&quot;:&quot;&quot;}\" data-id=\"d92d0d3\" data-element_type=\"column\">\n\t\t\t<div class=\"elementor-widget-wrap\">\n\t\t\t\t\t\t\t<\/div>\n\t\t<\/div>\n\t\t\t\t\t<\/div>\n\t\t<\/section>\n\t\t<div class=\"elementor-element elementor-element-5a06c5c e-flex e-con-boxed e-con e-parent\" data-id=\"5a06c5c\" data-element_type=\"container\">\n\t\t\t\t\t<div class=\"e-con-inner\">\n\t\t<div class=\"elementor-element elementor-element-16fe91a e-con-full e-flex e-con e-child\" data-id=\"16fe91a\" data-element_type=\"container\">\n\t\t\t\t<div class=\"elementor-element elementor-element-a614893 elementor-widget elementor-widget-heading\" data-id=\"a614893\" data-element_type=\"widget\" data-widget_type=\"heading.default\">\n\t\t\t\t<div class=\"elementor-widget-container\">\n\t\t\t\t\t<h1 class=\"elementor-heading-title elementor-size-default\">POL\u00cdTICA DE ACCESIBILIDADE<\/h1>\t\t\t\t<\/div>\n\t\t\t\t<\/div>\n\t\t\t\t<\/div>\n\t\t\t\t\t<\/div>\n\t\t\t\t<\/div>\n\t\t<div class=\"elementor-element elementor-element-6f08b18 e-flex e-con-boxed e-con e-parent\" data-id=\"6f08b18\" data-element_type=\"container\">\n\t\t\t\t\t<div class=\"e-con-inner\">\n\t\t\t\t<div class=\"elementor-element elementor-element-39df25b elementor-widget elementor-widget-text-editor\" data-id=\"39df25b\" data-element_type=\"widget\" data-widget_type=\"text-editor.default\">\n\t\t\t\t<div class=\"elementor-widget-container\">\n\t\t\t\t\t\t\t\t\t<p>Incorporar criterios de accesibilidade aos proxectos de reforma inmobiliaria, non s\u00f3 co fin de cumprir coa lexislaci\u00f3n vixente, sen\u00f3n tam\u00e9n para crear ambientes m\u00e1is seguros e eficientes para toda a sociedade, independentemente das s\u00faas capacidades.<\/p><p>Garantir a accesibilidade universal nos inmobles propiedade da Empresa, para que sexan accesibles e \u00fatiles por todas as persoas en condici\u00f3ns de seguridade e confort, e da forma m\u00e1is segura e aut\u00f3noma posible.<\/p>\t\t\t\t\t\t\t\t<\/div>\n\t\t\t\t<\/div>\n\t\t\t\t\t<\/div>\n\t\t\t\t<\/div>\n\t\t\t\t<\/div>\n\t\t","protected":false},"excerpt":{"rendered":"<p>POL\u00cdTICA DE ACCESIBILIDADE Incorporar criterios de accesibilidade aos proxectos de reforma inmobiliaria, non s\u00f3 co fin de cumprir coa lexislaci\u00f3n vixente, sen\u00f3n tam\u00e9n para crear ambientes m\u00e1is seguros e eficientes para toda a sociedade, independentemente das s\u00faas capacidades. Garantir a accesibilidade universal nos inmobles propiedade da Empresa, para que sexan accesibles e \u00fatiles por todas [&hellip;]<\/p>\n","protected":false},"author":6,"featured_media":0,"parent":0,"menu_order":0,"comment_status":"closed","ping_status":"closed","template":"","meta":{"footnotes":""},"class_list":["post-84696","page","type-page","status-publish","hentry"],"yoast_head":"<!-- This site is optimized with the Yoast SEO plugin v25.4 - https:\/\/yoast.com\/wordpress\/plugins\/seo\/ -->\n<title>POL\u00cdTICA DE ACCESIBILIDADE | Centro Comercial As Termas<\/title>\n<meta name=\"description\" content=\"POL\u00cdTICA DE ACCESIBILIDADE Incorporar criterios de accesibilidade aos proxectos de reforma inmobiliaria, non s\u00f3 co fin de cumprir coa lexislaci\u00f3n vixente,\" \/>\n<meta name=\"robots\" content=\"noindex, follow, max-snippet:-1, max-image-preview:large, max-video-preview:-1\" \/>\n<meta property=\"og:locale\" content=\"gl_ES\" \/>\n<meta property=\"og:type\" content=\"article\" \/>\n<meta property=\"og:title\" content=\"POL\u00cdTICA DE ACCESIBILIDADE | Centro Comercial As Termas\" \/>\n<meta property=\"og:description\" content=\"POL\u00cdTICA DE ACCESIBILIDADE Incorporar criterios de accesibilidade aos proxectos de reforma inmobiliaria, non s\u00f3 co fin de cumprir coa lexislaci\u00f3n vixente,\" \/>\n<meta property=\"og:url\" content=\"https:\/\/ccastermas.valordeley.es\/gl\/politica-de-accesibilidade\/\" \/>\n<meta property=\"og:site_name\" content=\"Centro Comercial As Termas\" \/>\n<meta property=\"article:modified_time\" content=\"2025-08-25T09:27:28+00:00\" \/>\n<meta name=\"twitter:card\" content=\"summary_large_image\" \/>\n<meta name=\"twitter:label1\" content=\"Tempo de lectura\" \/>\n\t<meta name=\"twitter:data1\" content=\"1 minuto\" \/>\n<script type=\"application\/ld+json\" class=\"yoast-schema-graph\">{\"@context\":\"https:\/\/schema.org\",\"@graph\":[{\"@type\":\"WebPage\",\"@id\":\"https:\/\/ccastermas.valordeley.es\/gl\/politica-de-accesibilidade\/\",\"url\":\"https:\/\/ccastermas.valordeley.es\/gl\/politica-de-accesibilidade\/\",\"name\":\"POL\u00cdTICA DE ACCESIBILIDADE | Centro Comercial As Termas\",\"isPartOf\":{\"@id\":\"https:\/\/ccastermas.valordeley.es\/gl\/#website\"},\"datePublished\":\"2025-08-25T09:26:12+00:00\",\"dateModified\":\"2025-08-25T09:27:28+00:00\",\"description\":\"POL\u00cdTICA DE ACCESIBILIDADE Incorporar criterios de accesibilidade aos proxectos de reforma inmobiliaria, non s\u00f3 co fin de cumprir coa lexislaci\u00f3n vixente,\",\"breadcrumb\":{\"@id\":\"https:\/\/ccastermas.valordeley.es\/gl\/politica-de-accesibilidade\/#breadcrumb\"},\"inLanguage\":\"gl-ES\",\"potentialAction\":[{\"@type\":\"ReadAction\",\"target\":[\"https:\/\/ccastermas.valordeley.es\/gl\/politica-de-accesibilidade\/\"]}]},{\"@type\":\"BreadcrumbList\",\"@id\":\"https:\/\/ccastermas.valordeley.es\/gl\/politica-de-accesibilidade\/#breadcrumb\",\"itemListElement\":[{\"@type\":\"ListItem\",\"position\":1,\"name\":\"Portada\",\"item\":\"https:\/\/ccastermas.valordeley.es\/gl\/\"},{\"@type\":\"ListItem\",\"position\":2,\"name\":\"POL\u00cdTICA DE ACCESIBILIDADE\"}]},{\"@type\":\"WebSite\",\"@id\":\"https:\/\/ccastermas.valordeley.es\/gl\/#website\",\"url\":\"https:\/\/ccastermas.valordeley.es\/gl\/\",\"name\":\"Centro Comercial As Termas\",\"description\":\"Centro Comercial As Termas: Tu Centro Comercial en Lugo\",\"publisher\":{\"@id\":\"https:\/\/ccastermas.valordeley.es\/gl\/#organization\"},\"potentialAction\":[{\"@type\":\"SearchAction\",\"target\":{\"@type\":\"EntryPoint\",\"urlTemplate\":\"https:\/\/ccastermas.valordeley.es\/gl\/?s={search_term_string}\"},\"query-input\":{\"@type\":\"PropertyValueSpecification\",\"valueRequired\":true,\"valueName\":\"search_term_string\"}}],\"inLanguage\":\"gl-ES\"},{\"@type\":\"Organization\",\"@id\":\"https:\/\/ccastermas.valordeley.es\/gl\/#organization\",\"name\":\"As Termas\",\"alternateName\":\"Centro Comercial As Termas\",\"url\":\"https:\/\/ccastermas.valordeley.es\/gl\/\",\"logo\":{\"@type\":\"ImageObject\",\"inLanguage\":\"gl-ES\",\"@id\":\"https:\/\/ccastermas.valordeley.es\/gl\/#\/schema\/logo\/image\/\",\"url\":\"https:\/\/ccastermas.valordeley.es\/wp-content\/uploads\/2024\/10\/cropped-favicon-portal-de-la-marina.jpg\",\"contentUrl\":\"https:\/\/ccastermas.valordeley.es\/wp-content\/uploads\/2024\/10\/cropped-favicon-portal-de-la-marina.jpg\",\"width\":512,\"height\":512,\"caption\":\"As Termas\"},\"image\":{\"@id\":\"https:\/\/ccastermas.valordeley.es\/gl\/#\/schema\/logo\/image\/\"}}]}<\/script>\n<!-- \/ Yoast SEO plugin. -->","yoast_head_json":{"title":"POL\u00cdTICA DE ACCESIBILIDADE | Centro Comercial As Termas","description":"POL\u00cdTICA DE ACCESIBILIDADE Incorporar criterios de accesibilidade aos proxectos de reforma inmobiliaria, non s\u00f3 co fin de cumprir coa lexislaci\u00f3n vixente,","robots":{"index":"noindex","follow":"follow","max-snippet":"max-snippet:-1","max-image-preview":"max-image-preview:large","max-video-preview":"max-video-preview:-1"},"og_locale":"gl_ES","og_type":"article","og_title":"POL\u00cdTICA DE ACCESIBILIDADE | Centro Comercial As Termas","og_description":"POL\u00cdTICA DE ACCESIBILIDADE Incorporar criterios de accesibilidade aos proxectos de reforma inmobiliaria, non s\u00f3 co fin de cumprir coa lexislaci\u00f3n vixente,","og_url":"https:\/\/ccastermas.valordeley.es\/gl\/politica-de-accesibilidade\/","og_site_name":"Centro Comercial As Termas","article_modified_time":"2025-08-25T09:27:28+00:00","twitter_card":"summary_large_image","twitter_misc":{"Tempo de lectura":"1 minuto"},"schema":{"@context":"https:\/\/schema.org","@graph":[{"@type":"WebPage","@id":"https:\/\/ccastermas.valordeley.es\/gl\/politica-de-accesibilidade\/","url":"https:\/\/ccastermas.valordeley.es\/gl\/politica-de-accesibilidade\/","name":"POL\u00cdTICA DE ACCESIBILIDADE | Centro Comercial As Termas","isPartOf":{"@id":"https:\/\/ccastermas.valordeley.es\/gl\/#website"},"datePublished":"2025-08-25T09:26:12+00:00","dateModified":"2025-08-25T09:27:28+00:00","description":"POL\u00cdTICA DE ACCESIBILIDADE Incorporar criterios de accesibilidade aos proxectos de reforma inmobiliaria, non s\u00f3 co fin de cumprir coa lexislaci\u00f3n vixente,","breadcrumb":{"@id":"https:\/\/ccastermas.valordeley.es\/gl\/politica-de-accesibilidade\/#breadcrumb"},"inLanguage":"gl-ES","potentialAction":[{"@type":"ReadAction","target":["https:\/\/ccastermas.valordeley.es\/gl\/politica-de-accesibilidade\/"]}]},{"@type":"BreadcrumbList","@id":"https:\/\/ccastermas.valordeley.es\/gl\/politica-de-accesibilidade\/#breadcrumb","itemListElement":[{"@type":"ListItem","position":1,"name":"Portada","item":"https:\/\/ccastermas.valordeley.es\/gl\/"},{"@type":"ListItem","position":2,"name":"POL\u00cdTICA DE ACCESIBILIDADE"}]},{"@type":"WebSite","@id":"https:\/\/ccastermas.valordeley.es\/gl\/#website","url":"https:\/\/ccastermas.valordeley.es\/gl\/","name":"Centro Comercial As Termas","description":"Centro Comercial As Termas: Tu Centro Comercial en Lugo","publisher":{"@id":"https:\/\/ccastermas.valordeley.es\/gl\/#organization"},"potentialAction":[{"@type":"SearchAction","target":{"@type":"EntryPoint","urlTemplate":"https:\/\/ccastermas.valordeley.es\/gl\/?s={search_term_string}"},"query-input":{"@type":"PropertyValueSpecification","valueRequired":true,"valueName":"search_term_string"}}],"inLanguage":"gl-ES"},{"@type":"Organization","@id":"https:\/\/ccastermas.valordeley.es\/gl\/#organization","name":"As Termas","alternateName":"Centro Comercial As Termas","url":"https:\/\/ccastermas.valordeley.es\/gl\/","logo":{"@type":"ImageObject","inLanguage":"gl-ES","@id":"https:\/\/ccastermas.valordeley.es\/gl\/#\/schema\/logo\/image\/","url":"https:\/\/ccastermas.valordeley.es\/wp-content\/uploads\/2024\/10\/cropped-favicon-portal-de-la-marina.jpg","contentUrl":"https:\/\/ccastermas.valordeley.es\/wp-content\/uploads\/2024\/10\/cropped-favicon-portal-de-la-marina.jpg","width":512,"height":512,"caption":"As Termas"},"image":{"@id":"https:\/\/ccastermas.valordeley.es\/gl\/#\/schema\/logo\/image\/"}}]}},"publishpress_future_action":{"enabled":false,"date":"2026-04-22 17:16:06","action":"change-status","newStatus":"draft","terms":[],"taxonomy":"translation_priority"},"publishpress_future_workflow_manual_trigger":{"enabledWorkflows":[]},"_links":{"self":[{"href":"https:\/\/ccastermas.valordeley.es\/gl\/wp-json\/wp\/v2\/pages\/84696","targetHints":{"allow":["GET"]}}],"collection":[{"href":"https:\/\/ccastermas.valordeley.es\/gl\/wp-json\/wp\/v2\/pages"}],"about":[{"href":"https:\/\/ccastermas.valordeley.es\/gl\/wp-json\/wp\/v2\/types\/page"}],"author":[{"embeddable":true,"href":"https:\/\/ccastermas.valordeley.es\/gl\/wp-json\/wp\/v2\/users\/6"}],"replies":[{"embeddable":true,"href":"https:\/\/ccastermas.valordeley.es\/gl\/wp-json\/wp\/v2\/comments?post=84696"}],"version-history":[{"count":5,"href":"https:\/\/ccastermas.valordeley.es\/gl\/wp-json\/wp\/v2\/pages\/84696\/revisions"}],"predecessor-version":[{"id":84706,"href":"https:\/\/ccastermas.valordeley.es\/gl\/wp-json\/wp\/v2\/pages\/84696\/revisions\/84706"}],"wp:attachment":[{"href":"https:\/\/ccastermas.valordeley.es\/gl\/wp-json\/wp\/v2\/media?parent=84696"}],"curies":[{"name":"wp","href":"https:\/\/api.w.org\/{rel}","templated":true}]}}