{"id":84719,"date":"2025-08-25T11:30:44","date_gmt":"2025-08-25T09:30:44","guid":{"rendered":"https:\/\/astermas.valordeley.es\/?page_id=84719"},"modified":"2025-08-25T11:31:47","modified_gmt":"2025-08-25T09:31:47","slug":"politica-enerxetica","status":"publish","type":"page","link":"https:\/\/ccastermas.valordeley.es\/gl\/politica-enerxetica\/","title":{"rendered":"POL\u00cdTICA ENERX\u00c9TICA"},"content":{"rendered":"\t\t<div data-elementor-type=\"wp-page\" data-elementor-id=\"84719\" class=\"elementor elementor-84719 elementor-84707\">\n\t\t\t\t\t\t<section class=\"elementor-section elementor-top-section elementor-element elementor-element-09626d1 elementor-section-height-min-height elementor-hidden-mobile elementor-hidden-tablet elementor-section-boxed elementor-section-height-default elementor-section-items-middle\" data-id=\"09626d1\" data-element_type=\"section\" data-settings=\"{&quot;background_background&quot;:&quot;classic&quot;}\">\n\t\t\t\t\t\t<div class=\"elementor-container elementor-column-gap-default\">\n\t\t\t\t\t<div class=\" elementor-column elementor-col-100 elementor-top-column elementor-element elementor-element-d92d0d3\" data-fullscreen-column-settings=\"{&quot;fullscreen&quot;:&quot;&quot;}\" data-id=\"d92d0d3\" data-element_type=\"column\">\n\t\t\t<div class=\"elementor-widget-wrap\">\n\t\t\t\t\t\t\t<\/div>\n\t\t<\/div>\n\t\t\t\t\t<\/div>\n\t\t<\/section>\n\t\t<div class=\"elementor-element elementor-element-5a06c5c e-flex e-con-boxed e-con e-parent\" data-id=\"5a06c5c\" data-element_type=\"container\">\n\t\t\t\t\t<div class=\"e-con-inner\">\n\t\t<div class=\"elementor-element elementor-element-16fe91a e-con-full e-flex e-con e-child\" data-id=\"16fe91a\" data-element_type=\"container\">\n\t\t\t\t<div class=\"elementor-element elementor-element-a614893 elementor-widget elementor-widget-heading\" data-id=\"a614893\" data-element_type=\"widget\" data-widget_type=\"heading.default\">\n\t\t\t\t<div class=\"elementor-widget-container\">\n\t\t\t\t\t<h1 class=\"elementor-heading-title elementor-size-default\">POL\u00cdTICA ENERX\u00c9TICA<\/h1>\t\t\t\t<\/div>\n\t\t\t\t<\/div>\n\t\t\t\t<\/div>\n\t\t\t\t\t<\/div>\n\t\t\t\t<\/div>\n\t\t<div class=\"elementor-element elementor-element-6f08b18 e-flex e-con-boxed e-con e-parent\" data-id=\"6f08b18\" data-element_type=\"container\">\n\t\t\t\t\t<div class=\"e-con-inner\">\n\t\t\t\t<div class=\"elementor-element elementor-element-39df25b elementor-widget elementor-widget-text-editor\" data-id=\"39df25b\" data-element_type=\"widget\" data-widget_type=\"text-editor.default\">\n\t\t\t\t<div class=\"elementor-widget-container\">\n\t\t\t\t\t\t\t\t\t<p>El Centro Comercial AS TERMAS, reforzando o seu compromiso de respecto ao medio ambiente e sostibilidade, considera como valor fundamental da s\u00faa estratexia empresarial o fomento do uso racional da enerx\u00eda, a trav\u00e9s da incorporaci\u00f3n de medidas de eficiencia enerx\u00e9tica, co obxectivo de reducir o impacto ambiental e facilitar unha transici\u00f3n cara a unha econom\u00eda baixa en carbono. Por iso, realiza as actividades conforme aos principios de control e optimizaci\u00f3n dos consumos enerx\u00e9ticos das zonas e instalaci\u00f3ns com\u00fans, en todas as etapas do ciclo de vida, e, polo tanto, de loita contra o cambio clim\u00e1tico mediante a diminuci\u00f3n nas emisi\u00f3ns \u00e1 atmosfera de gases efecto invernadoiro e outros impactos relacionados, as\u00ed como os custos da enerx\u00eda asociados a estes.&nbsp;<\/p>\n<p>En consecuencia e en cumprimento destes compromisos, aplica os fundamentos da seguinte pol\u00edtica enerx\u00e9tica, e require \u00e1s empresas contratadas e aos provedores que presten os seus servizos cumprindo estes mesmos principios:<br><\/p>\n<ul>\n<li><em><strong>INTEGRAR A XESTI\u00d3N DA ENERX\u00cdA NA NOSA ESTRATEXIA EMPRESARIAL:<\/strong><\/em> Aplicar o criterio de eficiencia e aforro enerx\u00e9tico na toma de decisi\u00f3ns, asegurando que \u00e9 unha prioridade e unha pr\u00e1ctica, garantindo que este \u00e9 axeitado ao contexto e prop\u00f3sito da nosa organizaci\u00f3n e implicando nel a todos os niveis da mesma e demais partes interesadas.<\/li>\n<li><em><strong>CUMPRIR AS ESIXENCIAS LEGAIS E OUTROS REQUISITOS SUBSCRITOS:<\/strong><\/em> Manter un control permanente do cumprimento da lexislaci\u00f3n vixente e outros requisitos subscritos en materia de uso, consumo e eficiencia enerx\u00e9tica.<\/li>\n<li><em><strong>CONTROLAR O USO DA ENERX\u00cdA E MELLORAR A EFICIENCIA ENERX\u00c9TICA:<\/strong><\/em> Levar a cabo a nosa actividade dentro dos par\u00e1metros dun desenvolvemento sostible, garantindo o control e xesti\u00f3n do uso da enerx\u00eda, as\u00ed como manter os equipos e instalaci\u00f3ns asegurando a optimizaci\u00f3n do consumo enerx\u00e9tico.<\/li>\n<li><em><strong>IDENTIFICAR E AVALIAR OS USOS DA ENERX\u00cdA PARA POTENCIAR A PREVENCI\u00d3N E O USO EFICIENTE DA ENERX\u00cdA FRONTE \u00c1 CORRECCI\u00d3N E O MAL USO:<\/strong><\/em> Minimizar os impactos negativos e controlar o uso da enerx\u00eda realizando un esforzo continuado en identificar, caracterizar e minimizar o impacto enerx\u00e9tico derivado das nosas actividades e instalaci\u00f3ns e procurando unha utilizaci\u00f3n eficiente dos recursos enerx\u00e9ticos co obxectivo de mellorar o noso desempe\u00f1o en materia de xesti\u00f3n da enerx\u00eda.<\/li>\n<li><em><strong>PROMOVER A ADQUISICI\u00d3N DE PRODUTOS E SERVIZOS ENERX\u00c9TICAMENTE EFICIENTES E O DESE\u00d1O PARA MELLORAR O DESEMPE\u00d1O ENERX\u00c9TICO:<\/strong><\/em> Potenciar aquelas alternativas sostibles que favorezan un menor consumo enerx\u00e9tico, seguindo os principios de compras enerx\u00e9ticamente eficientes na cadea de abastecemento.<\/li>\n<li><em><strong>POTENCIAR A INNOVACI\u00d3N E O DESENVOLVEMENTO:<\/strong><\/em> Aplicar nas nosas instalaci\u00f3ns as soluci\u00f3ns m\u00e1is limpas, seguras, eficaces dispo\u00f1ibles e economicamente viables, potenciando sempre o aforro enerx\u00e9tico, as\u00ed como considerar as fontes de enerx\u00eda limpas e renovables sempre que sexa t\u00e9cnica e economicamente factible.<\/li>\n<li><em><strong>PROPORCIONAR OS RECURSOS NECESARIOS PARA A MELLORA CONTINUA E A CONSECUCI\u00d3N DOS OBXECTIVOS FIXADOS EN MATERIA ENERX\u00c9TICA:<\/strong><\/em> Dispo\u00f1er e transmitir a informaci\u00f3n e dotar dos recursos humanos e materiais que sexan necesarios para a implantaci\u00f3n da presente pol\u00edtica enerx\u00e9tica inclu\u00edndo os necesarios para a posta en pr\u00e1ctica das actividades derivadas do sistema de xesti\u00f3n enerx\u00e9tica implantado e a consecuci\u00f3n dos obxectivos e as metas enerx\u00e9ticas.<\/li>\n<li><em><strong>RESPALDAR \u00c1S PERSOAS:<\/strong><\/em> Promover e participar en actuaci\u00f3ns que fomenten a concienciaci\u00f3n, formaci\u00f3n e sensibilizaci\u00f3n e o progreso en materia enerx\u00e9tica co obxectivo de mellorar os h\u00e1bitos de consumo dos nosos traballadores, clientes, visitantes e da sociedade, en xeral, como principio b\u00e1sico da mellora continua da nosa relaci\u00f3n coa xesti\u00f3n da enerx\u00eda e os grupos de interese vinculados ao Centro Comercial. Dotar dos co\u00f1ecementos en materia de xesti\u00f3n enerx\u00e9tica e garantir a capacitaci\u00f3n das persoas que constit\u00faen o equipo de xesti\u00f3n da enerx\u00eda.<\/li>\n<li><em><strong>LOGRAR A PARTICIPACI\u00d3N DO PERSOAL:<\/strong><\/em> Favorecer un ambiente participativo entre o persoal propio, o das contratas e o dos locais comerciais e cesi\u00f3ns de espazo, integr\u00e1ndose no obxectivo com\u00fan de aforro enerx\u00e9tico e mellorando as comunicaci\u00f3ns que faciliten a xesti\u00f3n eficiente da enerx\u00eda, inducindo a todos eles cara a unha actitude responsable mediante a s\u00faa sensibilizaci\u00f3n e induci\u00f3n.<\/li>\n<li><em><strong>PERSEVERAR NA MELLORA CONTINUA DO DESEMPE\u00d1O ENERX\u00c9TICO E DO SISTEMA DE XESTI\u00d3N DA ENERX\u00cdA:<\/strong><\/em> Planificar a medio e longo prazo e revisar os obxectivos e metas de xesti\u00f3n enerx\u00e9tica que son a causa e o efecto da mellora continua, sendo conscientes de que estes s\u00f3 son alcanzables mediante o esforzo e a debida adaptaci\u00f3n aos cambios; revisar o sistema de xesti\u00f3n enerx\u00e9tica co obxectivo de introducir cantos cambios sexan necesarios para conseguir os obxectivos fixados; as\u00ed como promover a aplicaci\u00f3n de medidas e o desenvolvemento das actividades necesarias para a consecuci\u00f3n dos aforros enerx\u00e9ticos.<\/li>\n<li><em><strong>INFORMAR ACTIVAMENTE SOBRE OS RESULTADOS DO DESEMPE\u00d1O DA XESTI\u00d3N DA ENERX\u00cdA:<\/strong><\/em> Comunicar activamente aos grupos de interese os resultados relevantes correspondentes ao desempe\u00f1o enerx\u00e9tico.<\/li>\n<\/ul>\n<p>Este documento serve como marco para o establecemento da estratexia, os plans e o d\u00eda a d\u00eda da Comunidade de Propietarios do Centro Comercial AS TERMAS no desenvolvemento das s\u00faas actividades e est\u00e1 \u00e1 disposici\u00f3n p\u00fablica.<\/p>\t\t\t\t\t\t\t\t<\/div>\n\t\t\t\t<\/div>\n\t\t\t\t\t<\/div>\n\t\t\t\t<\/div>\n\t\t\t\t<\/div>\n\t\t","protected":false},"excerpt":{"rendered":"<p>POL\u00cdTICA ENERX\u00c9TICA El Centro Comercial AS TERMAS, reforzando o seu compromiso de respecto ao medio ambiente e sostibilidade, considera como valor fundamental da s\u00faa estratexia empresarial o fomento do uso racional da enerx\u00eda, a trav\u00e9s da incorporaci\u00f3n de medidas de eficiencia enerx\u00e9tica, co obxectivo de reducir o impacto ambiental e facilitar unha transici\u00f3n cara a [&hellip;]<\/p>\n","protected":false},"author":6,"featured_media":0,"parent":0,"menu_order":0,"comment_status":"closed","ping_status":"closed","template":"","meta":{"footnotes":""},"class_list":["post-84719","page","type-page","status-publish","hentry"],"yoast_head":"<!-- This site is optimized with the Yoast SEO plugin v25.4 - https:\/\/yoast.com\/wordpress\/plugins\/seo\/ -->\n<title>POL\u00cdTICA ENERX\u00c9TICA | Centro Comercial As Termas<\/title>\n<meta name=\"description\" content=\"POL\u00cdTICA ENERX\u00c9TICA El Centro Comercial AS TERMAS, reforzando o seu compromiso de respecto ao medio ambiente e sostibilidade, considera como valor Descubre toda la pol\u00edtica medioambiental y en materia de seguridad y salud del Centro Comercial As Termas. \u00a1Tu centro comercial en Lugo!\" \/>\n<meta name=\"robots\" content=\"noindex, follow, max-snippet:-1, max-image-preview:large, max-video-preview:-1\" \/>\n<meta property=\"og:locale\" content=\"gl_ES\" \/>\n<meta property=\"og:type\" content=\"article\" \/>\n<meta property=\"og:title\" content=\"POL\u00cdTICA ENERX\u00c9TICA | Centro Comercial As Termas\" \/>\n<meta property=\"og:description\" content=\"POL\u00cdTICA ENERX\u00c9TICA El Centro Comercial AS TERMAS, reforzando o seu compromiso de respecto ao medio ambiente e sostibilidade, considera como valor Descubre toda la pol\u00edtica medioambiental y en materia de seguridad y salud del Centro Comercial As Termas. \u00a1Tu centro comercial en Lugo!\" \/>\n<meta property=\"og:url\" content=\"https:\/\/ccastermas.valordeley.es\/gl\/politica-enerxetica\/\" \/>\n<meta property=\"og:site_name\" content=\"Centro Comercial As Termas\" \/>\n<meta property=\"article:modified_time\" content=\"2025-08-25T09:31:47+00:00\" \/>\n<meta name=\"twitter:card\" content=\"summary_large_image\" \/>\n<meta name=\"twitter:label1\" content=\"Tempo de lectura\" \/>\n\t<meta name=\"twitter:data1\" content=\"5 minutos\" \/>\n<script type=\"application\/ld+json\" class=\"yoast-schema-graph\">{\"@context\":\"https:\/\/schema.org\",\"@graph\":[{\"@type\":\"WebPage\",\"@id\":\"https:\/\/ccastermas.valordeley.es\/gl\/politica-enerxetica\/\",\"url\":\"https:\/\/ccastermas.valordeley.es\/gl\/politica-enerxetica\/\",\"name\":\"POL\u00cdTICA ENERX\u00c9TICA | Centro Comercial As Termas\",\"isPartOf\":{\"@id\":\"https:\/\/ccastermas.valordeley.es\/gl\/#website\"},\"datePublished\":\"2025-08-25T09:30:44+00:00\",\"dateModified\":\"2025-08-25T09:31:47+00:00\",\"description\":\"POL\u00cdTICA ENERX\u00c9TICA El Centro Comercial AS TERMAS, reforzando o seu compromiso de respecto ao medio ambiente e sostibilidade, considera como valor Descubre toda la pol\u00edtica medioambiental y en materia de seguridad y salud del Centro Comercial As Termas. \u00a1Tu centro comercial en Lugo!\",\"breadcrumb\":{\"@id\":\"https:\/\/ccastermas.valordeley.es\/gl\/politica-enerxetica\/#breadcrumb\"},\"inLanguage\":\"gl-ES\",\"potentialAction\":[{\"@type\":\"ReadAction\",\"target\":[\"https:\/\/ccastermas.valordeley.es\/gl\/politica-enerxetica\/\"]}]},{\"@type\":\"BreadcrumbList\",\"@id\":\"https:\/\/ccastermas.valordeley.es\/gl\/politica-enerxetica\/#breadcrumb\",\"itemListElement\":[{\"@type\":\"ListItem\",\"position\":1,\"name\":\"Portada\",\"item\":\"https:\/\/ccastermas.valordeley.es\/gl\/\"},{\"@type\":\"ListItem\",\"position\":2,\"name\":\"POL\u00cdTICA ENERX\u00c9TICA\"}]},{\"@type\":\"WebSite\",\"@id\":\"https:\/\/ccastermas.valordeley.es\/gl\/#website\",\"url\":\"https:\/\/ccastermas.valordeley.es\/gl\/\",\"name\":\"Centro Comercial As Termas\",\"description\":\"Centro Comercial As Termas: Tu Centro Comercial en Lugo\",\"publisher\":{\"@id\":\"https:\/\/ccastermas.valordeley.es\/gl\/#organization\"},\"potentialAction\":[{\"@type\":\"SearchAction\",\"target\":{\"@type\":\"EntryPoint\",\"urlTemplate\":\"https:\/\/ccastermas.valordeley.es\/gl\/?s={search_term_string}\"},\"query-input\":{\"@type\":\"PropertyValueSpecification\",\"valueRequired\":true,\"valueName\":\"search_term_string\"}}],\"inLanguage\":\"gl-ES\"},{\"@type\":\"Organization\",\"@id\":\"https:\/\/ccastermas.valordeley.es\/gl\/#organization\",\"name\":\"As Termas\",\"alternateName\":\"Centro Comercial As Termas\",\"url\":\"https:\/\/ccastermas.valordeley.es\/gl\/\",\"logo\":{\"@type\":\"ImageObject\",\"inLanguage\":\"gl-ES\",\"@id\":\"https:\/\/ccastermas.valordeley.es\/gl\/#\/schema\/logo\/image\/\",\"url\":\"https:\/\/ccastermas.valordeley.es\/wp-content\/uploads\/2024\/10\/cropped-favicon-portal-de-la-marina.jpg\",\"contentUrl\":\"https:\/\/ccastermas.valordeley.es\/wp-content\/uploads\/2024\/10\/cropped-favicon-portal-de-la-marina.jpg\",\"width\":512,\"height\":512,\"caption\":\"As Termas\"},\"image\":{\"@id\":\"https:\/\/ccastermas.valordeley.es\/gl\/#\/schema\/logo\/image\/\"}}]}<\/script>\n<!-- \/ Yoast SEO plugin. -->","yoast_head_json":{"title":"POL\u00cdTICA ENERX\u00c9TICA | Centro Comercial As Termas","description":"POL\u00cdTICA ENERX\u00c9TICA El Centro Comercial AS TERMAS, reforzando o seu compromiso de respecto ao medio ambiente e sostibilidade, considera como valor Descubre toda la pol\u00edtica medioambiental y en materia de seguridad y salud del Centro Comercial As Termas. \u00a1Tu centro comercial en Lugo!","robots":{"index":"noindex","follow":"follow","max-snippet":"max-snippet:-1","max-image-preview":"max-image-preview:large","max-video-preview":"max-video-preview:-1"},"og_locale":"gl_ES","og_type":"article","og_title":"POL\u00cdTICA ENERX\u00c9TICA | Centro Comercial As Termas","og_description":"POL\u00cdTICA ENERX\u00c9TICA El Centro Comercial AS TERMAS, reforzando o seu compromiso de respecto ao medio ambiente e sostibilidade, considera como valor Descubre toda la pol\u00edtica medioambiental y en materia de seguridad y salud del Centro Comercial As Termas. \u00a1Tu centro comercial en Lugo!","og_url":"https:\/\/ccastermas.valordeley.es\/gl\/politica-enerxetica\/","og_site_name":"Centro Comercial As Termas","article_modified_time":"2025-08-25T09:31:47+00:00","twitter_card":"summary_large_image","twitter_misc":{"Tempo de lectura":"5 minutos"},"schema":{"@context":"https:\/\/schema.org","@graph":[{"@type":"WebPage","@id":"https:\/\/ccastermas.valordeley.es\/gl\/politica-enerxetica\/","url":"https:\/\/ccastermas.valordeley.es\/gl\/politica-enerxetica\/","name":"POL\u00cdTICA ENERX\u00c9TICA | Centro Comercial As Termas","isPartOf":{"@id":"https:\/\/ccastermas.valordeley.es\/gl\/#website"},"datePublished":"2025-08-25T09:30:44+00:00","dateModified":"2025-08-25T09:31:47+00:00","description":"POL\u00cdTICA ENERX\u00c9TICA El Centro Comercial AS TERMAS, reforzando o seu compromiso de respecto ao medio ambiente e sostibilidade, considera como valor Descubre toda la pol\u00edtica medioambiental y en materia de seguridad y salud del Centro Comercial As Termas. \u00a1Tu centro comercial en Lugo!","breadcrumb":{"@id":"https:\/\/ccastermas.valordeley.es\/gl\/politica-enerxetica\/#breadcrumb"},"inLanguage":"gl-ES","potentialAction":[{"@type":"ReadAction","target":["https:\/\/ccastermas.valordeley.es\/gl\/politica-enerxetica\/"]}]},{"@type":"BreadcrumbList","@id":"https:\/\/ccastermas.valordeley.es\/gl\/politica-enerxetica\/#breadcrumb","itemListElement":[{"@type":"ListItem","position":1,"name":"Portada","item":"https:\/\/ccastermas.valordeley.es\/gl\/"},{"@type":"ListItem","position":2,"name":"POL\u00cdTICA ENERX\u00c9TICA"}]},{"@type":"WebSite","@id":"https:\/\/ccastermas.valordeley.es\/gl\/#website","url":"https:\/\/ccastermas.valordeley.es\/gl\/","name":"Centro Comercial As Termas","description":"Centro Comercial As Termas: Tu Centro Comercial en Lugo","publisher":{"@id":"https:\/\/ccastermas.valordeley.es\/gl\/#organization"},"potentialAction":[{"@type":"SearchAction","target":{"@type":"EntryPoint","urlTemplate":"https:\/\/ccastermas.valordeley.es\/gl\/?s={search_term_string}"},"query-input":{"@type":"PropertyValueSpecification","valueRequired":true,"valueName":"search_term_string"}}],"inLanguage":"gl-ES"},{"@type":"Organization","@id":"https:\/\/ccastermas.valordeley.es\/gl\/#organization","name":"As Termas","alternateName":"Centro Comercial As Termas","url":"https:\/\/ccastermas.valordeley.es\/gl\/","logo":{"@type":"ImageObject","inLanguage":"gl-ES","@id":"https:\/\/ccastermas.valordeley.es\/gl\/#\/schema\/logo\/image\/","url":"https:\/\/ccastermas.valordeley.es\/wp-content\/uploads\/2024\/10\/cropped-favicon-portal-de-la-marina.jpg","contentUrl":"https:\/\/ccastermas.valordeley.es\/wp-content\/uploads\/2024\/10\/cropped-favicon-portal-de-la-marina.jpg","width":512,"height":512,"caption":"As Termas"},"image":{"@id":"https:\/\/ccastermas.valordeley.es\/gl\/#\/schema\/logo\/image\/"}}]}},"publishpress_future_action":{"enabled":false,"date":"2026-04-22 21:50:11","action":"change-status","newStatus":"draft","terms":[],"taxonomy":"translation_priority"},"publishpress_future_workflow_manual_trigger":{"enabledWorkflows":[]},"_links":{"self":[{"href":"https:\/\/ccastermas.valordeley.es\/gl\/wp-json\/wp\/v2\/pages\/84719","targetHints":{"allow":["GET"]}}],"collection":[{"href":"https:\/\/ccastermas.valordeley.es\/gl\/wp-json\/wp\/v2\/pages"}],"about":[{"href":"https:\/\/ccastermas.valordeley.es\/gl\/wp-json\/wp\/v2\/types\/page"}],"author":[{"embeddable":true,"href":"https:\/\/ccastermas.valordeley.es\/gl\/wp-json\/wp\/v2\/users\/6"}],"replies":[{"embeddable":true,"href":"https:\/\/ccastermas.valordeley.es\/gl\/wp-json\/wp\/v2\/comments?post=84719"}],"version-history":[{"count":5,"href":"https:\/\/ccastermas.valordeley.es\/gl\/wp-json\/wp\/v2\/pages\/84719\/revisions"}],"predecessor-version":[{"id":84729,"href":"https:\/\/ccastermas.valordeley.es\/gl\/wp-json\/wp\/v2\/pages\/84719\/revisions\/84729"}],"wp:attachment":[{"href":"https:\/\/ccastermas.valordeley.es\/gl\/wp-json\/wp\/v2\/media?parent=84719"}],"curies":[{"name":"wp","href":"https:\/\/api.w.org\/{rel}","templated":true}]}}