{"id":85131,"date":"2025-08-26T11:14:41","date_gmt":"2025-08-26T09:14:41","guid":{"rendered":"https:\/\/astermas.valordeley.es\/?page_id=85131"},"modified":"2025-08-26T11:19:35","modified_gmt":"2025-08-26T09:19:35","slug":"pet-friendly","status":"publish","type":"page","link":"https:\/\/ccastermas.valordeley.es\/gl\/pet-friendly\/","title":{"rendered":"Pet Friendly"},"content":{"rendered":"\t\t<div data-elementor-type=\"wp-page\" data-elementor-id=\"85131\" class=\"elementor elementor-85131 elementor-76439\">\n\t\t\t\t\t\t<section class=\"elementor-section elementor-top-section elementor-element elementor-element-99fe2a6 elementor-section-height-min-height elementor-hidden-mobile elementor-hidden-tablet elementor-section-boxed elementor-section-height-default elementor-section-items-middle\" data-id=\"99fe2a6\" data-element_type=\"section\" data-settings=\"{&quot;background_background&quot;:&quot;classic&quot;}\">\n\t\t\t\t\t\t<div class=\"elementor-container elementor-column-gap-default\">\n\t\t\t\t\t<div class=\" elementor-column elementor-col-100 elementor-top-column elementor-element elementor-element-1c3978f\" data-fullscreen-column-settings=\"{&quot;fullscreen&quot;:&quot;&quot;}\" data-id=\"1c3978f\" data-element_type=\"column\">\n\t\t\t<div class=\"elementor-widget-wrap\">\n\t\t\t\t\t\t\t<\/div>\n\t\t<\/div>\n\t\t\t\t\t<\/div>\n\t\t<\/section>\n\t\t<div class=\"elementor-element elementor-element-dea015c e-flex e-con-boxed e-con e-parent\" data-id=\"dea015c\" data-element_type=\"container\" data-settings=\"{&quot;background_background&quot;:&quot;classic&quot;}\">\n\t\t\t\t\t<div class=\"e-con-inner\">\n\t\t<div class=\"elementor-element elementor-element-c75084d e-con-full e-flex e-con e-child\" data-id=\"c75084d\" data-element_type=\"container\">\n\t\t\t\t<div class=\"elementor-element elementor-element-0869622 elementor-widget elementor-widget-heading\" data-id=\"0869622\" data-element_type=\"widget\" data-widget_type=\"heading.default\">\n\t\t\t\t<div class=\"elementor-widget-container\">\n\t\t\t\t\t<h1 class=\"elementor-heading-title elementor-size-default\">V\u00e9n co teu mellor amigo, somos pet friendly<\/h1>\t\t\t\t<\/div>\n\t\t\t\t<\/div>\n\t\t\t\t<\/div>\n\t\t\t\t\t<\/div>\n\t\t\t\t<\/div>\n\t\t\t\t<section class=\"elementor-section elementor-top-section elementor-element elementor-element-fb39c9b elementor-section-content-middle elementor-section-boxed elementor-section-height-default elementor-section-height-default\" data-id=\"fb39c9b\" data-element_type=\"section\" data-settings=\"{&quot;background_background&quot;:&quot;classic&quot;}\">\n\t\t\t\t\t\t<div class=\"elementor-container elementor-column-gap-default\">\n\t\t\t\t\t<div class=\" elementor-column elementor-col-50 elementor-top-column elementor-element elementor-element-8c5abb3\" data-fullscreen-column-settings=\"{&quot;fullscreen&quot;:&quot;&quot;}\" data-id=\"8c5abb3\" data-element_type=\"column\">\n\t\t\t<div class=\"elementor-widget-wrap elementor-element-populated\">\n\t\t\t\t\t\t<div class=\"elementor-element elementor-element-4c35829 elementor-widget elementor-widget-text-editor\" data-id=\"4c35829\" data-element_type=\"widget\" data-widget_type=\"text-editor.default\">\n\t\t\t\t<div class=\"elementor-widget-container\">\n\t\t\t\t\t\t\t\t\t<p><strong>\u00a1Pedir\u00e1delo e consegu\u00edmolo: <\/strong><br \/>Xa somos Pet Friendly! Agora podes vir ao centro coa t\u00faa mascota e gozar xuntos dunha experiencia \u00fanica. Para garantir unha boa convivencia entre todos, convid\u00e1moste a consultar as normas e descubrir que operadores est\u00e1n adheridos a esta iniciativa.<\/p>\t\t\t\t\t\t\t\t<\/div>\n\t\t\t\t<\/div>\n\t\t\t\t<div class=\"elementor-element elementor-element-a41099e elementor-widget elementor-widget-text-editor\" data-id=\"a41099e\" data-element_type=\"widget\" data-widget_type=\"text-editor.default\">\n\t\t\t\t<div class=\"elementor-widget-container\">\n\t\t\t\t\t\t\t\t\t<p><a href=\"\/wp-content\/uploads\/2025\/08\/WEB_CCAstermas_SomosPetfriendly_Normas-1.pdf\" target=\"_blank\" rel=\"noopener\">Consulta as regras completas<\/a> <i class=\"menu-item-icon fa-solid fa-download\"><\/i><\/p>\t\t\t\t\t\t\t\t<\/div>\n\t\t\t\t<\/div>\n\t\t\t\t<div class=\"elementor-element elementor-element-b9bb8ee elementor-widget elementor-widget-text-editor\" data-id=\"b9bb8ee\" data-element_type=\"widget\" data-widget_type=\"text-editor.default\">\n\t\t\t\t<div class=\"elementor-widget-container\">\n\t\t\t\t\t\t\t\t\t<a href=\"\/wp-content\/uploads\/2025\/08\/AF_CCAsTermas_SomosPetfriendly_Locales2025_TZ-1.pdf\" target=\"_blank\" rel=\"noopener\">Consulta los operadores adheridos<\/a> <i class=\"menu-item-icon fa-solid fa-download\"><\/i>\t\t\t\t\t\t\t\t<\/div>\n\t\t\t\t<\/div>\n\t\t\t\t\t<\/div>\n\t\t<\/div>\n\t\t\t\t<div class=\" elementor-column elementor-col-50 elementor-top-column elementor-element elementor-element-b66d176 elementor-invisible\" data-fullscreen-column-settings=\"{&quot;fullscreen&quot;:&quot;&quot;}\" data-id=\"b66d176\" data-element_type=\"column\" data-settings=\"{&quot;animation&quot;:&quot;fadeIn&quot;,&quot;animation_delay&quot;:200}\">\n\t\t\t<div class=\"elementor-widget-wrap elementor-element-populated\">\n\t\t\t\t\t\t<div class=\"elementor-element elementor-element-0ab9d37 elementor-widget elementor-widget-image\" data-id=\"0ab9d37\" data-element_type=\"widget\" data-widget_type=\"image.default\">\n\t\t\t\t<div class=\"elementor-widget-container\">\n\t\t\t\t\t\t\t\t\t\t\t\t\t\t\t<img fetchpriority=\"high\" decoding=\"async\" width=\"683\" height=\"306\" src=\"https:\/\/ccastermas.valordeley.es\/wp-content\/uploads\/2024\/09\/Frame-177.png\" class=\"attachment-full size-full wp-image-85132\" alt=\"\" srcset=\"https:\/\/ccastermas.valordeley.es\/wp-content\/uploads\/2024\/09\/Frame-177.png 683w, https:\/\/ccastermas.valordeley.es\/wp-content\/uploads\/2024\/09\/Frame-177-300x134.png 300w, https:\/\/ccastermas.valordeley.es\/wp-content\/uploads\/2024\/09\/Frame-177-200x90.png 200w\" sizes=\"(max-width: 683px) 100vw, 683px\" \/>\t\t\t\t\t\t\t\t\t\t\t\t\t\t\t<\/div>\n\t\t\t\t<\/div>\n\t\t\t\t\t<\/div>\n\t\t<\/div>\n\t\t\t\t\t<\/div>\n\t\t<\/section>\n\t\t\t\t<section class=\"elementor-section elementor-top-section elementor-element elementor-element-f6c4a5e elementor-section-content-middle elementor-section-boxed elementor-section-height-default elementor-section-height-default\" data-id=\"f6c4a5e\" data-element_type=\"section\" data-settings=\"{&quot;background_background&quot;:&quot;classic&quot;}\">\n\t\t\t\t\t\t<div class=\"elementor-container elementor-column-gap-default\">\n\t\t\t\t\t<div class=\" elementor-column elementor-col-50 elementor-top-column elementor-element elementor-element-a16cfe7 order-2 elementor-invisible\" data-fullscreen-column-settings=\"{&quot;fullscreen&quot;:&quot;&quot;}\" data-id=\"a16cfe7\" data-element_type=\"column\" data-settings=\"{&quot;animation&quot;:&quot;fadeIn&quot;,&quot;animation_delay&quot;:200}\">\n\t\t\t<div class=\"elementor-widget-wrap elementor-element-populated\">\n\t\t\t\t\t\t<div class=\"elementor-element elementor-element-ec51d97 elementor-widget elementor-widget-image\" data-id=\"ec51d97\" data-element_type=\"widget\" data-widget_type=\"image.default\">\n\t\t\t\t<div class=\"elementor-widget-container\">\n\t\t\t\t\t\t\t\t\t\t\t\t\t\t\t<img decoding=\"async\" width=\"334\" height=\"382\" src=\"https:\/\/ccastermas.valordeley.es\/wp-content\/uploads\/2024\/09\/Frame-181.png\" class=\"attachment-full size-full wp-image-85133\" alt=\"\" srcset=\"https:\/\/ccastermas.valordeley.es\/wp-content\/uploads\/2024\/09\/Frame-181.png 334w, https:\/\/ccastermas.valordeley.es\/wp-content\/uploads\/2024\/09\/Frame-181-262x300.png 262w, https:\/\/ccastermas.valordeley.es\/wp-content\/uploads\/2024\/09\/Frame-181-200x229.png 200w\" sizes=\"(max-width: 334px) 100vw, 334px\" \/>\t\t\t\t\t\t\t\t\t\t\t\t\t\t\t<\/div>\n\t\t\t\t<\/div>\n\t\t\t\t\t<\/div>\n\t\t<\/div>\n\t\t\t\t<div class=\" elementor-column elementor-col-50 elementor-top-column elementor-element elementor-element-65cd7a5 order-1\" data-fullscreen-column-settings=\"{&quot;fullscreen&quot;:&quot;&quot;}\" data-id=\"65cd7a5\" data-element_type=\"column\">\n\t\t\t<div class=\"elementor-widget-wrap elementor-element-populated\">\n\t\t\t\t\t\t<div class=\"elementor-element elementor-element-0e7bf5d elementor-widget elementor-widget-text-editor\" data-id=\"0e7bf5d\" data-element_type=\"widget\" data-widget_type=\"text-editor.default\">\n\t\t\t\t<div class=\"elementor-widget-container\">\n\t\t\t\t\t\t\t\t\tTodo preparado para que os peludi\u00f1os <strong>o pasen en grande<\/strong>\t\t\t\t\t\t\t\t<\/div>\n\t\t\t\t<\/div>\n\t\t\t\t<div class=\"elementor-element elementor-element-e6866ad elementor-widget elementor-widget-text-editor\" data-id=\"e6866ad\" data-element_type=\"widget\" data-widget_type=\"text-editor.default\">\n\t\t\t\t<div class=\"elementor-widget-container\">\n\t\t\t\t\t\t\t\t\t<ul><li><strong>Fonte de auga<\/strong> no exterior.<\/li><li><strong>Acceso peonil<\/strong> principal.<\/li><li><strong>Pr\u00e9stamos de correas e boceiros<\/strong> no Punto de Informaci\u00f3n.<\/li><li><strong>Bolsas para recollida de feces, en caso de imprevisto,<\/strong> no Punto de Atenci\u00f3n ao Cliente.<\/li><\/ul>\t\t\t\t\t\t\t\t<\/div>\n\t\t\t\t<\/div>\n\t\t\t\t<div class=\"elementor-element elementor-element-4b2a741 elementor-widget__width-auto elementor-hidden-mobile elementor-widget elementor-widget-image\" data-id=\"4b2a741\" data-element_type=\"widget\" data-widget_type=\"image.default\">\n\t\t\t\t<div class=\"elementor-widget-container\">\n\t\t\t\t\t\t\t\t\t\t\t\t\t\t\t<img decoding=\"async\" width=\"61\" height=\"52\" src=\"https:\/\/ccastermas.valordeley.es\/wp-content\/uploads\/2024\/09\/Union.png\" class=\"attachment-large size-large wp-image-85134\" alt=\"\" \/>\t\t\t\t\t\t\t\t\t\t\t\t\t\t\t<\/div>\n\t\t\t\t<\/div>\n\t\t\t\t<div class=\"elementor-element elementor-element-78be2ad elementor-widget__width-initial mensaje-info elementor-widget elementor-widget-text-editor\" data-id=\"78be2ad\" data-element_type=\"widget\" data-widget_type=\"text-editor.default\">\n\t\t\t\t<div class=\"elementor-widget-container\">\n\t\t\t\t\t\t\t\t\t<p>En caso de necesidade e\/ou urxencia pode chamar ou enviar un WhatsApp ao tel\u00e9fono <span style=\"text-decoration: underline;\"><strong>982 219 752<\/strong><\/span><\/p>\t\t\t\t\t\t\t\t<\/div>\n\t\t\t\t<\/div>\n\t\t\t\t\t<\/div>\n\t\t<\/div>\n\t\t\t\t\t<\/div>\n\t\t<\/section>\n\t\t\t\t<\/div>\n\t\t","protected":false},"excerpt":{"rendered":"<p>V\u00e9n co teu mellor amigo, somos pet friendly \u00a1Pedir\u00e1delo e consegu\u00edmolo: Xa somos Pet Friendly! Agora podes vir ao centro coa t\u00faa mascota e gozar xuntos dunha experiencia \u00fanica. Para garantir unha boa convivencia entre todos, convid\u00e1moste a consultar as normas e descubrir que operadores est\u00e1n adheridos a esta iniciativa. Consulta as regras completas Consulta [&hellip;]<\/p>\n","protected":false},"author":6,"featured_media":0,"parent":0,"menu_order":233,"comment_status":"closed","ping_status":"closed","template":"","meta":{"footnotes":""},"class_list":["post-85131","page","type-page","status-publish","hentry"],"yoast_head":"<!-- This site is optimized with the Yoast SEO plugin v25.4 - https:\/\/yoast.com\/wordpress\/plugins\/seo\/ -->\n<title>Pet Friendly | Centro Comercial As Termas<\/title>\n<meta name=\"description\" content=\"V\u00e9n co teu mellor amigo, somos pet friendly \u00a1Pedir\u00e1delo e consegu\u00edmolo: Xa somos Pet Friendly! Agora podes vir ao centro coa t\u00faa mascota e gozar xuntos\" \/>\n<meta name=\"robots\" content=\"noindex, follow, max-snippet:-1, max-image-preview:large, max-video-preview:-1\" \/>\n<meta property=\"og:locale\" content=\"gl_ES\" \/>\n<meta property=\"og:type\" content=\"article\" \/>\n<meta property=\"og:title\" content=\"Pet Friendly | Centro Comercial As Termas\" \/>\n<meta property=\"og:description\" content=\"V\u00e9n co teu mellor amigo, somos pet friendly \u00a1Pedir\u00e1delo e consegu\u00edmolo: Xa somos Pet Friendly! Agora podes vir ao centro coa t\u00faa mascota e gozar xuntos\" \/>\n<meta property=\"og:url\" content=\"https:\/\/ccastermas.valordeley.es\/gl\/pet-friendly\/\" \/>\n<meta property=\"og:site_name\" content=\"Centro Comercial As Termas\" \/>\n<meta property=\"article:modified_time\" content=\"2025-08-26T09:19:35+00:00\" \/>\n<meta property=\"og:image\" content=\"https:\/\/ccastermas.valordeley.es\/wp-content\/uploads\/2024\/09\/Frame-177.png\" \/>\n\t<meta property=\"og:image:width\" content=\"683\" \/>\n\t<meta property=\"og:image:height\" content=\"306\" \/>\n\t<meta property=\"og:image:type\" content=\"image\/png\" \/>\n<meta name=\"twitter:card\" content=\"summary_large_image\" \/>\n<meta name=\"twitter:label1\" content=\"Tempo de lectura\" \/>\n\t<meta name=\"twitter:data1\" content=\"2 minutos\" \/>\n<script type=\"application\/ld+json\" class=\"yoast-schema-graph\">{\"@context\":\"https:\/\/schema.org\",\"@graph\":[{\"@type\":\"WebPage\",\"@id\":\"https:\/\/ccastermas.valordeley.es\/gl\/pet-friendly\/\",\"url\":\"https:\/\/ccastermas.valordeley.es\/gl\/pet-friendly\/\",\"name\":\"Pet Friendly | Centro Comercial As Termas\",\"isPartOf\":{\"@id\":\"https:\/\/ccastermas.valordeley.es\/gl\/#website\"},\"primaryImageOfPage\":{\"@id\":\"https:\/\/ccastermas.valordeley.es\/gl\/pet-friendly\/#primaryimage\"},\"image\":{\"@id\":\"https:\/\/ccastermas.valordeley.es\/gl\/pet-friendly\/#primaryimage\"},\"thumbnailUrl\":\"https:\/\/ccastermas.valordeley.es\/wp-content\/uploads\/2024\/09\/Frame-177.png\",\"datePublished\":\"2025-08-26T09:14:41+00:00\",\"dateModified\":\"2025-08-26T09:19:35+00:00\",\"description\":\"V\u00e9n co teu mellor amigo, somos pet friendly \u00a1Pedir\u00e1delo e consegu\u00edmolo: Xa somos Pet Friendly! Agora podes vir ao centro coa t\u00faa mascota e gozar xuntos\",\"breadcrumb\":{\"@id\":\"https:\/\/ccastermas.valordeley.es\/gl\/pet-friendly\/#breadcrumb\"},\"inLanguage\":\"gl-ES\",\"potentialAction\":[{\"@type\":\"ReadAction\",\"target\":[\"https:\/\/ccastermas.valordeley.es\/gl\/pet-friendly\/\"]}]},{\"@type\":\"ImageObject\",\"inLanguage\":\"gl-ES\",\"@id\":\"https:\/\/ccastermas.valordeley.es\/gl\/pet-friendly\/#primaryimage\",\"url\":\"https:\/\/ccastermas.valordeley.es\/wp-content\/uploads\/2024\/09\/Frame-177.png\",\"contentUrl\":\"https:\/\/ccastermas.valordeley.es\/wp-content\/uploads\/2024\/09\/Frame-177.png\"},{\"@type\":\"BreadcrumbList\",\"@id\":\"https:\/\/ccastermas.valordeley.es\/gl\/pet-friendly\/#breadcrumb\",\"itemListElement\":[{\"@type\":\"ListItem\",\"position\":1,\"name\":\"Portada\",\"item\":\"https:\/\/ccastermas.valordeley.es\/gl\/\"},{\"@type\":\"ListItem\",\"position\":2,\"name\":\"Pet Friendly\"}]},{\"@type\":\"WebSite\",\"@id\":\"https:\/\/ccastermas.valordeley.es\/gl\/#website\",\"url\":\"https:\/\/ccastermas.valordeley.es\/gl\/\",\"name\":\"Centro Comercial As Termas\",\"description\":\"Centro Comercial As Termas: Tu Centro Comercial en Lugo\",\"publisher\":{\"@id\":\"https:\/\/ccastermas.valordeley.es\/gl\/#organization\"},\"potentialAction\":[{\"@type\":\"SearchAction\",\"target\":{\"@type\":\"EntryPoint\",\"urlTemplate\":\"https:\/\/ccastermas.valordeley.es\/gl\/?s={search_term_string}\"},\"query-input\":{\"@type\":\"PropertyValueSpecification\",\"valueRequired\":true,\"valueName\":\"search_term_string\"}}],\"inLanguage\":\"gl-ES\"},{\"@type\":\"Organization\",\"@id\":\"https:\/\/ccastermas.valordeley.es\/gl\/#organization\",\"name\":\"As Termas\",\"alternateName\":\"Centro Comercial As Termas\",\"url\":\"https:\/\/ccastermas.valordeley.es\/gl\/\",\"logo\":{\"@type\":\"ImageObject\",\"inLanguage\":\"gl-ES\",\"@id\":\"https:\/\/ccastermas.valordeley.es\/gl\/#\/schema\/logo\/image\/\",\"url\":\"https:\/\/ccastermas.valordeley.es\/wp-content\/uploads\/2024\/10\/cropped-favicon-portal-de-la-marina.jpg\",\"contentUrl\":\"https:\/\/ccastermas.valordeley.es\/wp-content\/uploads\/2024\/10\/cropped-favicon-portal-de-la-marina.jpg\",\"width\":512,\"height\":512,\"caption\":\"As Termas\"},\"image\":{\"@id\":\"https:\/\/ccastermas.valordeley.es\/gl\/#\/schema\/logo\/image\/\"}}]}<\/script>\n<!-- \/ Yoast SEO plugin. -->","yoast_head_json":{"title":"Pet Friendly | Centro Comercial As Termas","description":"V\u00e9n co teu mellor amigo, somos pet friendly \u00a1Pedir\u00e1delo e consegu\u00edmolo: Xa somos Pet Friendly! Agora podes vir ao centro coa t\u00faa mascota e gozar xuntos","robots":{"index":"noindex","follow":"follow","max-snippet":"max-snippet:-1","max-image-preview":"max-image-preview:large","max-video-preview":"max-video-preview:-1"},"og_locale":"gl_ES","og_type":"article","og_title":"Pet Friendly | Centro Comercial As Termas","og_description":"V\u00e9n co teu mellor amigo, somos pet friendly \u00a1Pedir\u00e1delo e consegu\u00edmolo: Xa somos Pet Friendly! Agora podes vir ao centro coa t\u00faa mascota e gozar xuntos","og_url":"https:\/\/ccastermas.valordeley.es\/gl\/pet-friendly\/","og_site_name":"Centro Comercial As Termas","article_modified_time":"2025-08-26T09:19:35+00:00","og_image":[{"width":683,"height":306,"url":"https:\/\/ccastermas.valordeley.es\/wp-content\/uploads\/2024\/09\/Frame-177.png","type":"image\/png"}],"twitter_card":"summary_large_image","twitter_misc":{"Tempo de lectura":"2 minutos"},"schema":{"@context":"https:\/\/schema.org","@graph":[{"@type":"WebPage","@id":"https:\/\/ccastermas.valordeley.es\/gl\/pet-friendly\/","url":"https:\/\/ccastermas.valordeley.es\/gl\/pet-friendly\/","name":"Pet Friendly | Centro Comercial As Termas","isPartOf":{"@id":"https:\/\/ccastermas.valordeley.es\/gl\/#website"},"primaryImageOfPage":{"@id":"https:\/\/ccastermas.valordeley.es\/gl\/pet-friendly\/#primaryimage"},"image":{"@id":"https:\/\/ccastermas.valordeley.es\/gl\/pet-friendly\/#primaryimage"},"thumbnailUrl":"https:\/\/ccastermas.valordeley.es\/wp-content\/uploads\/2024\/09\/Frame-177.png","datePublished":"2025-08-26T09:14:41+00:00","dateModified":"2025-08-26T09:19:35+00:00","description":"V\u00e9n co teu mellor amigo, somos pet friendly \u00a1Pedir\u00e1delo e consegu\u00edmolo: Xa somos Pet Friendly! Agora podes vir ao centro coa t\u00faa mascota e gozar xuntos","breadcrumb":{"@id":"https:\/\/ccastermas.valordeley.es\/gl\/pet-friendly\/#breadcrumb"},"inLanguage":"gl-ES","potentialAction":[{"@type":"ReadAction","target":["https:\/\/ccastermas.valordeley.es\/gl\/pet-friendly\/"]}]},{"@type":"ImageObject","inLanguage":"gl-ES","@id":"https:\/\/ccastermas.valordeley.es\/gl\/pet-friendly\/#primaryimage","url":"https:\/\/ccastermas.valordeley.es\/wp-content\/uploads\/2024\/09\/Frame-177.png","contentUrl":"https:\/\/ccastermas.valordeley.es\/wp-content\/uploads\/2024\/09\/Frame-177.png"},{"@type":"BreadcrumbList","@id":"https:\/\/ccastermas.valordeley.es\/gl\/pet-friendly\/#breadcrumb","itemListElement":[{"@type":"ListItem","position":1,"name":"Portada","item":"https:\/\/ccastermas.valordeley.es\/gl\/"},{"@type":"ListItem","position":2,"name":"Pet Friendly"}]},{"@type":"WebSite","@id":"https:\/\/ccastermas.valordeley.es\/gl\/#website","url":"https:\/\/ccastermas.valordeley.es\/gl\/","name":"Centro Comercial As Termas","description":"Centro Comercial As Termas: Tu Centro Comercial en Lugo","publisher":{"@id":"https:\/\/ccastermas.valordeley.es\/gl\/#organization"},"potentialAction":[{"@type":"SearchAction","target":{"@type":"EntryPoint","urlTemplate":"https:\/\/ccastermas.valordeley.es\/gl\/?s={search_term_string}"},"query-input":{"@type":"PropertyValueSpecification","valueRequired":true,"valueName":"search_term_string"}}],"inLanguage":"gl-ES"},{"@type":"Organization","@id":"https:\/\/ccastermas.valordeley.es\/gl\/#organization","name":"As Termas","alternateName":"Centro Comercial As Termas","url":"https:\/\/ccastermas.valordeley.es\/gl\/","logo":{"@type":"ImageObject","inLanguage":"gl-ES","@id":"https:\/\/ccastermas.valordeley.es\/gl\/#\/schema\/logo\/image\/","url":"https:\/\/ccastermas.valordeley.es\/wp-content\/uploads\/2024\/10\/cropped-favicon-portal-de-la-marina.jpg","contentUrl":"https:\/\/ccastermas.valordeley.es\/wp-content\/uploads\/2024\/10\/cropped-favicon-portal-de-la-marina.jpg","width":512,"height":512,"caption":"As Termas"},"image":{"@id":"https:\/\/ccastermas.valordeley.es\/gl\/#\/schema\/logo\/image\/"}}]}},"publishpress_future_action":{"enabled":false,"date":"2026-04-22 20:20:48","action":"change-status","newStatus":"draft","terms":[],"taxonomy":"translation_priority"},"publishpress_future_workflow_manual_trigger":{"enabledWorkflows":[]},"_links":{"self":[{"href":"https:\/\/ccastermas.valordeley.es\/gl\/wp-json\/wp\/v2\/pages\/85131","targetHints":{"allow":["GET"]}}],"collection":[{"href":"https:\/\/ccastermas.valordeley.es\/gl\/wp-json\/wp\/v2\/pages"}],"about":[{"href":"https:\/\/ccastermas.valordeley.es\/gl\/wp-json\/wp\/v2\/types\/page"}],"author":[{"embeddable":true,"href":"https:\/\/ccastermas.valordeley.es\/gl\/wp-json\/wp\/v2\/users\/6"}],"replies":[{"embeddable":true,"href":"https:\/\/ccastermas.valordeley.es\/gl\/wp-json\/wp\/v2\/comments?post=85131"}],"version-history":[{"count":4,"href":"https:\/\/ccastermas.valordeley.es\/gl\/wp-json\/wp\/v2\/pages\/85131\/revisions"}],"predecessor-version":[{"id":85142,"href":"https:\/\/ccastermas.valordeley.es\/gl\/wp-json\/wp\/v2\/pages\/85131\/revisions\/85142"}],"wp:attachment":[{"href":"https:\/\/ccastermas.valordeley.es\/gl\/wp-json\/wp\/v2\/media?parent=85131"}],"curies":[{"name":"wp","href":"https:\/\/api.w.org\/{rel}","templated":true}]}}